{"id":7729,"date":"2021-03-10T13:09:07","date_gmt":"2021-03-10T13:09:07","guid":{"rendered":"https:\/\/camvaceng.com\/actualites-et-medias\/events-webinars\/"},"modified":"2023-01-30T16:23:14","modified_gmt":"2023-01-30T16:23:14","slug":"evenements-et-webinaires","status":"publish","type":"page","link":"https:\/\/camvaceng.com\/fr\/actualites-et-medias\/evenements-et-webinaires\/","title":{"rendered":"\u00c9v\u00e9nements et Webinaires"},"content":{"rendered":"<p>Nous participons \u00e0 des \u00e9v\u00e9nements du secteur du soudage et de l\u2019assemblage dans le monde entier. Suivez le lien ci-dessous pour d\u00e9couvrir les \u00e9v\u00e9nements dans le cadre desquels nos \u00e9quipes seront pr\u00e9sentes cette ann\u00e9e. Pourquoi ne pas venir les rencontrer\u00a0?<\/p>\n","protected":false},"excerpt":{"rendered":"<p>Nous participons \u00e0 des \u00e9v\u00e9nements du secteur du soudage et de l\u2019assemblage dans le monde entier. Suivez le lien ci-dessous pour d\u00e9couvrir les \u00e9v\u00e9nements dans le cadre desquels nos \u00e9quipes seront pr\u00e9sentes cette ann\u00e9e. Pourquoi ne pas venir les rencontrer\u00a0?<\/p>\n","protected":false},"author":2,"featured_media":5167,"parent":7715,"menu_order":0,"comment_status":"closed","ping_status":"closed","template":"template-events.php","meta":{"_acf_changed":false,"footnotes":""},"class_list":["post-7729","page","type-page","status-publish","has-post-thumbnail","hentry"],"acf":[],"yoast_head":"<!-- This site is optimized with the Yoast SEO plugin v27.4 - https:\/\/yoast.com\/product\/yoast-seo-wordpress\/ -->\n<title>\u00c9v\u00e9nements et Webinaires - Cambridge Vacuum Engineering<\/title>\n<meta name=\"description\" content=\"Nous participons \u00e0 des \u00e9v\u00e9nements du secteur du soudage et de l\u2019assemblage dans le monde entier.\" \/>\n<meta name=\"robots\" content=\"index, follow, max-snippet:-1, max-image-preview:large, max-video-preview:-1\" \/>\n<link rel=\"canonical\" href=\"https:\/\/camvaceng.com\/fr\/actualites-et-medias\/evenements-et-webinaires\/\" \/>\n<meta property=\"og:locale\" content=\"fr_FR\" \/>\n<meta property=\"og:type\" content=\"article\" \/>\n<meta property=\"og:title\" content=\"\u00c9v\u00e9nements et Webinaires - Cambridge Vacuum Engineering\" \/>\n<meta property=\"og:description\" content=\"Nous participons \u00e0 des \u00e9v\u00e9nements du secteur du soudage et de l\u2019assemblage dans le monde entier.\" \/>\n<meta property=\"og:url\" content=\"https:\/\/camvaceng.com\/fr\/actualites-et-medias\/evenements-et-webinaires\/\" \/>\n<meta property=\"og:site_name\" content=\"Cambridge Vacuum Engineering\" \/>\n<meta property=\"article:modified_time\" content=\"2023-01-30T16:23:14+00:00\" \/>\n<meta property=\"og:image\" content=\"https:\/\/camvaceng.com\/wp-content\/uploads\/2021\/03\/News-and-Media-Events-scaled.jpeg\" \/>\n\t<meta property=\"og:image:width\" content=\"2560\" \/>\n\t<meta property=\"og:image:height\" content=\"1707\" \/>\n\t<meta property=\"og:image:type\" content=\"image\/jpeg\" \/>\n<meta name=\"twitter:card\" content=\"summary_large_image\" \/>\n<meta name=\"twitter:site\" content=\"@CamVacEng\" \/>\n<meta name=\"twitter:label1\" content=\"Dur\u00e9e de lecture estim\u00e9e\" \/>\n\t<meta name=\"twitter:data1\" content=\"1 minute\" \/>\n<script type=\"application\/ld+json\" class=\"yoast-schema-graph\">{\"@context\":\"https:\\\/\\\/schema.org\",\"@graph\":[{\"@type\":\"WebPage\",\"@id\":\"https:\\\/\\\/camvaceng.com\\\/fr\\\/actualites-et-medias\\\/evenements-et-webinaires\\\/\",\"url\":\"https:\\\/\\\/camvaceng.com\\\/fr\\\/actualites-et-medias\\\/evenements-et-webinaires\\\/\",\"name\":\"\u00c9v\u00e9nements et Webinaires - Cambridge Vacuum Engineering\",\"isPartOf\":{\"@id\":\"https:\\\/\\\/camvaceng.com\\\/fr\\\/#website\"},\"primaryImageOfPage\":{\"@id\":\"https:\\\/\\\/camvaceng.com\\\/fr\\\/actualites-et-medias\\\/evenements-et-webinaires\\\/#primaryimage\"},\"image\":{\"@id\":\"https:\\\/\\\/camvaceng.com\\\/fr\\\/actualites-et-medias\\\/evenements-et-webinaires\\\/#primaryimage\"},\"thumbnailUrl\":\"https:\\\/\\\/camvaceng.com\\\/wp-content\\\/uploads\\\/2021\\\/03\\\/News-and-Media-Events-scaled.jpeg\",\"datePublished\":\"2021-03-10T13:09:07+00:00\",\"dateModified\":\"2023-01-30T16:23:14+00:00\",\"description\":\"Nous participons \u00e0 des \u00e9v\u00e9nements du secteur du soudage et de l\u2019assemblage dans le monde entier.\",\"breadcrumb\":{\"@id\":\"https:\\\/\\\/camvaceng.com\\\/fr\\\/actualites-et-medias\\\/evenements-et-webinaires\\\/#breadcrumb\"},\"inLanguage\":\"fr-FR\",\"potentialAction\":[{\"@type\":\"ReadAction\",\"target\":[\"https:\\\/\\\/camvaceng.com\\\/fr\\\/actualites-et-medias\\\/evenements-et-webinaires\\\/\"]}]},{\"@type\":\"ImageObject\",\"inLanguage\":\"fr-FR\",\"@id\":\"https:\\\/\\\/camvaceng.com\\\/fr\\\/actualites-et-medias\\\/evenements-et-webinaires\\\/#primaryimage\",\"url\":\"https:\\\/\\\/camvaceng.com\\\/wp-content\\\/uploads\\\/2021\\\/03\\\/News-and-Media-Events-scaled.jpeg\",\"contentUrl\":\"https:\\\/\\\/camvaceng.com\\\/wp-content\\\/uploads\\\/2021\\\/03\\\/News-and-Media-Events-scaled.jpeg\",\"width\":2560,\"height\":1707},{\"@type\":\"BreadcrumbList\",\"@id\":\"https:\\\/\\\/camvaceng.com\\\/fr\\\/actualites-et-medias\\\/evenements-et-webinaires\\\/#breadcrumb\",\"itemListElement\":[{\"@type\":\"ListItem\",\"position\":1,\"name\":\"Home\",\"item\":\"https:\\\/\\\/camvaceng.com\\\/fr\\\/\"},{\"@type\":\"ListItem\",\"position\":2,\"name\":\"Actualit\u00e9s et M\u00e9dias\",\"item\":\"https:\\\/\\\/camvaceng.com\\\/fr\\\/actualites-et-medias\\\/\"},{\"@type\":\"ListItem\",\"position\":3,\"name\":\"\u00c9v\u00e9nements et Webinaires\"}]},{\"@type\":\"WebSite\",\"@id\":\"https:\\\/\\\/camvaceng.com\\\/fr\\\/#website\",\"url\":\"https:\\\/\\\/camvaceng.com\\\/fr\\\/\",\"name\":\"Cambridge Vacuum Engineering\",\"description\":\"\",\"publisher\":{\"@id\":\"https:\\\/\\\/camvaceng.com\\\/fr\\\/#organization\"},\"potentialAction\":[{\"@type\":\"SearchAction\",\"target\":{\"@type\":\"EntryPoint\",\"urlTemplate\":\"https:\\\/\\\/camvaceng.com\\\/fr\\\/?s={search_term_string}\"},\"query-input\":{\"@type\":\"PropertyValueSpecification\",\"valueRequired\":true,\"valueName\":\"search_term_string\"}}],\"inLanguage\":\"fr-FR\"},{\"@type\":\"Organization\",\"@id\":\"https:\\\/\\\/camvaceng.com\\\/fr\\\/#organization\",\"name\":\"Cambridge Vacuum Engineering\",\"url\":\"https:\\\/\\\/camvaceng.com\\\/fr\\\/\",\"logo\":{\"@type\":\"ImageObject\",\"inLanguage\":\"fr-FR\",\"@id\":\"https:\\\/\\\/camvaceng.com\\\/fr\\\/#\\\/schema\\\/logo\\\/image\\\/\",\"url\":\"https:\\\/\\\/camvaceng.com\\\/wp-content\\\/uploads\\\/2021\\\/04\\\/CamVacEngRGB.jpg\",\"contentUrl\":\"https:\\\/\\\/camvaceng.com\\\/wp-content\\\/uploads\\\/2021\\\/04\\\/CamVacEngRGB.jpg\",\"width\":1510,\"height\":807,\"caption\":\"Cambridge Vacuum Engineering\"},\"image\":{\"@id\":\"https:\\\/\\\/camvaceng.com\\\/fr\\\/#\\\/schema\\\/logo\\\/image\\\/\"},\"sameAs\":[\"https:\\\/\\\/x.com\\\/CamVacEng\",\"https:\\\/\\\/www.linkedin.com\\\/company\\\/20028971\\\/\",\"https:\\\/\\\/www.youtube.com\\\/channel\\\/UCEKBjBKlxxfhIHoR22SD0Uw\"]}]}<\/script>\n<!-- \/ Yoast SEO plugin. -->","yoast_head_json":{"title":"\u00c9v\u00e9nements et Webinaires - Cambridge Vacuum Engineering","description":"Nous participons \u00e0 des \u00e9v\u00e9nements du secteur du soudage et de l\u2019assemblage dans le monde entier.","robots":{"index":"index","follow":"follow","max-snippet":"max-snippet:-1","max-image-preview":"max-image-preview:large","max-video-preview":"max-video-preview:-1"},"canonical":"https:\/\/camvaceng.com\/fr\/actualites-et-medias\/evenements-et-webinaires\/","og_locale":"fr_FR","og_type":"article","og_title":"\u00c9v\u00e9nements et Webinaires - Cambridge Vacuum Engineering","og_description":"Nous participons \u00e0 des \u00e9v\u00e9nements du secteur du soudage et de l\u2019assemblage dans le monde entier.","og_url":"https:\/\/camvaceng.com\/fr\/actualites-et-medias\/evenements-et-webinaires\/","og_site_name":"Cambridge Vacuum Engineering","article_modified_time":"2023-01-30T16:23:14+00:00","og_image":[{"width":2560,"height":1707,"url":"https:\/\/camvaceng.com\/wp-content\/uploads\/2021\/03\/News-and-Media-Events-scaled.jpeg","type":"image\/jpeg"}],"twitter_card":"summary_large_image","twitter_site":"@CamVacEng","twitter_misc":{"Dur\u00e9e de lecture estim\u00e9e":"1 minute"},"schema":{"@context":"https:\/\/schema.org","@graph":[{"@type":"WebPage","@id":"https:\/\/camvaceng.com\/fr\/actualites-et-medias\/evenements-et-webinaires\/","url":"https:\/\/camvaceng.com\/fr\/actualites-et-medias\/evenements-et-webinaires\/","name":"\u00c9v\u00e9nements et Webinaires - Cambridge Vacuum Engineering","isPartOf":{"@id":"https:\/\/camvaceng.com\/fr\/#website"},"primaryImageOfPage":{"@id":"https:\/\/camvaceng.com\/fr\/actualites-et-medias\/evenements-et-webinaires\/#primaryimage"},"image":{"@id":"https:\/\/camvaceng.com\/fr\/actualites-et-medias\/evenements-et-webinaires\/#primaryimage"},"thumbnailUrl":"https:\/\/camvaceng.com\/wp-content\/uploads\/2021\/03\/News-and-Media-Events-scaled.jpeg","datePublished":"2021-03-10T13:09:07+00:00","dateModified":"2023-01-30T16:23:14+00:00","description":"Nous participons \u00e0 des \u00e9v\u00e9nements du secteur du soudage et de l\u2019assemblage dans le monde entier.","breadcrumb":{"@id":"https:\/\/camvaceng.com\/fr\/actualites-et-medias\/evenements-et-webinaires\/#breadcrumb"},"inLanguage":"fr-FR","potentialAction":[{"@type":"ReadAction","target":["https:\/\/camvaceng.com\/fr\/actualites-et-medias\/evenements-et-webinaires\/"]}]},{"@type":"ImageObject","inLanguage":"fr-FR","@id":"https:\/\/camvaceng.com\/fr\/actualites-et-medias\/evenements-et-webinaires\/#primaryimage","url":"https:\/\/camvaceng.com\/wp-content\/uploads\/2021\/03\/News-and-Media-Events-scaled.jpeg","contentUrl":"https:\/\/camvaceng.com\/wp-content\/uploads\/2021\/03\/News-and-Media-Events-scaled.jpeg","width":2560,"height":1707},{"@type":"BreadcrumbList","@id":"https:\/\/camvaceng.com\/fr\/actualites-et-medias\/evenements-et-webinaires\/#breadcrumb","itemListElement":[{"@type":"ListItem","position":1,"name":"Home","item":"https:\/\/camvaceng.com\/fr\/"},{"@type":"ListItem","position":2,"name":"Actualit\u00e9s et M\u00e9dias","item":"https:\/\/camvaceng.com\/fr\/actualites-et-medias\/"},{"@type":"ListItem","position":3,"name":"\u00c9v\u00e9nements et Webinaires"}]},{"@type":"WebSite","@id":"https:\/\/camvaceng.com\/fr\/#website","url":"https:\/\/camvaceng.com\/fr\/","name":"Cambridge Vacuum Engineering","description":"","publisher":{"@id":"https:\/\/camvaceng.com\/fr\/#organization"},"potentialAction":[{"@type":"SearchAction","target":{"@type":"EntryPoint","urlTemplate":"https:\/\/camvaceng.com\/fr\/?s={search_term_string}"},"query-input":{"@type":"PropertyValueSpecification","valueRequired":true,"valueName":"search_term_string"}}],"inLanguage":"fr-FR"},{"@type":"Organization","@id":"https:\/\/camvaceng.com\/fr\/#organization","name":"Cambridge Vacuum Engineering","url":"https:\/\/camvaceng.com\/fr\/","logo":{"@type":"ImageObject","inLanguage":"fr-FR","@id":"https:\/\/camvaceng.com\/fr\/#\/schema\/logo\/image\/","url":"https:\/\/camvaceng.com\/wp-content\/uploads\/2021\/04\/CamVacEngRGB.jpg","contentUrl":"https:\/\/camvaceng.com\/wp-content\/uploads\/2021\/04\/CamVacEngRGB.jpg","width":1510,"height":807,"caption":"Cambridge Vacuum Engineering"},"image":{"@id":"https:\/\/camvaceng.com\/fr\/#\/schema\/logo\/image\/"},"sameAs":["https:\/\/x.com\/CamVacEng","https:\/\/www.linkedin.com\/company\/20028971\/","https:\/\/www.youtube.com\/channel\/UCEKBjBKlxxfhIHoR22SD0Uw"]}]}},"_links":{"self":[{"href":"https:\/\/camvaceng.com\/fr\/wp-json\/wp\/v2\/pages\/7729","targetHints":{"allow":["GET"]}}],"collection":[{"href":"https:\/\/camvaceng.com\/fr\/wp-json\/wp\/v2\/pages"}],"about":[{"href":"https:\/\/camvaceng.com\/fr\/wp-json\/wp\/v2\/types\/page"}],"author":[{"embeddable":true,"href":"https:\/\/camvaceng.com\/fr\/wp-json\/wp\/v2\/users\/2"}],"replies":[{"embeddable":true,"href":"https:\/\/camvaceng.com\/fr\/wp-json\/wp\/v2\/comments?post=7729"}],"version-history":[{"count":1,"href":"https:\/\/camvaceng.com\/fr\/wp-json\/wp\/v2\/pages\/7729\/revisions"}],"predecessor-version":[{"id":7730,"href":"https:\/\/camvaceng.com\/fr\/wp-json\/wp\/v2\/pages\/7729\/revisions\/7730"}],"up":[{"embeddable":true,"href":"https:\/\/camvaceng.com\/fr\/wp-json\/wp\/v2\/pages\/7715"}],"wp:featuredmedia":[{"embeddable":true,"href":"https:\/\/camvaceng.com\/fr\/wp-json\/wp\/v2\/media\/5167"}],"wp:attachment":[{"href":"https:\/\/camvaceng.com\/fr\/wp-json\/wp\/v2\/media?parent=7729"}],"curies":[{"name":"wp","href":"https:\/\/api.w.org\/{rel}","templated":true}]}}