{"id":7715,"date":"2021-02-19T13:15:11","date_gmt":"2021-02-19T13:15:11","guid":{"rendered":"https:\/\/camvaceng.com\/news-and-media\/"},"modified":"2023-01-30T16:19:38","modified_gmt":"2023-01-30T16:19:38","slug":"actualites-et-medias","status":"publish","type":"page","link":"https:\/\/camvaceng.com\/fr\/actualites-et-medias\/","title":{"rendered":"Actualit\u00e9s et M\u00e9dias"},"content":{"rendered":"<p>Vous trouverez sur cette page toutes nos \u00e9tudes de cas, nos \u00e9v\u00e9nements, nos fiches techniques, nos communiqu\u00e9s de presse et nos questions fr\u00e9quemment pos\u00e9es (FAQ).<\/p>\n<p>Pourquoi ne pas vous abonner \u00e0 notre newsletter pour vous tenir au courant de notre actualit\u00e9\u00a0?<\/p>\n","protected":false},"excerpt":{"rendered":"<p>Vous trouverez sur cette page toutes nos \u00e9tudes de cas, nos \u00e9v\u00e9nements, nos fiches techniques, nos communiqu\u00e9s de presse et nos questions fr\u00e9quemment pos\u00e9es (FAQ). Pourquoi ne pas vous abonner \u00e0 notre newsletter pour vous tenir au courant de notre actualit\u00e9\u00a0?<\/p>\n","protected":false},"author":2,"featured_media":5461,"parent":0,"menu_order":0,"comment_status":"closed","ping_status":"closed","template":"template-media.php","meta":{"_acf_changed":false,"footnotes":""},"class_list":["post-7715","page","type-page","status-publish","has-post-thumbnail","hentry"],"acf":[],"yoast_head":"<!-- This site is optimized with the Yoast SEO plugin v27.3 - https:\/\/yoast.com\/product\/yoast-seo-wordpress\/ -->\n<title>Actualit\u00e9s et M\u00e9dias - Cambridge Vacuum Engineering<\/title>\n<meta name=\"description\" content=\"Vous trouverez sur cette page toutes nos \u00e9tudes de cas, nos \u00e9v\u00e9nements, nos fiches techniques, nos communiqu\u00e9s de presse et nos questions fr\u00e9quemment pos\u00e9es (FAQ).\" \/>\n<meta name=\"robots\" content=\"index, follow, max-snippet:-1, max-image-preview:large, max-video-preview:-1\" \/>\n<link rel=\"canonical\" href=\"https:\/\/camvaceng.com\/fr\/actualites-et-medias\/\" \/>\n<meta property=\"og:locale\" content=\"fr_FR\" \/>\n<meta property=\"og:type\" content=\"article\" \/>\n<meta property=\"og:title\" content=\"Actualit\u00e9s et M\u00e9dias - Cambridge Vacuum Engineering\" \/>\n<meta property=\"og:description\" content=\"Vous trouverez sur cette page toutes nos \u00e9tudes de cas, nos \u00e9v\u00e9nements, nos fiches techniques, nos communiqu\u00e9s de presse et nos questions fr\u00e9quemment pos\u00e9es (FAQ).\" \/>\n<meta property=\"og:url\" content=\"https:\/\/camvaceng.com\/fr\/actualites-et-medias\/\" \/>\n<meta property=\"og:site_name\" content=\"Cambridge Vacuum Engineering\" \/>\n<meta property=\"article:modified_time\" content=\"2023-01-30T16:19:38+00:00\" \/>\n<meta property=\"og:image\" content=\"https:\/\/camvaceng.com\/wp-content\/uploads\/2021\/11\/news-and-media-scaled.jpeg\" \/>\n\t<meta property=\"og:image:width\" content=\"2560\" \/>\n\t<meta property=\"og:image:height\" content=\"1709\" \/>\n\t<meta property=\"og:image:type\" content=\"image\/jpeg\" \/>\n<meta name=\"twitter:card\" content=\"summary_large_image\" \/>\n<meta name=\"twitter:site\" content=\"@CamVacEng\" \/>\n<meta name=\"twitter:label1\" content=\"Dur\u00e9e de lecture estim\u00e9e\" \/>\n\t<meta name=\"twitter:data1\" content=\"1 minute\" \/>\n<script type=\"application\/ld+json\" class=\"yoast-schema-graph\">{\"@context\":\"https:\\\/\\\/schema.org\",\"@graph\":[{\"@type\":\"WebPage\",\"@id\":\"https:\\\/\\\/camvaceng.com\\\/fr\\\/actualites-et-medias\\\/\",\"url\":\"https:\\\/\\\/camvaceng.com\\\/fr\\\/actualites-et-medias\\\/\",\"name\":\"Actualit\u00e9s et M\u00e9dias - Cambridge Vacuum Engineering\",\"isPartOf\":{\"@id\":\"https:\\\/\\\/camvaceng.com\\\/fr\\\/#website\"},\"primaryImageOfPage\":{\"@id\":\"https:\\\/\\\/camvaceng.com\\\/fr\\\/actualites-et-medias\\\/#primaryimage\"},\"image\":{\"@id\":\"https:\\\/\\\/camvaceng.com\\\/fr\\\/actualites-et-medias\\\/#primaryimage\"},\"thumbnailUrl\":\"https:\\\/\\\/camvaceng.com\\\/wp-content\\\/uploads\\\/2021\\\/11\\\/news-and-media-scaled.jpeg\",\"datePublished\":\"2021-02-19T13:15:11+00:00\",\"dateModified\":\"2023-01-30T16:19:38+00:00\",\"description\":\"Vous trouverez sur cette page toutes nos \u00e9tudes de cas, nos \u00e9v\u00e9nements, nos fiches techniques, nos communiqu\u00e9s de presse et nos questions fr\u00e9quemment pos\u00e9es (FAQ).\",\"breadcrumb\":{\"@id\":\"https:\\\/\\\/camvaceng.com\\\/fr\\\/actualites-et-medias\\\/#breadcrumb\"},\"inLanguage\":\"fr-FR\",\"potentialAction\":[{\"@type\":\"ReadAction\",\"target\":[\"https:\\\/\\\/camvaceng.com\\\/fr\\\/actualites-et-medias\\\/\"]}]},{\"@type\":\"ImageObject\",\"inLanguage\":\"fr-FR\",\"@id\":\"https:\\\/\\\/camvaceng.com\\\/fr\\\/actualites-et-medias\\\/#primaryimage\",\"url\":\"https:\\\/\\\/camvaceng.com\\\/wp-content\\\/uploads\\\/2021\\\/11\\\/news-and-media-scaled.jpeg\",\"contentUrl\":\"https:\\\/\\\/camvaceng.com\\\/wp-content\\\/uploads\\\/2021\\\/11\\\/news-and-media-scaled.jpeg\",\"width\":2560,\"height\":1709},{\"@type\":\"BreadcrumbList\",\"@id\":\"https:\\\/\\\/camvaceng.com\\\/fr\\\/actualites-et-medias\\\/#breadcrumb\",\"itemListElement\":[{\"@type\":\"ListItem\",\"position\":1,\"name\":\"Home\",\"item\":\"https:\\\/\\\/camvaceng.com\\\/fr\\\/\"},{\"@type\":\"ListItem\",\"position\":2,\"name\":\"Actualit\u00e9s et M\u00e9dias\"}]},{\"@type\":\"WebSite\",\"@id\":\"https:\\\/\\\/camvaceng.com\\\/fr\\\/#website\",\"url\":\"https:\\\/\\\/camvaceng.com\\\/fr\\\/\",\"name\":\"Cambridge Vacuum Engineering\",\"description\":\"\",\"publisher\":{\"@id\":\"https:\\\/\\\/camvaceng.com\\\/fr\\\/#organization\"},\"potentialAction\":[{\"@type\":\"SearchAction\",\"target\":{\"@type\":\"EntryPoint\",\"urlTemplate\":\"https:\\\/\\\/camvaceng.com\\\/fr\\\/?s={search_term_string}\"},\"query-input\":{\"@type\":\"PropertyValueSpecification\",\"valueRequired\":true,\"valueName\":\"search_term_string\"}}],\"inLanguage\":\"fr-FR\"},{\"@type\":\"Organization\",\"@id\":\"https:\\\/\\\/camvaceng.com\\\/fr\\\/#organization\",\"name\":\"Cambridge Vacuum Engineering\",\"url\":\"https:\\\/\\\/camvaceng.com\\\/fr\\\/\",\"logo\":{\"@type\":\"ImageObject\",\"inLanguage\":\"fr-FR\",\"@id\":\"https:\\\/\\\/camvaceng.com\\\/fr\\\/#\\\/schema\\\/logo\\\/image\\\/\",\"url\":\"https:\\\/\\\/camvaceng.com\\\/wp-content\\\/uploads\\\/2021\\\/04\\\/CamVacEngRGB.jpg\",\"contentUrl\":\"https:\\\/\\\/camvaceng.com\\\/wp-content\\\/uploads\\\/2021\\\/04\\\/CamVacEngRGB.jpg\",\"width\":1510,\"height\":807,\"caption\":\"Cambridge Vacuum Engineering\"},\"image\":{\"@id\":\"https:\\\/\\\/camvaceng.com\\\/fr\\\/#\\\/schema\\\/logo\\\/image\\\/\"},\"sameAs\":[\"https:\\\/\\\/x.com\\\/CamVacEng\",\"https:\\\/\\\/www.linkedin.com\\\/company\\\/20028971\\\/\",\"https:\\\/\\\/www.youtube.com\\\/channel\\\/UCEKBjBKlxxfhIHoR22SD0Uw\"]}]}<\/script>\n<!-- \/ Yoast SEO plugin. -->","yoast_head_json":{"title":"Actualit\u00e9s et M\u00e9dias - Cambridge Vacuum Engineering","description":"Vous trouverez sur cette page toutes nos \u00e9tudes de cas, nos \u00e9v\u00e9nements, nos fiches techniques, nos communiqu\u00e9s de presse et nos questions fr\u00e9quemment pos\u00e9es (FAQ).","robots":{"index":"index","follow":"follow","max-snippet":"max-snippet:-1","max-image-preview":"max-image-preview:large","max-video-preview":"max-video-preview:-1"},"canonical":"https:\/\/camvaceng.com\/fr\/actualites-et-medias\/","og_locale":"fr_FR","og_type":"article","og_title":"Actualit\u00e9s et M\u00e9dias - Cambridge Vacuum Engineering","og_description":"Vous trouverez sur cette page toutes nos \u00e9tudes de cas, nos \u00e9v\u00e9nements, nos fiches techniques, nos communiqu\u00e9s de presse et nos questions fr\u00e9quemment pos\u00e9es (FAQ).","og_url":"https:\/\/camvaceng.com\/fr\/actualites-et-medias\/","og_site_name":"Cambridge Vacuum Engineering","article_modified_time":"2023-01-30T16:19:38+00:00","og_image":[{"width":2560,"height":1709,"url":"https:\/\/camvaceng.com\/wp-content\/uploads\/2021\/11\/news-and-media-scaled.jpeg","type":"image\/jpeg"}],"twitter_card":"summary_large_image","twitter_site":"@CamVacEng","twitter_misc":{"Dur\u00e9e de lecture estim\u00e9e":"1 minute"},"schema":{"@context":"https:\/\/schema.org","@graph":[{"@type":"WebPage","@id":"https:\/\/camvaceng.com\/fr\/actualites-et-medias\/","url":"https:\/\/camvaceng.com\/fr\/actualites-et-medias\/","name":"Actualit\u00e9s et M\u00e9dias - Cambridge Vacuum Engineering","isPartOf":{"@id":"https:\/\/camvaceng.com\/fr\/#website"},"primaryImageOfPage":{"@id":"https:\/\/camvaceng.com\/fr\/actualites-et-medias\/#primaryimage"},"image":{"@id":"https:\/\/camvaceng.com\/fr\/actualites-et-medias\/#primaryimage"},"thumbnailUrl":"https:\/\/camvaceng.com\/wp-content\/uploads\/2021\/11\/news-and-media-scaled.jpeg","datePublished":"2021-02-19T13:15:11+00:00","dateModified":"2023-01-30T16:19:38+00:00","description":"Vous trouverez sur cette page toutes nos \u00e9tudes de cas, nos \u00e9v\u00e9nements, nos fiches techniques, nos communiqu\u00e9s de presse et nos questions fr\u00e9quemment pos\u00e9es (FAQ).","breadcrumb":{"@id":"https:\/\/camvaceng.com\/fr\/actualites-et-medias\/#breadcrumb"},"inLanguage":"fr-FR","potentialAction":[{"@type":"ReadAction","target":["https:\/\/camvaceng.com\/fr\/actualites-et-medias\/"]}]},{"@type":"ImageObject","inLanguage":"fr-FR","@id":"https:\/\/camvaceng.com\/fr\/actualites-et-medias\/#primaryimage","url":"https:\/\/camvaceng.com\/wp-content\/uploads\/2021\/11\/news-and-media-scaled.jpeg","contentUrl":"https:\/\/camvaceng.com\/wp-content\/uploads\/2021\/11\/news-and-media-scaled.jpeg","width":2560,"height":1709},{"@type":"BreadcrumbList","@id":"https:\/\/camvaceng.com\/fr\/actualites-et-medias\/#breadcrumb","itemListElement":[{"@type":"ListItem","position":1,"name":"Home","item":"https:\/\/camvaceng.com\/fr\/"},{"@type":"ListItem","position":2,"name":"Actualit\u00e9s et M\u00e9dias"}]},{"@type":"WebSite","@id":"https:\/\/camvaceng.com\/fr\/#website","url":"https:\/\/camvaceng.com\/fr\/","name":"Cambridge Vacuum Engineering","description":"","publisher":{"@id":"https:\/\/camvaceng.com\/fr\/#organization"},"potentialAction":[{"@type":"SearchAction","target":{"@type":"EntryPoint","urlTemplate":"https:\/\/camvaceng.com\/fr\/?s={search_term_string}"},"query-input":{"@type":"PropertyValueSpecification","valueRequired":true,"valueName":"search_term_string"}}],"inLanguage":"fr-FR"},{"@type":"Organization","@id":"https:\/\/camvaceng.com\/fr\/#organization","name":"Cambridge Vacuum Engineering","url":"https:\/\/camvaceng.com\/fr\/","logo":{"@type":"ImageObject","inLanguage":"fr-FR","@id":"https:\/\/camvaceng.com\/fr\/#\/schema\/logo\/image\/","url":"https:\/\/camvaceng.com\/wp-content\/uploads\/2021\/04\/CamVacEngRGB.jpg","contentUrl":"https:\/\/camvaceng.com\/wp-content\/uploads\/2021\/04\/CamVacEngRGB.jpg","width":1510,"height":807,"caption":"Cambridge Vacuum Engineering"},"image":{"@id":"https:\/\/camvaceng.com\/fr\/#\/schema\/logo\/image\/"},"sameAs":["https:\/\/x.com\/CamVacEng","https:\/\/www.linkedin.com\/company\/20028971\/","https:\/\/www.youtube.com\/channel\/UCEKBjBKlxxfhIHoR22SD0Uw"]}]}},"_links":{"self":[{"href":"https:\/\/camvaceng.com\/fr\/wp-json\/wp\/v2\/pages\/7715","targetHints":{"allow":["GET"]}}],"collection":[{"href":"https:\/\/camvaceng.com\/fr\/wp-json\/wp\/v2\/pages"}],"about":[{"href":"https:\/\/camvaceng.com\/fr\/wp-json\/wp\/v2\/types\/page"}],"author":[{"embeddable":true,"href":"https:\/\/camvaceng.com\/fr\/wp-json\/wp\/v2\/users\/2"}],"replies":[{"embeddable":true,"href":"https:\/\/camvaceng.com\/fr\/wp-json\/wp\/v2\/comments?post=7715"}],"version-history":[{"count":2,"href":"https:\/\/camvaceng.com\/fr\/wp-json\/wp\/v2\/pages\/7715\/revisions"}],"predecessor-version":[{"id":7717,"href":"https:\/\/camvaceng.com\/fr\/wp-json\/wp\/v2\/pages\/7715\/revisions\/7717"}],"wp:featuredmedia":[{"embeddable":true,"href":"https:\/\/camvaceng.com\/fr\/wp-json\/wp\/v2\/media\/5461"}],"wp:attachment":[{"href":"https:\/\/camvaceng.com\/fr\/wp-json\/wp\/v2\/media?parent=7715"}],"curies":[{"name":"wp","href":"https:\/\/api.w.org\/{rel}","templated":true}]}}