{"id":7681,"date":"2021-02-23T11:11:34","date_gmt":"2021-02-23T11:11:34","guid":{"rendered":"https:\/\/camvaceng.com\/a-propos-de-cve\/careers\/"},"modified":"2023-04-14T11:54:59","modified_gmt":"2023-04-14T11:54:59","slug":"carrieres","status":"publish","type":"page","link":"https:\/\/camvaceng.com\/fr\/a-propos-de-cve\/carrieres\/","title":{"rendered":"Carri\u00e8res"},"content":{"rendered":"<p>CVE est une PME qui emploie plus de 70 personnes dans ses trois bureaux : \u00e0 Cambridge, au Royaume-Uni, dans le Massachusetts, aux \u00c9tats-Unis, et \u00e0 P\u00e9kin, en Chine.<\/p>\n<p>Nous proposons un large \u00e9ventail de carri\u00e8res, notamment dans les domaines de l\u2019ing\u00e9nierie, des essais techniques, de la production, de la vente, de l\u2019administration et du service.<\/p>\n<p>Nous disposons \u00e9galement d\u2019un r\u00e9seau d\u2019agents op\u00e9rant dans le monde entier\u00a0pour la repr\u00e9sentation, ainsi que pour l\u2019assistance technique sur les installations et les interventions de maintenance des machines CVE.<\/p>\n<p>Pour plus d\u2019informations concernant nos opportunit\u00e9s de carri\u00e8re, veuillez adresser un e-mail \u00e0 <a href=\"about:blank\">recruitment@camvaceng.com<\/a>.<\/p>\n","protected":false},"excerpt":{"rendered":"<p>CVE est une PME qui emploie plus de 70 personnes dans ses trois bureaux : \u00e0 Cambridge, au Royaume-Uni, dans le Massachusetts, aux \u00c9tats-Unis, et \u00e0 P\u00e9kin, en Chine. Nous proposons un large \u00e9ventail de carri\u00e8res, notamment dans les domaines de l\u2019ing\u00e9nierie, des essais techniques, de la production, de la vente, de l\u2019administration et du [&hellip;]<\/p>\n","protected":false},"author":2,"featured_media":5390,"parent":7640,"menu_order":0,"comment_status":"closed","ping_status":"closed","template":"template-careers.php","meta":{"_acf_changed":false,"footnotes":""},"class_list":["post-7681","page","type-page","status-publish","has-post-thumbnail","hentry"],"acf":[],"yoast_head":"<!-- This site is optimized with the Yoast SEO plugin v27.3 - https:\/\/yoast.com\/product\/yoast-seo-wordpress\/ -->\n<title>Carri\u00e8res - Cambridge Vacuum Engineering<\/title>\n<meta name=\"description\" content=\"Nous proposons un large \u00e9ventail de carri\u00e8res, notamment dans les domaines de l\u2019ing\u00e9nierie, des essais techniques, de la production, de la vente, de l\u2019administration et du service.\" \/>\n<meta name=\"robots\" content=\"index, follow, max-snippet:-1, max-image-preview:large, max-video-preview:-1\" \/>\n<link rel=\"canonical\" href=\"https:\/\/camvaceng.com\/fr\/a-propos-de-cve\/carrieres\/\" \/>\n<meta property=\"og:locale\" content=\"fr_FR\" \/>\n<meta property=\"og:type\" content=\"article\" \/>\n<meta property=\"og:title\" content=\"Carri\u00e8res - Cambridge Vacuum Engineering\" \/>\n<meta property=\"og:description\" content=\"Nous proposons un large \u00e9ventail de carri\u00e8res, notamment dans les domaines de l\u2019ing\u00e9nierie, des essais techniques, de la production, de la vente, de l\u2019administration et du service.\" \/>\n<meta property=\"og:url\" content=\"https:\/\/camvaceng.com\/fr\/a-propos-de-cve\/carrieres\/\" \/>\n<meta property=\"og:site_name\" content=\"Cambridge Vacuum Engineering\" \/>\n<meta property=\"article:modified_time\" content=\"2023-04-14T11:54:59+00:00\" \/>\n<meta property=\"og:image\" content=\"https:\/\/camvaceng.com\/wp-content\/uploads\/2021\/11\/about-us-careers.jpg\" \/>\n\t<meta property=\"og:image:width\" content=\"2560\" \/>\n\t<meta property=\"og:image:height\" content=\"1695\" \/>\n\t<meta property=\"og:image:type\" content=\"image\/jpeg\" \/>\n<meta name=\"twitter:card\" content=\"summary_large_image\" \/>\n<meta name=\"twitter:site\" content=\"@CamVacEng\" \/>\n<meta name=\"twitter:label1\" content=\"Dur\u00e9e de lecture estim\u00e9e\" \/>\n\t<meta name=\"twitter:data1\" content=\"1 minute\" \/>\n<script type=\"application\/ld+json\" class=\"yoast-schema-graph\">{\"@context\":\"https:\\\/\\\/schema.org\",\"@graph\":[{\"@type\":\"WebPage\",\"@id\":\"https:\\\/\\\/camvaceng.com\\\/fr\\\/a-propos-de-cve\\\/carrieres\\\/\",\"url\":\"https:\\\/\\\/camvaceng.com\\\/fr\\\/a-propos-de-cve\\\/carrieres\\\/\",\"name\":\"Carri\u00e8res - Cambridge Vacuum Engineering\",\"isPartOf\":{\"@id\":\"https:\\\/\\\/camvaceng.com\\\/fr\\\/#website\"},\"primaryImageOfPage\":{\"@id\":\"https:\\\/\\\/camvaceng.com\\\/fr\\\/a-propos-de-cve\\\/carrieres\\\/#primaryimage\"},\"image\":{\"@id\":\"https:\\\/\\\/camvaceng.com\\\/fr\\\/a-propos-de-cve\\\/carrieres\\\/#primaryimage\"},\"thumbnailUrl\":\"https:\\\/\\\/camvaceng.com\\\/wp-content\\\/uploads\\\/2021\\\/11\\\/about-us-careers.jpg\",\"datePublished\":\"2021-02-23T11:11:34+00:00\",\"dateModified\":\"2023-04-14T11:54:59+00:00\",\"description\":\"Nous proposons un large \u00e9ventail de carri\u00e8res, notamment dans les domaines de l\u2019ing\u00e9nierie, des essais techniques, de la production, de la vente, de l\u2019administration et du service.\",\"breadcrumb\":{\"@id\":\"https:\\\/\\\/camvaceng.com\\\/fr\\\/a-propos-de-cve\\\/carrieres\\\/#breadcrumb\"},\"inLanguage\":\"fr-FR\",\"potentialAction\":[{\"@type\":\"ReadAction\",\"target\":[\"https:\\\/\\\/camvaceng.com\\\/fr\\\/a-propos-de-cve\\\/carrieres\\\/\"]}]},{\"@type\":\"ImageObject\",\"inLanguage\":\"fr-FR\",\"@id\":\"https:\\\/\\\/camvaceng.com\\\/fr\\\/a-propos-de-cve\\\/carrieres\\\/#primaryimage\",\"url\":\"https:\\\/\\\/camvaceng.com\\\/wp-content\\\/uploads\\\/2021\\\/11\\\/about-us-careers.jpg\",\"contentUrl\":\"https:\\\/\\\/camvaceng.com\\\/wp-content\\\/uploads\\\/2021\\\/11\\\/about-us-careers.jpg\",\"width\":2560,\"height\":1695},{\"@type\":\"BreadcrumbList\",\"@id\":\"https:\\\/\\\/camvaceng.com\\\/fr\\\/a-propos-de-cve\\\/carrieres\\\/#breadcrumb\",\"itemListElement\":[{\"@type\":\"ListItem\",\"position\":1,\"name\":\"Home\",\"item\":\"https:\\\/\\\/camvaceng.com\\\/fr\\\/\"},{\"@type\":\"ListItem\",\"position\":2,\"name\":\"\u00c0 propos de CVE\",\"item\":\"https:\\\/\\\/camvaceng.com\\\/fr\\\/a-propos-de-cve\\\/\"},{\"@type\":\"ListItem\",\"position\":3,\"name\":\"Carri\u00e8res\"}]},{\"@type\":\"WebSite\",\"@id\":\"https:\\\/\\\/camvaceng.com\\\/fr\\\/#website\",\"url\":\"https:\\\/\\\/camvaceng.com\\\/fr\\\/\",\"name\":\"Cambridge Vacuum Engineering\",\"description\":\"\",\"publisher\":{\"@id\":\"https:\\\/\\\/camvaceng.com\\\/fr\\\/#organization\"},\"potentialAction\":[{\"@type\":\"SearchAction\",\"target\":{\"@type\":\"EntryPoint\",\"urlTemplate\":\"https:\\\/\\\/camvaceng.com\\\/fr\\\/?s={search_term_string}\"},\"query-input\":{\"@type\":\"PropertyValueSpecification\",\"valueRequired\":true,\"valueName\":\"search_term_string\"}}],\"inLanguage\":\"fr-FR\"},{\"@type\":\"Organization\",\"@id\":\"https:\\\/\\\/camvaceng.com\\\/fr\\\/#organization\",\"name\":\"Cambridge Vacuum Engineering\",\"url\":\"https:\\\/\\\/camvaceng.com\\\/fr\\\/\",\"logo\":{\"@type\":\"ImageObject\",\"inLanguage\":\"fr-FR\",\"@id\":\"https:\\\/\\\/camvaceng.com\\\/fr\\\/#\\\/schema\\\/logo\\\/image\\\/\",\"url\":\"https:\\\/\\\/camvaceng.com\\\/wp-content\\\/uploads\\\/2021\\\/04\\\/CamVacEngRGB.jpg\",\"contentUrl\":\"https:\\\/\\\/camvaceng.com\\\/wp-content\\\/uploads\\\/2021\\\/04\\\/CamVacEngRGB.jpg\",\"width\":1510,\"height\":807,\"caption\":\"Cambridge Vacuum Engineering\"},\"image\":{\"@id\":\"https:\\\/\\\/camvaceng.com\\\/fr\\\/#\\\/schema\\\/logo\\\/image\\\/\"},\"sameAs\":[\"https:\\\/\\\/x.com\\\/CamVacEng\",\"https:\\\/\\\/www.linkedin.com\\\/company\\\/20028971\\\/\",\"https:\\\/\\\/www.youtube.com\\\/channel\\\/UCEKBjBKlxxfhIHoR22SD0Uw\"]}]}<\/script>\n<!-- \/ Yoast SEO plugin. -->","yoast_head_json":{"title":"Carri\u00e8res - Cambridge Vacuum Engineering","description":"Nous proposons un large \u00e9ventail de carri\u00e8res, notamment dans les domaines de l\u2019ing\u00e9nierie, des essais techniques, de la production, de la vente, de l\u2019administration et du service.","robots":{"index":"index","follow":"follow","max-snippet":"max-snippet:-1","max-image-preview":"max-image-preview:large","max-video-preview":"max-video-preview:-1"},"canonical":"https:\/\/camvaceng.com\/fr\/a-propos-de-cve\/carrieres\/","og_locale":"fr_FR","og_type":"article","og_title":"Carri\u00e8res - Cambridge Vacuum Engineering","og_description":"Nous proposons un large \u00e9ventail de carri\u00e8res, notamment dans les domaines de l\u2019ing\u00e9nierie, des essais techniques, de la production, de la vente, de l\u2019administration et du service.","og_url":"https:\/\/camvaceng.com\/fr\/a-propos-de-cve\/carrieres\/","og_site_name":"Cambridge Vacuum Engineering","article_modified_time":"2023-04-14T11:54:59+00:00","og_image":[{"width":2560,"height":1695,"url":"https:\/\/camvaceng.com\/wp-content\/uploads\/2021\/11\/about-us-careers.jpg","type":"image\/jpeg"}],"twitter_card":"summary_large_image","twitter_site":"@CamVacEng","twitter_misc":{"Dur\u00e9e de lecture estim\u00e9e":"1 minute"},"schema":{"@context":"https:\/\/schema.org","@graph":[{"@type":"WebPage","@id":"https:\/\/camvaceng.com\/fr\/a-propos-de-cve\/carrieres\/","url":"https:\/\/camvaceng.com\/fr\/a-propos-de-cve\/carrieres\/","name":"Carri\u00e8res - Cambridge Vacuum Engineering","isPartOf":{"@id":"https:\/\/camvaceng.com\/fr\/#website"},"primaryImageOfPage":{"@id":"https:\/\/camvaceng.com\/fr\/a-propos-de-cve\/carrieres\/#primaryimage"},"image":{"@id":"https:\/\/camvaceng.com\/fr\/a-propos-de-cve\/carrieres\/#primaryimage"},"thumbnailUrl":"https:\/\/camvaceng.com\/wp-content\/uploads\/2021\/11\/about-us-careers.jpg","datePublished":"2021-02-23T11:11:34+00:00","dateModified":"2023-04-14T11:54:59+00:00","description":"Nous proposons un large \u00e9ventail de carri\u00e8res, notamment dans les domaines de l\u2019ing\u00e9nierie, des essais techniques, de la production, de la vente, de l\u2019administration et du service.","breadcrumb":{"@id":"https:\/\/camvaceng.com\/fr\/a-propos-de-cve\/carrieres\/#breadcrumb"},"inLanguage":"fr-FR","potentialAction":[{"@type":"ReadAction","target":["https:\/\/camvaceng.com\/fr\/a-propos-de-cve\/carrieres\/"]}]},{"@type":"ImageObject","inLanguage":"fr-FR","@id":"https:\/\/camvaceng.com\/fr\/a-propos-de-cve\/carrieres\/#primaryimage","url":"https:\/\/camvaceng.com\/wp-content\/uploads\/2021\/11\/about-us-careers.jpg","contentUrl":"https:\/\/camvaceng.com\/wp-content\/uploads\/2021\/11\/about-us-careers.jpg","width":2560,"height":1695},{"@type":"BreadcrumbList","@id":"https:\/\/camvaceng.com\/fr\/a-propos-de-cve\/carrieres\/#breadcrumb","itemListElement":[{"@type":"ListItem","position":1,"name":"Home","item":"https:\/\/camvaceng.com\/fr\/"},{"@type":"ListItem","position":2,"name":"\u00c0 propos de CVE","item":"https:\/\/camvaceng.com\/fr\/a-propos-de-cve\/"},{"@type":"ListItem","position":3,"name":"Carri\u00e8res"}]},{"@type":"WebSite","@id":"https:\/\/camvaceng.com\/fr\/#website","url":"https:\/\/camvaceng.com\/fr\/","name":"Cambridge Vacuum Engineering","description":"","publisher":{"@id":"https:\/\/camvaceng.com\/fr\/#organization"},"potentialAction":[{"@type":"SearchAction","target":{"@type":"EntryPoint","urlTemplate":"https:\/\/camvaceng.com\/fr\/?s={search_term_string}"},"query-input":{"@type":"PropertyValueSpecification","valueRequired":true,"valueName":"search_term_string"}}],"inLanguage":"fr-FR"},{"@type":"Organization","@id":"https:\/\/camvaceng.com\/fr\/#organization","name":"Cambridge Vacuum Engineering","url":"https:\/\/camvaceng.com\/fr\/","logo":{"@type":"ImageObject","inLanguage":"fr-FR","@id":"https:\/\/camvaceng.com\/fr\/#\/schema\/logo\/image\/","url":"https:\/\/camvaceng.com\/wp-content\/uploads\/2021\/04\/CamVacEngRGB.jpg","contentUrl":"https:\/\/camvaceng.com\/wp-content\/uploads\/2021\/04\/CamVacEngRGB.jpg","width":1510,"height":807,"caption":"Cambridge Vacuum Engineering"},"image":{"@id":"https:\/\/camvaceng.com\/fr\/#\/schema\/logo\/image\/"},"sameAs":["https:\/\/x.com\/CamVacEng","https:\/\/www.linkedin.com\/company\/20028971\/","https:\/\/www.youtube.com\/channel\/UCEKBjBKlxxfhIHoR22SD0Uw"]}]}},"_links":{"self":[{"href":"https:\/\/camvaceng.com\/fr\/wp-json\/wp\/v2\/pages\/7681","targetHints":{"allow":["GET"]}}],"collection":[{"href":"https:\/\/camvaceng.com\/fr\/wp-json\/wp\/v2\/pages"}],"about":[{"href":"https:\/\/camvaceng.com\/fr\/wp-json\/wp\/v2\/types\/page"}],"author":[{"embeddable":true,"href":"https:\/\/camvaceng.com\/fr\/wp-json\/wp\/v2\/users\/2"}],"replies":[{"embeddable":true,"href":"https:\/\/camvaceng.com\/fr\/wp-json\/wp\/v2\/comments?post=7681"}],"version-history":[{"count":2,"href":"https:\/\/camvaceng.com\/fr\/wp-json\/wp\/v2\/pages\/7681\/revisions"}],"predecessor-version":[{"id":8051,"href":"https:\/\/camvaceng.com\/fr\/wp-json\/wp\/v2\/pages\/7681\/revisions\/8051"}],"up":[{"embeddable":true,"href":"https:\/\/camvaceng.com\/fr\/wp-json\/wp\/v2\/pages\/7640"}],"wp:featuredmedia":[{"embeddable":true,"href":"https:\/\/camvaceng.com\/fr\/wp-json\/wp\/v2\/media\/5390"}],"wp:attachment":[{"href":"https:\/\/camvaceng.com\/fr\/wp-json\/wp\/v2\/media?parent=7681"}],"curies":[{"name":"wp","href":"https:\/\/api.w.org\/{rel}","templated":true}]}}