{"id":7677,"date":"2021-02-23T11:11:26","date_gmt":"2021-02-23T11:11:26","guid":{"rendered":"https:\/\/camvaceng.com\/a-propos-de-cve\/trending-topics\/"},"modified":"2023-02-01T13:55:50","modified_gmt":"2023-02-01T13:55:50","slug":"trending-topics","status":"publish","type":"page","link":"https:\/\/camvaceng.com\/fr\/a-propos-de-cve\/trending-topics\/","title":{"rendered":"Sujets d\u2019actualit\u00e9"},"content":{"rendered":"","protected":false},"excerpt":{"rendered":"","protected":false},"author":2,"featured_media":5145,"parent":7640,"menu_order":0,"comment_status":"closed","ping_status":"closed","template":"template-trending-topics.php","meta":{"_acf_changed":false,"footnotes":""},"class_list":["post-7677","page","type-page","status-publish","has-post-thumbnail","hentry"],"acf":[],"yoast_head":"<!-- This site is optimized with the Yoast SEO plugin v27.3 - https:\/\/yoast.com\/product\/yoast-seo-wordpress\/ -->\n<title>Sujets d\u2019actualit\u00e9 - Cambridge Vacuum Engineering<\/title>\n<meta name=\"description\" content=\"Explorer la pertinence de CVE pour les sujets d&#039;actualit\u00e9 - de la fabrication additive \u00e0 la croissance propre en passant par l&#039;industrie 4.0.\" \/>\n<meta name=\"robots\" content=\"index, follow, max-snippet:-1, max-image-preview:large, max-video-preview:-1\" \/>\n<link rel=\"canonical\" href=\"https:\/\/camvaceng.com\/fr\/a-propos-de-cve\/trending-topics\/\" \/>\n<meta property=\"og:locale\" content=\"fr_FR\" \/>\n<meta property=\"og:type\" content=\"article\" \/>\n<meta property=\"og:title\" content=\"Sujets d\u2019actualit\u00e9 - Cambridge Vacuum Engineering\" \/>\n<meta property=\"og:description\" content=\"Explorer la pertinence de CVE pour les sujets d&#039;actualit\u00e9 - de la fabrication additive \u00e0 la croissance propre en passant par l&#039;industrie 4.0.\" \/>\n<meta property=\"og:url\" content=\"https:\/\/camvaceng.com\/fr\/a-propos-de-cve\/trending-topics\/\" \/>\n<meta property=\"og:site_name\" content=\"Cambridge Vacuum Engineering\" \/>\n<meta property=\"article:modified_time\" content=\"2023-02-01T13:55:50+00:00\" \/>\n<meta property=\"og:image\" content=\"https:\/\/camvaceng.com\/wp-content\/uploads\/2021\/03\/About-Us-Trending-Topics-Additive-Manufacturing-scaled.jpg\" \/>\n\t<meta property=\"og:image:width\" content=\"2560\" \/>\n\t<meta property=\"og:image:height\" content=\"1707\" \/>\n\t<meta property=\"og:image:type\" content=\"image\/jpeg\" \/>\n<meta name=\"twitter:card\" content=\"summary_large_image\" \/>\n<meta name=\"twitter:site\" content=\"@CamVacEng\" \/>\n<script type=\"application\/ld+json\" class=\"yoast-schema-graph\">{\"@context\":\"https:\\\/\\\/schema.org\",\"@graph\":[{\"@type\":\"WebPage\",\"@id\":\"https:\\\/\\\/camvaceng.com\\\/fr\\\/a-propos-de-cve\\\/trending-topics\\\/\",\"url\":\"https:\\\/\\\/camvaceng.com\\\/fr\\\/a-propos-de-cve\\\/trending-topics\\\/\",\"name\":\"Sujets d\u2019actualit\u00e9 - Cambridge Vacuum Engineering\",\"isPartOf\":{\"@id\":\"https:\\\/\\\/camvaceng.com\\\/fr\\\/#website\"},\"primaryImageOfPage\":{\"@id\":\"https:\\\/\\\/camvaceng.com\\\/fr\\\/a-propos-de-cve\\\/trending-topics\\\/#primaryimage\"},\"image\":{\"@id\":\"https:\\\/\\\/camvaceng.com\\\/fr\\\/a-propos-de-cve\\\/trending-topics\\\/#primaryimage\"},\"thumbnailUrl\":\"https:\\\/\\\/camvaceng.com\\\/wp-content\\\/uploads\\\/2021\\\/03\\\/About-Us-Trending-Topics-Additive-Manufacturing-scaled.jpg\",\"datePublished\":\"2021-02-23T11:11:26+00:00\",\"dateModified\":\"2023-02-01T13:55:50+00:00\",\"description\":\"Explorer la pertinence de CVE pour les sujets d'actualit\u00e9 - de la fabrication additive \u00e0 la croissance propre en passant par l'industrie 4.0.\",\"breadcrumb\":{\"@id\":\"https:\\\/\\\/camvaceng.com\\\/fr\\\/a-propos-de-cve\\\/trending-topics\\\/#breadcrumb\"},\"inLanguage\":\"fr-FR\",\"potentialAction\":[{\"@type\":\"ReadAction\",\"target\":[\"https:\\\/\\\/camvaceng.com\\\/fr\\\/a-propos-de-cve\\\/trending-topics\\\/\"]}]},{\"@type\":\"ImageObject\",\"inLanguage\":\"fr-FR\",\"@id\":\"https:\\\/\\\/camvaceng.com\\\/fr\\\/a-propos-de-cve\\\/trending-topics\\\/#primaryimage\",\"url\":\"https:\\\/\\\/camvaceng.com\\\/wp-content\\\/uploads\\\/2021\\\/03\\\/About-Us-Trending-Topics-Additive-Manufacturing-scaled.jpg\",\"contentUrl\":\"https:\\\/\\\/camvaceng.com\\\/wp-content\\\/uploads\\\/2021\\\/03\\\/About-Us-Trending-Topics-Additive-Manufacturing-scaled.jpg\",\"width\":2560,\"height\":1707},{\"@type\":\"BreadcrumbList\",\"@id\":\"https:\\\/\\\/camvaceng.com\\\/fr\\\/a-propos-de-cve\\\/trending-topics\\\/#breadcrumb\",\"itemListElement\":[{\"@type\":\"ListItem\",\"position\":1,\"name\":\"Home\",\"item\":\"https:\\\/\\\/camvaceng.com\\\/fr\\\/\"},{\"@type\":\"ListItem\",\"position\":2,\"name\":\"\u00c0 propos de CVE\",\"item\":\"https:\\\/\\\/camvaceng.com\\\/fr\\\/a-propos-de-cve\\\/\"},{\"@type\":\"ListItem\",\"position\":3,\"name\":\"Sujets d\u2019actualit\u00e9\"}]},{\"@type\":\"WebSite\",\"@id\":\"https:\\\/\\\/camvaceng.com\\\/fr\\\/#website\",\"url\":\"https:\\\/\\\/camvaceng.com\\\/fr\\\/\",\"name\":\"Cambridge Vacuum Engineering\",\"description\":\"\",\"publisher\":{\"@id\":\"https:\\\/\\\/camvaceng.com\\\/fr\\\/#organization\"},\"potentialAction\":[{\"@type\":\"SearchAction\",\"target\":{\"@type\":\"EntryPoint\",\"urlTemplate\":\"https:\\\/\\\/camvaceng.com\\\/fr\\\/?s={search_term_string}\"},\"query-input\":{\"@type\":\"PropertyValueSpecification\",\"valueRequired\":true,\"valueName\":\"search_term_string\"}}],\"inLanguage\":\"fr-FR\"},{\"@type\":\"Organization\",\"@id\":\"https:\\\/\\\/camvaceng.com\\\/fr\\\/#organization\",\"name\":\"Cambridge Vacuum Engineering\",\"url\":\"https:\\\/\\\/camvaceng.com\\\/fr\\\/\",\"logo\":{\"@type\":\"ImageObject\",\"inLanguage\":\"fr-FR\",\"@id\":\"https:\\\/\\\/camvaceng.com\\\/fr\\\/#\\\/schema\\\/logo\\\/image\\\/\",\"url\":\"https:\\\/\\\/camvaceng.com\\\/wp-content\\\/uploads\\\/2021\\\/04\\\/CamVacEngRGB.jpg\",\"contentUrl\":\"https:\\\/\\\/camvaceng.com\\\/wp-content\\\/uploads\\\/2021\\\/04\\\/CamVacEngRGB.jpg\",\"width\":1510,\"height\":807,\"caption\":\"Cambridge Vacuum Engineering\"},\"image\":{\"@id\":\"https:\\\/\\\/camvaceng.com\\\/fr\\\/#\\\/schema\\\/logo\\\/image\\\/\"},\"sameAs\":[\"https:\\\/\\\/x.com\\\/CamVacEng\",\"https:\\\/\\\/www.linkedin.com\\\/company\\\/20028971\\\/\",\"https:\\\/\\\/www.youtube.com\\\/channel\\\/UCEKBjBKlxxfhIHoR22SD0Uw\"]}]}<\/script>\n<!-- \/ Yoast SEO plugin. -->","yoast_head_json":{"title":"Sujets d\u2019actualit\u00e9 - Cambridge Vacuum Engineering","description":"Explorer la pertinence de CVE pour les sujets d'actualit\u00e9 - de la fabrication additive \u00e0 la croissance propre en passant par l'industrie 4.0.","robots":{"index":"index","follow":"follow","max-snippet":"max-snippet:-1","max-image-preview":"max-image-preview:large","max-video-preview":"max-video-preview:-1"},"canonical":"https:\/\/camvaceng.com\/fr\/a-propos-de-cve\/trending-topics\/","og_locale":"fr_FR","og_type":"article","og_title":"Sujets d\u2019actualit\u00e9 - Cambridge Vacuum Engineering","og_description":"Explorer la pertinence de CVE pour les sujets d'actualit\u00e9 - de la fabrication additive \u00e0 la croissance propre en passant par l'industrie 4.0.","og_url":"https:\/\/camvaceng.com\/fr\/a-propos-de-cve\/trending-topics\/","og_site_name":"Cambridge Vacuum Engineering","article_modified_time":"2023-02-01T13:55:50+00:00","og_image":[{"width":2560,"height":1707,"url":"https:\/\/camvaceng.com\/wp-content\/uploads\/2021\/03\/About-Us-Trending-Topics-Additive-Manufacturing-scaled.jpg","type":"image\/jpeg"}],"twitter_card":"summary_large_image","twitter_site":"@CamVacEng","schema":{"@context":"https:\/\/schema.org","@graph":[{"@type":"WebPage","@id":"https:\/\/camvaceng.com\/fr\/a-propos-de-cve\/trending-topics\/","url":"https:\/\/camvaceng.com\/fr\/a-propos-de-cve\/trending-topics\/","name":"Sujets d\u2019actualit\u00e9 - Cambridge Vacuum Engineering","isPartOf":{"@id":"https:\/\/camvaceng.com\/fr\/#website"},"primaryImageOfPage":{"@id":"https:\/\/camvaceng.com\/fr\/a-propos-de-cve\/trending-topics\/#primaryimage"},"image":{"@id":"https:\/\/camvaceng.com\/fr\/a-propos-de-cve\/trending-topics\/#primaryimage"},"thumbnailUrl":"https:\/\/camvaceng.com\/wp-content\/uploads\/2021\/03\/About-Us-Trending-Topics-Additive-Manufacturing-scaled.jpg","datePublished":"2021-02-23T11:11:26+00:00","dateModified":"2023-02-01T13:55:50+00:00","description":"Explorer la pertinence de CVE pour les sujets d'actualit\u00e9 - de la fabrication additive \u00e0 la croissance propre en passant par l'industrie 4.0.","breadcrumb":{"@id":"https:\/\/camvaceng.com\/fr\/a-propos-de-cve\/trending-topics\/#breadcrumb"},"inLanguage":"fr-FR","potentialAction":[{"@type":"ReadAction","target":["https:\/\/camvaceng.com\/fr\/a-propos-de-cve\/trending-topics\/"]}]},{"@type":"ImageObject","inLanguage":"fr-FR","@id":"https:\/\/camvaceng.com\/fr\/a-propos-de-cve\/trending-topics\/#primaryimage","url":"https:\/\/camvaceng.com\/wp-content\/uploads\/2021\/03\/About-Us-Trending-Topics-Additive-Manufacturing-scaled.jpg","contentUrl":"https:\/\/camvaceng.com\/wp-content\/uploads\/2021\/03\/About-Us-Trending-Topics-Additive-Manufacturing-scaled.jpg","width":2560,"height":1707},{"@type":"BreadcrumbList","@id":"https:\/\/camvaceng.com\/fr\/a-propos-de-cve\/trending-topics\/#breadcrumb","itemListElement":[{"@type":"ListItem","position":1,"name":"Home","item":"https:\/\/camvaceng.com\/fr\/"},{"@type":"ListItem","position":2,"name":"\u00c0 propos de CVE","item":"https:\/\/camvaceng.com\/fr\/a-propos-de-cve\/"},{"@type":"ListItem","position":3,"name":"Sujets d\u2019actualit\u00e9"}]},{"@type":"WebSite","@id":"https:\/\/camvaceng.com\/fr\/#website","url":"https:\/\/camvaceng.com\/fr\/","name":"Cambridge Vacuum Engineering","description":"","publisher":{"@id":"https:\/\/camvaceng.com\/fr\/#organization"},"potentialAction":[{"@type":"SearchAction","target":{"@type":"EntryPoint","urlTemplate":"https:\/\/camvaceng.com\/fr\/?s={search_term_string}"},"query-input":{"@type":"PropertyValueSpecification","valueRequired":true,"valueName":"search_term_string"}}],"inLanguage":"fr-FR"},{"@type":"Organization","@id":"https:\/\/camvaceng.com\/fr\/#organization","name":"Cambridge Vacuum Engineering","url":"https:\/\/camvaceng.com\/fr\/","logo":{"@type":"ImageObject","inLanguage":"fr-FR","@id":"https:\/\/camvaceng.com\/fr\/#\/schema\/logo\/image\/","url":"https:\/\/camvaceng.com\/wp-content\/uploads\/2021\/04\/CamVacEngRGB.jpg","contentUrl":"https:\/\/camvaceng.com\/wp-content\/uploads\/2021\/04\/CamVacEngRGB.jpg","width":1510,"height":807,"caption":"Cambridge Vacuum Engineering"},"image":{"@id":"https:\/\/camvaceng.com\/fr\/#\/schema\/logo\/image\/"},"sameAs":["https:\/\/x.com\/CamVacEng","https:\/\/www.linkedin.com\/company\/20028971\/","https:\/\/www.youtube.com\/channel\/UCEKBjBKlxxfhIHoR22SD0Uw"]}]}},"_links":{"self":[{"href":"https:\/\/camvaceng.com\/fr\/wp-json\/wp\/v2\/pages\/7677","targetHints":{"allow":["GET"]}}],"collection":[{"href":"https:\/\/camvaceng.com\/fr\/wp-json\/wp\/v2\/pages"}],"about":[{"href":"https:\/\/camvaceng.com\/fr\/wp-json\/wp\/v2\/types\/page"}],"author":[{"embeddable":true,"href":"https:\/\/camvaceng.com\/fr\/wp-json\/wp\/v2\/users\/2"}],"replies":[{"embeddable":true,"href":"https:\/\/camvaceng.com\/fr\/wp-json\/wp\/v2\/comments?post=7677"}],"version-history":[{"count":3,"href":"https:\/\/camvaceng.com\/fr\/wp-json\/wp\/v2\/pages\/7677\/revisions"}],"predecessor-version":[{"id":7749,"href":"https:\/\/camvaceng.com\/fr\/wp-json\/wp\/v2\/pages\/7677\/revisions\/7749"}],"up":[{"embeddable":true,"href":"https:\/\/camvaceng.com\/fr\/wp-json\/wp\/v2\/pages\/7640"}],"wp:featuredmedia":[{"embeddable":true,"href":"https:\/\/camvaceng.com\/fr\/wp-json\/wp\/v2\/media\/5145"}],"wp:attachment":[{"href":"https:\/\/camvaceng.com\/fr\/wp-json\/wp\/v2\/media?parent=7677"}],"curies":[{"name":"wp","href":"https:\/\/api.w.org\/{rel}","templated":true}]}}