{"id":7652,"date":"2021-02-23T11:11:19","date_gmt":"2021-02-23T11:11:19","guid":{"rendered":"https:\/\/camvaceng.com\/a-propos-de-cve\/industries\/"},"modified":"2023-01-26T11:22:13","modified_gmt":"2023-01-26T11:22:13","slug":"secteurs","status":"publish","type":"page","link":"https:\/\/camvaceng.com\/fr\/a-propos-de-cve\/secteurs\/","title":{"rendered":"Secteurs"},"content":{"rendered":"<p>Le soudage par faisceau d\u2019\u00e9lectrons et le soudage laser offrent un large \u00e9ventail d\u2019applications dans de nombreux secteurs d\u2019activit\u00e9. Vous trouverez ci-dessous de plus amples informations sur les applications industrielles du soudage par faisceau d\u2019\u00e9lectrons et du soudage laser, les mod\u00e8les de machines appropri\u00e9s, ainsi que des \u00e9tudes de cas illustrant les travaux men\u00e9s par CVE pour ses principaux clients.<\/p>\n\n\t\t\t\t\t\t\n\t\t\n\t\t\n\t\t\t\t\t\t\t\t\t\t\t\t\t\t\t\t\t<div class=\"industry-card col-md-4\">\n\t\t\t\t\t\t<div class=\"industry-card-content\">\n\t\t\t\t\t\t\t<div class=\"industry-card-img\"><img decoding=\"async\" src=\"https:\/\/camvaceng.com\/wp-content\/uploads\/2021\/03\/About-Us-Industries-Aerospace-scaled.jpg\" alt=\"A\u00e9rospatiale\"><\/div>\n\t\t\t\t\t\t\t<h5>A\u00e9rospatiale<\/h5>\n\t\t\t\t\t\t\t\t\t\t\t\t\t\t\t\t\t\t\t\t\t\t\t<div class=\"cta-container\"><a href=\"https:\/\/camvaceng.com\/fr\/industry\/aerospatiale\/\"><button class=\"standard-button\">En Savoir Plus<\/button><\/a><\/div>\n\t\t\t\t\t\t<\/div>\n\t\t\t\t\t<\/div>\n\t\t\t\t\t\n\t\t\t\t\t\t\t\t\t\t\t\t\t\t<div class=\"industry-card col-md-4\">\n\t\t\t\t\t\t<div class=\"industry-card-content\">\n\t\t\t\t\t\t\t<div class=\"industry-card-img\"><img decoding=\"async\" src=\"https:\/\/camvaceng.com\/wp-content\/uploads\/2021\/03\/About-Us-Industries-Automotive-scaled.jpg\" alt=\"Automobile\"><\/div>\n\t\t\t\t\t\t\t<h5>Automobile<\/h5>\n\t\t\t\t\t\t\t\t\t\t\t\t\t\t\t\t\t\t\t\t\t\t\t<div class=\"cta-container\"><a href=\"https:\/\/camvaceng.com\/fr\/industry\/automobile\/\"><button class=\"standard-button\">En Savoir Plus<\/button><\/a><\/div>\n\t\t\t\t\t\t<\/div>\n\t\t\t\t\t<\/div>\n\t\t\t\t\t\n\t\t\t\t\t\t\t\t\t\t\t\t\t\t<div class=\"industry-card col-md-4\">\n\t\t\t\t\t\t<div class=\"industry-card-content\">\n\t\t\t\t\t\t\t<div class=\"industry-card-img\"><img decoding=\"async\" src=\"https:\/\/camvaceng.com\/wp-content\/uploads\/2021\/03\/Electron-Beam-Welding-Ebflow-5-scaled.jpg\" alt=\"Nucl\u00e9aire\"><\/div>\n\t\t\t\t\t\t\t<h5>Nucl\u00e9aire<\/h5>\n\t\t\t\t\t\t\t\t\t\t\t\t\t\t\t\t\t\t\t\t\t\t\t<div class=\"cta-container\"><a href=\"https:\/\/camvaceng.com\/fr\/industry\/nucleaire\/\"><button class=\"standard-button\">En Savoir Plus<\/button><\/a><\/div>\n\t\t\t\t\t\t<\/div>\n\t\t\t\t\t<\/div>\n\t\t\t\t\t\n\t\t\t\t\t\t\t\t\t\t\t\t\t\t<div class=\"industry-card col-md-4\">\n\t\t\t\t\t\t<div class=\"industry-card-content\">\n\t\t\t\t\t\t\t<div class=\"industry-card-img\"><img decoding=\"async\" src=\"https:\/\/camvaceng.com\/wp-content\/uploads\/2021\/03\/About-Us-Industries-Defence-scaled.jpg\" alt=\"D\u00e9fense\"><\/div>\n\t\t\t\t\t\t\t<h5>D\u00e9fense<\/h5>\n\t\t\t\t\t\t\t\t\t\t\t\t\t\t\t\t\t\t\t\t\t\t\t<div class=\"cta-container\"><a href=\"https:\/\/camvaceng.com\/fr\/industry\/defense\/\"><button class=\"standard-button\">En Savoir Plus<\/button><\/a><\/div>\n\t\t\t\t\t\t<\/div>\n\t\t\t\t\t<\/div>\n\t\t\t\t\t\n\t\t\t\t\t\t\t\t\t\t\t\t\t\t<div class=\"industry-card col-md-4\">\n\t\t\t\t\t\t<div class=\"industry-card-content\">\n\t\t\t\t\t\t\t<div class=\"industry-card-img\"><img decoding=\"async\" src=\"https:\/\/camvaceng.com\/wp-content\/uploads\/2021\/03\/About-Us-Industries-Renewable-Energy-Component-scaled-e1617105275863.jpg\" alt=\"\u00c9nergie Renouvelable\"><\/div>\n\t\t\t\t\t\t\t<h5>\u00c9nergie Renouvelable<\/h5>\n\t\t\t\t\t\t\t\t\t\t\t\t\t\t\t\t\t\t\t\t\t\t\t<div class=\"cta-container\"><a href=\"https:\/\/camvaceng.com\/fr\/industry\/energie-renouvelable\/\"><button class=\"standard-button\">En Savoir Plus<\/button><\/a><\/div>\n\t\t\t\t\t\t<\/div>\n\t\t\t\t\t<\/div>\n\t\t\t\t\t\n\t\t\t\t\t\t\t\t\t\t\t\t\t\t<div class=\"industry-card col-md-4\">\n\t\t\t\t\t\t<div class=\"industry-card-content\">\n\t\t\t\t\t\t\t<div class=\"industry-card-img\"><img decoding=\"async\" src=\"https:\/\/camvaceng.com\/wp-content\/uploads\/2021\/03\/About-Us-Industries-Electronics-scaled.jpg\" alt=\"Capteurs et Composants \u00c9lectroniques\"><\/div>\n\t\t\t\t\t\t\t<h5>Capteurs et Composants \u00c9lectroniques<\/h5>\n\t\t\t\t\t\t\t\t\t\t\t\t\t\t\t\t                                                                                                            \t\n\t\t\t\t\t\t\t\t\t\t\t\t\t\n                                            \t\t\t\t\t\t\t<div class=\"cta-container\"><a href=\"https:\/\/camvaceng.com\/fr\/industry\/capteurs-et-composants-electroniques\/\"><button class=\"standard-button\">En savoir plus<\/button><\/a><\/div>\n\t\t\t\t\t\t<\/div>\n\t\t\t\t\t<\/div>\n\t\t\t\t\t\n\t\t\t\t\t\t\t\t\t\t\t\t\t\t<div class=\"industry-card col-md-4\">\n\t\t\t\t\t\t<div class=\"industry-card-content\">\n\t\t\t\t\t\t\t<div class=\"industry-card-img\"><img decoding=\"async\" src=\"https:\/\/camvaceng.com\/wp-content\/uploads\/2022\/01\/electric-vehicle-battery-pack-scaled-e1642514565698.jpg\" alt=\"\u00c9lectrification\"><\/div>\n\t\t\t\t\t\t\t<h5>\u00c9lectrification<\/h5>\n\t\t\t\t\t\t\t\t\t\t\t\t\t\t\t\t\t\t\t\t\t\t\t<div class=\"cta-container\"><a href=\"https:\/\/camvaceng.com\/fr\/industry\/electrification\/\"><button class=\"standard-button\">En Savoir Plus<\/button><\/a><\/div>\n\t\t\t\t\t\t<\/div>\n\t\t\t\t\t<\/div>\n\t\t\t\t\t\n\t\t\t\t\t\t\n\t\t\t\t\n\t\t\t\n\n\t\t\n","protected":false},"excerpt":{"rendered":"<p>Le soudage par faisceau d\u2019\u00e9lectrons et le soudage laser offrent un large \u00e9ventail d\u2019applications dans de nombreux secteurs d\u2019activit\u00e9. Vous trouverez ci-dessous de plus amples informations sur les applications industrielles du soudage par faisceau d\u2019\u00e9lectrons et du soudage laser, les mod\u00e8les de machines appropri\u00e9s, ainsi que des \u00e9tudes de cas illustrant les travaux men\u00e9s par [&hellip;]<\/p>\n","protected":false},"author":2,"featured_media":5129,"parent":7640,"menu_order":0,"comment_status":"closed","ping_status":"closed","template":"","meta":{"_acf_changed":false,"footnotes":""},"class_list":["post-7652","page","type-page","status-publish","has-post-thumbnail","hentry"],"acf":[],"yoast_head":"<!-- This site is optimized with the Yoast SEO plugin v27.3 - https:\/\/yoast.com\/product\/yoast-seo-wordpress\/ -->\n<title>Secteurs - Cambridge Vacuum Engineering<\/title>\n<meta name=\"description\" content=\"Le soudage par faisceau d\u2019\u00e9lectrons et le soudage laser offrent un large \u00e9ventail d\u2019applications dans de nombreux secteurs d\u2019activit\u00e9.\" \/>\n<meta name=\"robots\" content=\"index, follow, max-snippet:-1, max-image-preview:large, max-video-preview:-1\" \/>\n<link rel=\"canonical\" href=\"https:\/\/camvaceng.com\/fr\/a-propos-de-cve\/secteurs\/\" \/>\n<meta property=\"og:locale\" content=\"fr_FR\" \/>\n<meta property=\"og:type\" content=\"article\" \/>\n<meta property=\"og:title\" content=\"Secteurs - Cambridge Vacuum Engineering\" \/>\n<meta property=\"og:description\" content=\"Le soudage par faisceau d\u2019\u00e9lectrons et le soudage laser offrent un large \u00e9ventail d\u2019applications dans de nombreux secteurs d\u2019activit\u00e9.\" \/>\n<meta property=\"og:url\" content=\"https:\/\/camvaceng.com\/fr\/a-propos-de-cve\/secteurs\/\" \/>\n<meta property=\"og:site_name\" content=\"Cambridge Vacuum Engineering\" \/>\n<meta property=\"article:modified_time\" content=\"2023-01-26T11:22:13+00:00\" \/>\n<meta property=\"og:image\" content=\"https:\/\/camvaceng.com\/wp-content\/uploads\/2021\/03\/About-Us-Industries-Automotive-scaled.jpg\" \/>\n\t<meta property=\"og:image:width\" content=\"2560\" \/>\n\t<meta property=\"og:image:height\" content=\"1707\" \/>\n\t<meta property=\"og:image:type\" content=\"image\/jpeg\" \/>\n<meta name=\"twitter:card\" content=\"summary_large_image\" \/>\n<meta name=\"twitter:site\" content=\"@CamVacEng\" \/>\n<meta name=\"twitter:label1\" content=\"Dur\u00e9e de lecture estim\u00e9e\" \/>\n\t<meta name=\"twitter:data1\" content=\"1 minute\" \/>\n<script type=\"application\/ld+json\" class=\"yoast-schema-graph\">{\"@context\":\"https:\\\/\\\/schema.org\",\"@graph\":[{\"@type\":\"WebPage\",\"@id\":\"https:\\\/\\\/camvaceng.com\\\/fr\\\/a-propos-de-cve\\\/secteurs\\\/\",\"url\":\"https:\\\/\\\/camvaceng.com\\\/fr\\\/a-propos-de-cve\\\/secteurs\\\/\",\"name\":\"Secteurs - Cambridge Vacuum Engineering\",\"isPartOf\":{\"@id\":\"https:\\\/\\\/camvaceng.com\\\/fr\\\/#website\"},\"primaryImageOfPage\":{\"@id\":\"https:\\\/\\\/camvaceng.com\\\/fr\\\/a-propos-de-cve\\\/secteurs\\\/#primaryimage\"},\"image\":{\"@id\":\"https:\\\/\\\/camvaceng.com\\\/fr\\\/a-propos-de-cve\\\/secteurs\\\/#primaryimage\"},\"thumbnailUrl\":\"https:\\\/\\\/camvaceng.com\\\/wp-content\\\/uploads\\\/2021\\\/03\\\/About-Us-Industries-Automotive-scaled.jpg\",\"datePublished\":\"2021-02-23T11:11:19+00:00\",\"dateModified\":\"2023-01-26T11:22:13+00:00\",\"description\":\"Le soudage par faisceau d\u2019\u00e9lectrons et le soudage laser offrent un large \u00e9ventail d\u2019applications dans de nombreux secteurs d\u2019activit\u00e9.\",\"breadcrumb\":{\"@id\":\"https:\\\/\\\/camvaceng.com\\\/fr\\\/a-propos-de-cve\\\/secteurs\\\/#breadcrumb\"},\"inLanguage\":\"fr-FR\",\"potentialAction\":[{\"@type\":\"ReadAction\",\"target\":[\"https:\\\/\\\/camvaceng.com\\\/fr\\\/a-propos-de-cve\\\/secteurs\\\/\"]}]},{\"@type\":\"ImageObject\",\"inLanguage\":\"fr-FR\",\"@id\":\"https:\\\/\\\/camvaceng.com\\\/fr\\\/a-propos-de-cve\\\/secteurs\\\/#primaryimage\",\"url\":\"https:\\\/\\\/camvaceng.com\\\/wp-content\\\/uploads\\\/2021\\\/03\\\/About-Us-Industries-Automotive-scaled.jpg\",\"contentUrl\":\"https:\\\/\\\/camvaceng.com\\\/wp-content\\\/uploads\\\/2021\\\/03\\\/About-Us-Industries-Automotive-scaled.jpg\",\"width\":2560,\"height\":1707},{\"@type\":\"BreadcrumbList\",\"@id\":\"https:\\\/\\\/camvaceng.com\\\/fr\\\/a-propos-de-cve\\\/secteurs\\\/#breadcrumb\",\"itemListElement\":[{\"@type\":\"ListItem\",\"position\":1,\"name\":\"Home\",\"item\":\"https:\\\/\\\/camvaceng.com\\\/fr\\\/\"},{\"@type\":\"ListItem\",\"position\":2,\"name\":\"\u00c0 propos de CVE\",\"item\":\"https:\\\/\\\/camvaceng.com\\\/fr\\\/a-propos-de-cve\\\/\"},{\"@type\":\"ListItem\",\"position\":3,\"name\":\"Secteurs\"}]},{\"@type\":\"WebSite\",\"@id\":\"https:\\\/\\\/camvaceng.com\\\/fr\\\/#website\",\"url\":\"https:\\\/\\\/camvaceng.com\\\/fr\\\/\",\"name\":\"Cambridge Vacuum Engineering\",\"description\":\"\",\"publisher\":{\"@id\":\"https:\\\/\\\/camvaceng.com\\\/fr\\\/#organization\"},\"potentialAction\":[{\"@type\":\"SearchAction\",\"target\":{\"@type\":\"EntryPoint\",\"urlTemplate\":\"https:\\\/\\\/camvaceng.com\\\/fr\\\/?s={search_term_string}\"},\"query-input\":{\"@type\":\"PropertyValueSpecification\",\"valueRequired\":true,\"valueName\":\"search_term_string\"}}],\"inLanguage\":\"fr-FR\"},{\"@type\":\"Organization\",\"@id\":\"https:\\\/\\\/camvaceng.com\\\/fr\\\/#organization\",\"name\":\"Cambridge Vacuum Engineering\",\"url\":\"https:\\\/\\\/camvaceng.com\\\/fr\\\/\",\"logo\":{\"@type\":\"ImageObject\",\"inLanguage\":\"fr-FR\",\"@id\":\"https:\\\/\\\/camvaceng.com\\\/fr\\\/#\\\/schema\\\/logo\\\/image\\\/\",\"url\":\"https:\\\/\\\/camvaceng.com\\\/wp-content\\\/uploads\\\/2021\\\/04\\\/CamVacEngRGB.jpg\",\"contentUrl\":\"https:\\\/\\\/camvaceng.com\\\/wp-content\\\/uploads\\\/2021\\\/04\\\/CamVacEngRGB.jpg\",\"width\":1510,\"height\":807,\"caption\":\"Cambridge Vacuum Engineering\"},\"image\":{\"@id\":\"https:\\\/\\\/camvaceng.com\\\/fr\\\/#\\\/schema\\\/logo\\\/image\\\/\"},\"sameAs\":[\"https:\\\/\\\/x.com\\\/CamVacEng\",\"https:\\\/\\\/www.linkedin.com\\\/company\\\/20028971\\\/\",\"https:\\\/\\\/www.youtube.com\\\/channel\\\/UCEKBjBKlxxfhIHoR22SD0Uw\"]}]}<\/script>\n<!-- \/ Yoast SEO plugin. -->","yoast_head_json":{"title":"Secteurs - Cambridge Vacuum Engineering","description":"Le soudage par faisceau d\u2019\u00e9lectrons et le soudage laser offrent un large \u00e9ventail d\u2019applications dans de nombreux secteurs d\u2019activit\u00e9.","robots":{"index":"index","follow":"follow","max-snippet":"max-snippet:-1","max-image-preview":"max-image-preview:large","max-video-preview":"max-video-preview:-1"},"canonical":"https:\/\/camvaceng.com\/fr\/a-propos-de-cve\/secteurs\/","og_locale":"fr_FR","og_type":"article","og_title":"Secteurs - Cambridge Vacuum Engineering","og_description":"Le soudage par faisceau d\u2019\u00e9lectrons et le soudage laser offrent un large \u00e9ventail d\u2019applications dans de nombreux secteurs d\u2019activit\u00e9.","og_url":"https:\/\/camvaceng.com\/fr\/a-propos-de-cve\/secteurs\/","og_site_name":"Cambridge Vacuum Engineering","article_modified_time":"2023-01-26T11:22:13+00:00","og_image":[{"width":2560,"height":1707,"url":"https:\/\/camvaceng.com\/wp-content\/uploads\/2021\/03\/About-Us-Industries-Automotive-scaled.jpg","type":"image\/jpeg"}],"twitter_card":"summary_large_image","twitter_site":"@CamVacEng","twitter_misc":{"Dur\u00e9e de lecture estim\u00e9e":"1 minute"},"schema":{"@context":"https:\/\/schema.org","@graph":[{"@type":"WebPage","@id":"https:\/\/camvaceng.com\/fr\/a-propos-de-cve\/secteurs\/","url":"https:\/\/camvaceng.com\/fr\/a-propos-de-cve\/secteurs\/","name":"Secteurs - Cambridge Vacuum Engineering","isPartOf":{"@id":"https:\/\/camvaceng.com\/fr\/#website"},"primaryImageOfPage":{"@id":"https:\/\/camvaceng.com\/fr\/a-propos-de-cve\/secteurs\/#primaryimage"},"image":{"@id":"https:\/\/camvaceng.com\/fr\/a-propos-de-cve\/secteurs\/#primaryimage"},"thumbnailUrl":"https:\/\/camvaceng.com\/wp-content\/uploads\/2021\/03\/About-Us-Industries-Automotive-scaled.jpg","datePublished":"2021-02-23T11:11:19+00:00","dateModified":"2023-01-26T11:22:13+00:00","description":"Le soudage par faisceau d\u2019\u00e9lectrons et le soudage laser offrent un large \u00e9ventail d\u2019applications dans de nombreux secteurs d\u2019activit\u00e9.","breadcrumb":{"@id":"https:\/\/camvaceng.com\/fr\/a-propos-de-cve\/secteurs\/#breadcrumb"},"inLanguage":"fr-FR","potentialAction":[{"@type":"ReadAction","target":["https:\/\/camvaceng.com\/fr\/a-propos-de-cve\/secteurs\/"]}]},{"@type":"ImageObject","inLanguage":"fr-FR","@id":"https:\/\/camvaceng.com\/fr\/a-propos-de-cve\/secteurs\/#primaryimage","url":"https:\/\/camvaceng.com\/wp-content\/uploads\/2021\/03\/About-Us-Industries-Automotive-scaled.jpg","contentUrl":"https:\/\/camvaceng.com\/wp-content\/uploads\/2021\/03\/About-Us-Industries-Automotive-scaled.jpg","width":2560,"height":1707},{"@type":"BreadcrumbList","@id":"https:\/\/camvaceng.com\/fr\/a-propos-de-cve\/secteurs\/#breadcrumb","itemListElement":[{"@type":"ListItem","position":1,"name":"Home","item":"https:\/\/camvaceng.com\/fr\/"},{"@type":"ListItem","position":2,"name":"\u00c0 propos de CVE","item":"https:\/\/camvaceng.com\/fr\/a-propos-de-cve\/"},{"@type":"ListItem","position":3,"name":"Secteurs"}]},{"@type":"WebSite","@id":"https:\/\/camvaceng.com\/fr\/#website","url":"https:\/\/camvaceng.com\/fr\/","name":"Cambridge Vacuum Engineering","description":"","publisher":{"@id":"https:\/\/camvaceng.com\/fr\/#organization"},"potentialAction":[{"@type":"SearchAction","target":{"@type":"EntryPoint","urlTemplate":"https:\/\/camvaceng.com\/fr\/?s={search_term_string}"},"query-input":{"@type":"PropertyValueSpecification","valueRequired":true,"valueName":"search_term_string"}}],"inLanguage":"fr-FR"},{"@type":"Organization","@id":"https:\/\/camvaceng.com\/fr\/#organization","name":"Cambridge Vacuum Engineering","url":"https:\/\/camvaceng.com\/fr\/","logo":{"@type":"ImageObject","inLanguage":"fr-FR","@id":"https:\/\/camvaceng.com\/fr\/#\/schema\/logo\/image\/","url":"https:\/\/camvaceng.com\/wp-content\/uploads\/2021\/04\/CamVacEngRGB.jpg","contentUrl":"https:\/\/camvaceng.com\/wp-content\/uploads\/2021\/04\/CamVacEngRGB.jpg","width":1510,"height":807,"caption":"Cambridge Vacuum Engineering"},"image":{"@id":"https:\/\/camvaceng.com\/fr\/#\/schema\/logo\/image\/"},"sameAs":["https:\/\/x.com\/CamVacEng","https:\/\/www.linkedin.com\/company\/20028971\/","https:\/\/www.youtube.com\/channel\/UCEKBjBKlxxfhIHoR22SD0Uw"]}]}},"_links":{"self":[{"href":"https:\/\/camvaceng.com\/fr\/wp-json\/wp\/v2\/pages\/7652","targetHints":{"allow":["GET"]}}],"collection":[{"href":"https:\/\/camvaceng.com\/fr\/wp-json\/wp\/v2\/pages"}],"about":[{"href":"https:\/\/camvaceng.com\/fr\/wp-json\/wp\/v2\/types\/page"}],"author":[{"embeddable":true,"href":"https:\/\/camvaceng.com\/fr\/wp-json\/wp\/v2\/users\/2"}],"replies":[{"embeddable":true,"href":"https:\/\/camvaceng.com\/fr\/wp-json\/wp\/v2\/comments?post=7652"}],"version-history":[{"count":2,"href":"https:\/\/camvaceng.com\/fr\/wp-json\/wp\/v2\/pages\/7652\/revisions"}],"predecessor-version":[{"id":7654,"href":"https:\/\/camvaceng.com\/fr\/wp-json\/wp\/v2\/pages\/7652\/revisions\/7654"}],"up":[{"embeddable":true,"href":"https:\/\/camvaceng.com\/fr\/wp-json\/wp\/v2\/pages\/7640"}],"wp:featuredmedia":[{"embeddable":true,"href":"https:\/\/camvaceng.com\/fr\/wp-json\/wp\/v2\/media\/5129"}],"wp:attachment":[{"href":"https:\/\/camvaceng.com\/fr\/wp-json\/wp\/v2\/media?parent=7652"}],"curies":[{"name":"wp","href":"https:\/\/api.w.org\/{rel}","templated":true}]}}