{"id":7648,"date":"2021-02-23T11:11:10","date_gmt":"2021-02-23T11:11:10","guid":{"rendered":"https:\/\/camvaceng.com\/a-propos-de-cve\/customer-support\/"},"modified":"2023-01-26T11:04:48","modified_gmt":"2023-01-26T11:04:48","slug":"assistance-technique","status":"publish","type":"page","link":"https:\/\/camvaceng.com\/fr\/a-propos-de-cve\/assistance-technique\/","title":{"rendered":"Assistance Technique"},"content":{"rendered":"<p>L\u2019\u00e9quipe d\u2019assistance technique de CVE est \u00e0 votre enti\u00e8re disposition pour r\u00e9pondre \u00e0 toutes les demandes de service ou d\u2019apr\u00e8s-vente, qu\u2019il s\u2019agisse de pi\u00e8ces de rechange, de contrats de maintenance pr\u00e9ventive, de d\u00e9pannages ou de besoins en mati\u00e8re de formation et d\u00e9veloppement.<\/p>\n<p>Une \u00e9quipe d\u2019ing\u00e9nieurs comp\u00e9tents et exp\u00e9riment\u00e9s, capable d\u2019intervenir dans le monde entier, est \u00e0 votre disposition pour des services d\u2019assistance pr\u00e9ventifs et r\u00e9actifs pour votre soudeuse \u00e0 faisceau d\u2019\u00e9lectrons, votre four \u00e0 vide ou votre soudeuse laser.<\/p>\n<p>Nous pouvons concevoir un programme de maintenance sp\u00e9cifiquement adapt\u00e9 \u00e0 vos besoins, avec des tarifs pr\u00e9f\u00e9rentiels et des d\u00e9lais d\u2019intervention prioritaires.<\/p>\n<p>Une liste compl\u00e8te de nos services d\u2019assistance technique est incluse ci-dessous.<\/p>\n","protected":false},"excerpt":{"rendered":"<p>L\u2019\u00e9quipe d\u2019assistance technique de CVE est \u00e0 votre enti\u00e8re disposition pour r\u00e9pondre \u00e0 toutes les demandes de service ou d\u2019apr\u00e8s-vente, qu\u2019il s\u2019agisse de pi\u00e8ces de rechange, de contrats de maintenance pr\u00e9ventive, de d\u00e9pannages ou de besoins en mati\u00e8re de formation et d\u00e9veloppement. Une \u00e9quipe d\u2019ing\u00e9nieurs comp\u00e9tents et exp\u00e9riment\u00e9s, capable d\u2019intervenir dans le monde entier, est [&hellip;]<\/p>\n","protected":false},"author":2,"featured_media":5135,"parent":7640,"menu_order":0,"comment_status":"closed","ping_status":"closed","template":"template-customer-support.php","meta":{"_acf_changed":false,"footnotes":""},"class_list":["post-7648","page","type-page","status-publish","has-post-thumbnail","hentry"],"acf":[],"yoast_head":"<!-- This site is optimized with the Yoast SEO plugin v27.3 - https:\/\/yoast.com\/product\/yoast-seo-wordpress\/ -->\n<title>Assistance Technique - Cambridge Vacuum Engineering<\/title>\n<meta name=\"description\" content=\"L\u2019\u00e9quipe d\u2019assistance technique de CVE est \u00e0 votre enti\u00e8re disposition pour r\u00e9pondre \u00e0 toutes les demandes de service ou d\u2019apr\u00e8s-vente, qu\u2019il s\u2019agisse de pi\u00e8ces de rechange, de contrats de maintenance pr\u00e9ventive, de d\u00e9pannages ou de besoins en mati\u00e8re de formation et d\u00e9veloppement.\" \/>\n<meta name=\"robots\" content=\"index, follow, max-snippet:-1, max-image-preview:large, max-video-preview:-1\" \/>\n<link rel=\"canonical\" href=\"https:\/\/camvaceng.com\/fr\/a-propos-de-cve\/assistance-technique\/\" \/>\n<meta property=\"og:locale\" content=\"fr_FR\" \/>\n<meta property=\"og:type\" content=\"article\" \/>\n<meta property=\"og:title\" content=\"Assistance Technique - Cambridge Vacuum Engineering\" \/>\n<meta property=\"og:description\" content=\"L\u2019\u00e9quipe d\u2019assistance technique de CVE est \u00e0 votre enti\u00e8re disposition pour r\u00e9pondre \u00e0 toutes les demandes de service ou d\u2019apr\u00e8s-vente, qu\u2019il s\u2019agisse de pi\u00e8ces de rechange, de contrats de maintenance pr\u00e9ventive, de d\u00e9pannages ou de besoins en mati\u00e8re de formation et d\u00e9veloppement.\" \/>\n<meta property=\"og:url\" content=\"https:\/\/camvaceng.com\/fr\/a-propos-de-cve\/assistance-technique\/\" \/>\n<meta property=\"og:site_name\" content=\"Cambridge Vacuum Engineering\" \/>\n<meta property=\"article:modified_time\" content=\"2023-01-26T11:04:48+00:00\" \/>\n<meta property=\"og:image\" content=\"https:\/\/camvaceng.com\/wp-content\/uploads\/2021\/03\/About-Us-Customer-Support-Breakdown-Repairs-scaled.jpg\" \/>\n\t<meta property=\"og:image:width\" content=\"2560\" \/>\n\t<meta property=\"og:image:height\" content=\"1695\" \/>\n\t<meta property=\"og:image:type\" content=\"image\/jpeg\" \/>\n<meta name=\"twitter:card\" content=\"summary_large_image\" \/>\n<meta name=\"twitter:site\" content=\"@CamVacEng\" \/>\n<meta name=\"twitter:label1\" content=\"Dur\u00e9e de lecture estim\u00e9e\" \/>\n\t<meta name=\"twitter:data1\" content=\"1 minute\" \/>\n<script type=\"application\/ld+json\" class=\"yoast-schema-graph\">{\"@context\":\"https:\\\/\\\/schema.org\",\"@graph\":[{\"@type\":\"WebPage\",\"@id\":\"https:\\\/\\\/camvaceng.com\\\/fr\\\/a-propos-de-cve\\\/assistance-technique\\\/\",\"url\":\"https:\\\/\\\/camvaceng.com\\\/fr\\\/a-propos-de-cve\\\/assistance-technique\\\/\",\"name\":\"Assistance Technique - Cambridge Vacuum Engineering\",\"isPartOf\":{\"@id\":\"https:\\\/\\\/camvaceng.com\\\/fr\\\/#website\"},\"primaryImageOfPage\":{\"@id\":\"https:\\\/\\\/camvaceng.com\\\/fr\\\/a-propos-de-cve\\\/assistance-technique\\\/#primaryimage\"},\"image\":{\"@id\":\"https:\\\/\\\/camvaceng.com\\\/fr\\\/a-propos-de-cve\\\/assistance-technique\\\/#primaryimage\"},\"thumbnailUrl\":\"https:\\\/\\\/camvaceng.com\\\/wp-content\\\/uploads\\\/2021\\\/03\\\/About-Us-Customer-Support-Breakdown-Repairs-scaled.jpg\",\"datePublished\":\"2021-02-23T11:11:10+00:00\",\"dateModified\":\"2023-01-26T11:04:48+00:00\",\"description\":\"L\u2019\u00e9quipe d\u2019assistance technique de CVE est \u00e0 votre enti\u00e8re disposition pour r\u00e9pondre \u00e0 toutes les demandes de service ou d\u2019apr\u00e8s-vente, qu\u2019il s\u2019agisse de pi\u00e8ces de rechange, de contrats de maintenance pr\u00e9ventive, de d\u00e9pannages ou de besoins en mati\u00e8re de formation et d\u00e9veloppement.\",\"breadcrumb\":{\"@id\":\"https:\\\/\\\/camvaceng.com\\\/fr\\\/a-propos-de-cve\\\/assistance-technique\\\/#breadcrumb\"},\"inLanguage\":\"fr-FR\",\"potentialAction\":[{\"@type\":\"ReadAction\",\"target\":[\"https:\\\/\\\/camvaceng.com\\\/fr\\\/a-propos-de-cve\\\/assistance-technique\\\/\"]}]},{\"@type\":\"ImageObject\",\"inLanguage\":\"fr-FR\",\"@id\":\"https:\\\/\\\/camvaceng.com\\\/fr\\\/a-propos-de-cve\\\/assistance-technique\\\/#primaryimage\",\"url\":\"https:\\\/\\\/camvaceng.com\\\/wp-content\\\/uploads\\\/2021\\\/03\\\/About-Us-Customer-Support-Breakdown-Repairs-scaled.jpg\",\"contentUrl\":\"https:\\\/\\\/camvaceng.com\\\/wp-content\\\/uploads\\\/2021\\\/03\\\/About-Us-Customer-Support-Breakdown-Repairs-scaled.jpg\",\"width\":2560,\"height\":1695},{\"@type\":\"BreadcrumbList\",\"@id\":\"https:\\\/\\\/camvaceng.com\\\/fr\\\/a-propos-de-cve\\\/assistance-technique\\\/#breadcrumb\",\"itemListElement\":[{\"@type\":\"ListItem\",\"position\":1,\"name\":\"Home\",\"item\":\"https:\\\/\\\/camvaceng.com\\\/fr\\\/\"},{\"@type\":\"ListItem\",\"position\":2,\"name\":\"\u00c0 propos de CVE\",\"item\":\"https:\\\/\\\/camvaceng.com\\\/fr\\\/a-propos-de-cve\\\/\"},{\"@type\":\"ListItem\",\"position\":3,\"name\":\"Assistance Technique\"}]},{\"@type\":\"WebSite\",\"@id\":\"https:\\\/\\\/camvaceng.com\\\/fr\\\/#website\",\"url\":\"https:\\\/\\\/camvaceng.com\\\/fr\\\/\",\"name\":\"Cambridge Vacuum Engineering\",\"description\":\"\",\"publisher\":{\"@id\":\"https:\\\/\\\/camvaceng.com\\\/fr\\\/#organization\"},\"potentialAction\":[{\"@type\":\"SearchAction\",\"target\":{\"@type\":\"EntryPoint\",\"urlTemplate\":\"https:\\\/\\\/camvaceng.com\\\/fr\\\/?s={search_term_string}\"},\"query-input\":{\"@type\":\"PropertyValueSpecification\",\"valueRequired\":true,\"valueName\":\"search_term_string\"}}],\"inLanguage\":\"fr-FR\"},{\"@type\":\"Organization\",\"@id\":\"https:\\\/\\\/camvaceng.com\\\/fr\\\/#organization\",\"name\":\"Cambridge Vacuum Engineering\",\"url\":\"https:\\\/\\\/camvaceng.com\\\/fr\\\/\",\"logo\":{\"@type\":\"ImageObject\",\"inLanguage\":\"fr-FR\",\"@id\":\"https:\\\/\\\/camvaceng.com\\\/fr\\\/#\\\/schema\\\/logo\\\/image\\\/\",\"url\":\"https:\\\/\\\/camvaceng.com\\\/wp-content\\\/uploads\\\/2021\\\/04\\\/CamVacEngRGB.jpg\",\"contentUrl\":\"https:\\\/\\\/camvaceng.com\\\/wp-content\\\/uploads\\\/2021\\\/04\\\/CamVacEngRGB.jpg\",\"width\":1510,\"height\":807,\"caption\":\"Cambridge Vacuum Engineering\"},\"image\":{\"@id\":\"https:\\\/\\\/camvaceng.com\\\/fr\\\/#\\\/schema\\\/logo\\\/image\\\/\"},\"sameAs\":[\"https:\\\/\\\/x.com\\\/CamVacEng\",\"https:\\\/\\\/www.linkedin.com\\\/company\\\/20028971\\\/\",\"https:\\\/\\\/www.youtube.com\\\/channel\\\/UCEKBjBKlxxfhIHoR22SD0Uw\"]}]}<\/script>\n<!-- \/ Yoast SEO plugin. -->","yoast_head_json":{"title":"Assistance Technique - Cambridge Vacuum Engineering","description":"L\u2019\u00e9quipe d\u2019assistance technique de CVE est \u00e0 votre enti\u00e8re disposition pour r\u00e9pondre \u00e0 toutes les demandes de service ou d\u2019apr\u00e8s-vente, qu\u2019il s\u2019agisse de pi\u00e8ces de rechange, de contrats de maintenance pr\u00e9ventive, de d\u00e9pannages ou de besoins en mati\u00e8re de formation et d\u00e9veloppement.","robots":{"index":"index","follow":"follow","max-snippet":"max-snippet:-1","max-image-preview":"max-image-preview:large","max-video-preview":"max-video-preview:-1"},"canonical":"https:\/\/camvaceng.com\/fr\/a-propos-de-cve\/assistance-technique\/","og_locale":"fr_FR","og_type":"article","og_title":"Assistance Technique - Cambridge Vacuum Engineering","og_description":"L\u2019\u00e9quipe d\u2019assistance technique de CVE est \u00e0 votre enti\u00e8re disposition pour r\u00e9pondre \u00e0 toutes les demandes de service ou d\u2019apr\u00e8s-vente, qu\u2019il s\u2019agisse de pi\u00e8ces de rechange, de contrats de maintenance pr\u00e9ventive, de d\u00e9pannages ou de besoins en mati\u00e8re de formation et d\u00e9veloppement.","og_url":"https:\/\/camvaceng.com\/fr\/a-propos-de-cve\/assistance-technique\/","og_site_name":"Cambridge Vacuum Engineering","article_modified_time":"2023-01-26T11:04:48+00:00","og_image":[{"width":2560,"height":1695,"url":"https:\/\/camvaceng.com\/wp-content\/uploads\/2021\/03\/About-Us-Customer-Support-Breakdown-Repairs-scaled.jpg","type":"image\/jpeg"}],"twitter_card":"summary_large_image","twitter_site":"@CamVacEng","twitter_misc":{"Dur\u00e9e de lecture estim\u00e9e":"1 minute"},"schema":{"@context":"https:\/\/schema.org","@graph":[{"@type":"WebPage","@id":"https:\/\/camvaceng.com\/fr\/a-propos-de-cve\/assistance-technique\/","url":"https:\/\/camvaceng.com\/fr\/a-propos-de-cve\/assistance-technique\/","name":"Assistance Technique - Cambridge Vacuum Engineering","isPartOf":{"@id":"https:\/\/camvaceng.com\/fr\/#website"},"primaryImageOfPage":{"@id":"https:\/\/camvaceng.com\/fr\/a-propos-de-cve\/assistance-technique\/#primaryimage"},"image":{"@id":"https:\/\/camvaceng.com\/fr\/a-propos-de-cve\/assistance-technique\/#primaryimage"},"thumbnailUrl":"https:\/\/camvaceng.com\/wp-content\/uploads\/2021\/03\/About-Us-Customer-Support-Breakdown-Repairs-scaled.jpg","datePublished":"2021-02-23T11:11:10+00:00","dateModified":"2023-01-26T11:04:48+00:00","description":"L\u2019\u00e9quipe d\u2019assistance technique de CVE est \u00e0 votre enti\u00e8re disposition pour r\u00e9pondre \u00e0 toutes les demandes de service ou d\u2019apr\u00e8s-vente, qu\u2019il s\u2019agisse de pi\u00e8ces de rechange, de contrats de maintenance pr\u00e9ventive, de d\u00e9pannages ou de besoins en mati\u00e8re de formation et d\u00e9veloppement.","breadcrumb":{"@id":"https:\/\/camvaceng.com\/fr\/a-propos-de-cve\/assistance-technique\/#breadcrumb"},"inLanguage":"fr-FR","potentialAction":[{"@type":"ReadAction","target":["https:\/\/camvaceng.com\/fr\/a-propos-de-cve\/assistance-technique\/"]}]},{"@type":"ImageObject","inLanguage":"fr-FR","@id":"https:\/\/camvaceng.com\/fr\/a-propos-de-cve\/assistance-technique\/#primaryimage","url":"https:\/\/camvaceng.com\/wp-content\/uploads\/2021\/03\/About-Us-Customer-Support-Breakdown-Repairs-scaled.jpg","contentUrl":"https:\/\/camvaceng.com\/wp-content\/uploads\/2021\/03\/About-Us-Customer-Support-Breakdown-Repairs-scaled.jpg","width":2560,"height":1695},{"@type":"BreadcrumbList","@id":"https:\/\/camvaceng.com\/fr\/a-propos-de-cve\/assistance-technique\/#breadcrumb","itemListElement":[{"@type":"ListItem","position":1,"name":"Home","item":"https:\/\/camvaceng.com\/fr\/"},{"@type":"ListItem","position":2,"name":"\u00c0 propos de CVE","item":"https:\/\/camvaceng.com\/fr\/a-propos-de-cve\/"},{"@type":"ListItem","position":3,"name":"Assistance Technique"}]},{"@type":"WebSite","@id":"https:\/\/camvaceng.com\/fr\/#website","url":"https:\/\/camvaceng.com\/fr\/","name":"Cambridge Vacuum Engineering","description":"","publisher":{"@id":"https:\/\/camvaceng.com\/fr\/#organization"},"potentialAction":[{"@type":"SearchAction","target":{"@type":"EntryPoint","urlTemplate":"https:\/\/camvaceng.com\/fr\/?s={search_term_string}"},"query-input":{"@type":"PropertyValueSpecification","valueRequired":true,"valueName":"search_term_string"}}],"inLanguage":"fr-FR"},{"@type":"Organization","@id":"https:\/\/camvaceng.com\/fr\/#organization","name":"Cambridge Vacuum Engineering","url":"https:\/\/camvaceng.com\/fr\/","logo":{"@type":"ImageObject","inLanguage":"fr-FR","@id":"https:\/\/camvaceng.com\/fr\/#\/schema\/logo\/image\/","url":"https:\/\/camvaceng.com\/wp-content\/uploads\/2021\/04\/CamVacEngRGB.jpg","contentUrl":"https:\/\/camvaceng.com\/wp-content\/uploads\/2021\/04\/CamVacEngRGB.jpg","width":1510,"height":807,"caption":"Cambridge Vacuum Engineering"},"image":{"@id":"https:\/\/camvaceng.com\/fr\/#\/schema\/logo\/image\/"},"sameAs":["https:\/\/x.com\/CamVacEng","https:\/\/www.linkedin.com\/company\/20028971\/","https:\/\/www.youtube.com\/channel\/UCEKBjBKlxxfhIHoR22SD0Uw"]}]}},"_links":{"self":[{"href":"https:\/\/camvaceng.com\/fr\/wp-json\/wp\/v2\/pages\/7648","targetHints":{"allow":["GET"]}}],"collection":[{"href":"https:\/\/camvaceng.com\/fr\/wp-json\/wp\/v2\/pages"}],"about":[{"href":"https:\/\/camvaceng.com\/fr\/wp-json\/wp\/v2\/types\/page"}],"author":[{"embeddable":true,"href":"https:\/\/camvaceng.com\/fr\/wp-json\/wp\/v2\/users\/2"}],"replies":[{"embeddable":true,"href":"https:\/\/camvaceng.com\/fr\/wp-json\/wp\/v2\/comments?post=7648"}],"version-history":[{"count":2,"href":"https:\/\/camvaceng.com\/fr\/wp-json\/wp\/v2\/pages\/7648\/revisions"}],"predecessor-version":[{"id":7650,"href":"https:\/\/camvaceng.com\/fr\/wp-json\/wp\/v2\/pages\/7648\/revisions\/7650"}],"up":[{"embeddable":true,"href":"https:\/\/camvaceng.com\/fr\/wp-json\/wp\/v2\/pages\/7640"}],"wp:featuredmedia":[{"embeddable":true,"href":"https:\/\/camvaceng.com\/fr\/wp-json\/wp\/v2\/media\/5135"}],"wp:attachment":[{"href":"https:\/\/camvaceng.com\/fr\/wp-json\/wp\/v2\/media?parent=7648"}],"curies":[{"name":"wp","href":"https:\/\/api.w.org\/{rel}","templated":true}]}}