{"id":472,"date":"2021-03-10T13:09:07","date_gmt":"2021-03-10T13:09:07","guid":{"rendered":"http:\/\/www.newsite.camvaceng.com\/?page_id=472"},"modified":"2021-08-03T13:45:34","modified_gmt":"2021-08-03T13:45:34","slug":"eventos-y-seminarios-web","status":"publish","type":"page","link":"https:\/\/camvaceng.com\/es\/noticias-y-medios-de-comunicacion\/eventos-y-seminarios-web\/","title":{"rendered":"Eventos y Seminarios Web"},"content":{"rendered":"<p>Asistimos a eventos de soldadura y uniones de todo el mundo. A trav\u00e9s del siguiente enlace podr\u00e1 ver en qu\u00e9 eventos puede encontrar a nuestro equipo este a\u00f1o. \u00a1Ap\u00fantese y sal\u00fadenos!<\/p>\n","protected":false},"excerpt":{"rendered":"<p>Asistimos a eventos de soldadura y uniones de todo el mundo. A trav\u00e9s del siguiente enlace podr\u00e1 ver en qu\u00e9 eventos puede encontrar a nuestro equipo este a\u00f1o. \u00a1Ap\u00fantese y sal\u00fadenos!<\/p>\n","protected":false},"author":2,"featured_media":939,"parent":463,"menu_order":0,"comment_status":"closed","ping_status":"closed","template":"template-events.php","meta":{"_acf_changed":false,"footnotes":""},"class_list":["post-472","page","type-page","status-publish","has-post-thumbnail","hentry"],"acf":[],"yoast_head":"<!-- This site is optimized with the Yoast SEO plugin v27.3 - https:\/\/yoast.com\/product\/yoast-seo-wordpress\/ -->\n<title>Eventos y Seminarios Web - Cambridge Vacuum Engineering<\/title>\n<meta name=\"description\" content=\"Asistimos a eventos de soldadura y uniones de todo el mundo. A trav\u00e9s del siguiente enlace podr\u00e1 ver en qu\u00e9 eventos puede encontrar a nuestro equipo este a\u00f1o. \u00a1Ap\u00fantese y sal\u00fadenos!\" \/>\n<meta name=\"robots\" content=\"index, follow, max-snippet:-1, max-image-preview:large, max-video-preview:-1\" \/>\n<link rel=\"canonical\" href=\"https:\/\/camvaceng.com\/es\/noticias-y-medios-de-comunicacion\/eventos-y-seminarios-web\/\" \/>\n<meta property=\"og:locale\" content=\"es_ES\" \/>\n<meta property=\"og:type\" content=\"article\" \/>\n<meta property=\"og:title\" content=\"Eventos y Seminarios Web - Cambridge Vacuum Engineering\" \/>\n<meta property=\"og:description\" content=\"Asistimos a eventos de soldadura y uniones de todo el mundo. A trav\u00e9s del siguiente enlace podr\u00e1 ver en qu\u00e9 eventos puede encontrar a nuestro equipo este a\u00f1o. \u00a1Ap\u00fantese y sal\u00fadenos!\" \/>\n<meta property=\"og:url\" content=\"https:\/\/camvaceng.com\/es\/noticias-y-medios-de-comunicacion\/eventos-y-seminarios-web\/\" \/>\n<meta property=\"og:site_name\" content=\"Cambridge Vacuum Engineering\" \/>\n<meta property=\"article:modified_time\" content=\"2021-08-03T13:45:34+00:00\" \/>\n<meta property=\"og:image\" content=\"https:\/\/camvaceng.com\/wp-content\/uploads\/2021\/03\/News-and-Media-Events-scaled.jpeg\" \/>\n\t<meta property=\"og:image:width\" content=\"2560\" \/>\n\t<meta property=\"og:image:height\" content=\"1707\" \/>\n\t<meta property=\"og:image:type\" content=\"image\/jpeg\" \/>\n<meta name=\"twitter:card\" content=\"summary_large_image\" \/>\n<meta name=\"twitter:site\" content=\"@CamVacEng\" \/>\n<meta name=\"twitter:label1\" content=\"Tiempo de lectura\" \/>\n\t<meta name=\"twitter:data1\" content=\"1 minuto\" \/>\n<script type=\"application\/ld+json\" class=\"yoast-schema-graph\">{\"@context\":\"https:\\\/\\\/schema.org\",\"@graph\":[{\"@type\":\"WebPage\",\"@id\":\"https:\\\/\\\/camvaceng.com\\\/es\\\/noticias-y-medios-de-comunicacion\\\/eventos-y-seminarios-web\\\/\",\"url\":\"https:\\\/\\\/camvaceng.com\\\/es\\\/noticias-y-medios-de-comunicacion\\\/eventos-y-seminarios-web\\\/\",\"name\":\"Eventos y Seminarios Web - Cambridge Vacuum Engineering\",\"isPartOf\":{\"@id\":\"https:\\\/\\\/camvaceng.com\\\/es\\\/#website\"},\"primaryImageOfPage\":{\"@id\":\"https:\\\/\\\/camvaceng.com\\\/es\\\/noticias-y-medios-de-comunicacion\\\/eventos-y-seminarios-web\\\/#primaryimage\"},\"image\":{\"@id\":\"https:\\\/\\\/camvaceng.com\\\/es\\\/noticias-y-medios-de-comunicacion\\\/eventos-y-seminarios-web\\\/#primaryimage\"},\"thumbnailUrl\":\"https:\\\/\\\/camvaceng.com\\\/wp-content\\\/uploads\\\/2021\\\/03\\\/News-and-Media-Events-scaled.jpeg\",\"datePublished\":\"2021-03-10T13:09:07+00:00\",\"dateModified\":\"2021-08-03T13:45:34+00:00\",\"description\":\"Asistimos a eventos de soldadura y uniones de todo el mundo. A trav\u00e9s del siguiente enlace podr\u00e1 ver en qu\u00e9 eventos puede encontrar a nuestro equipo este a\u00f1o. \u00a1Ap\u00fantese y sal\u00fadenos!\",\"breadcrumb\":{\"@id\":\"https:\\\/\\\/camvaceng.com\\\/es\\\/noticias-y-medios-de-comunicacion\\\/eventos-y-seminarios-web\\\/#breadcrumb\"},\"inLanguage\":\"es\",\"potentialAction\":[{\"@type\":\"ReadAction\",\"target\":[\"https:\\\/\\\/camvaceng.com\\\/es\\\/noticias-y-medios-de-comunicacion\\\/eventos-y-seminarios-web\\\/\"]}]},{\"@type\":\"ImageObject\",\"inLanguage\":\"es\",\"@id\":\"https:\\\/\\\/camvaceng.com\\\/es\\\/noticias-y-medios-de-comunicacion\\\/eventos-y-seminarios-web\\\/#primaryimage\",\"url\":\"https:\\\/\\\/camvaceng.com\\\/wp-content\\\/uploads\\\/2021\\\/03\\\/News-and-Media-Events-scaled.jpeg\",\"contentUrl\":\"https:\\\/\\\/camvaceng.com\\\/wp-content\\\/uploads\\\/2021\\\/03\\\/News-and-Media-Events-scaled.jpeg\",\"width\":2560,\"height\":1707,\"caption\":\"SHENZHEN, CHINA - CIRCA NOVEMBER, 2019: top view of exhibition stands and people at China Hi-Tech Fair 2019 at Shenzhen Convention &amp; Exhibition Center.\"},{\"@type\":\"BreadcrumbList\",\"@id\":\"https:\\\/\\\/camvaceng.com\\\/es\\\/noticias-y-medios-de-comunicacion\\\/eventos-y-seminarios-web\\\/#breadcrumb\",\"itemListElement\":[{\"@type\":\"ListItem\",\"position\":1,\"name\":\"Home\",\"item\":\"https:\\\/\\\/camvaceng.com\\\/es\\\/\"},{\"@type\":\"ListItem\",\"position\":2,\"name\":\"Noticias y Medios de Comunicaci\u00f3n\",\"item\":\"https:\\\/\\\/camvaceng.com\\\/es\\\/noticias-y-medios-de-comunicacion\\\/?lang=es\"},{\"@type\":\"ListItem\",\"position\":3,\"name\":\"Eventos y Seminarios Web\"}]},{\"@type\":\"WebSite\",\"@id\":\"https:\\\/\\\/camvaceng.com\\\/es\\\/#website\",\"url\":\"https:\\\/\\\/camvaceng.com\\\/es\\\/\",\"name\":\"Cambridge Vacuum Engineering\",\"description\":\"\",\"publisher\":{\"@id\":\"https:\\\/\\\/camvaceng.com\\\/es\\\/#organization\"},\"potentialAction\":[{\"@type\":\"SearchAction\",\"target\":{\"@type\":\"EntryPoint\",\"urlTemplate\":\"https:\\\/\\\/camvaceng.com\\\/es\\\/?s={search_term_string}\"},\"query-input\":{\"@type\":\"PropertyValueSpecification\",\"valueRequired\":true,\"valueName\":\"search_term_string\"}}],\"inLanguage\":\"es\"},{\"@type\":\"Organization\",\"@id\":\"https:\\\/\\\/camvaceng.com\\\/es\\\/#organization\",\"name\":\"Cambridge Vacuum Engineering\",\"url\":\"https:\\\/\\\/camvaceng.com\\\/es\\\/\",\"logo\":{\"@type\":\"ImageObject\",\"inLanguage\":\"es\",\"@id\":\"https:\\\/\\\/camvaceng.com\\\/es\\\/#\\\/schema\\\/logo\\\/image\\\/\",\"url\":\"https:\\\/\\\/camvaceng.com\\\/wp-content\\\/uploads\\\/2021\\\/04\\\/CamVacEngRGB.jpg\",\"contentUrl\":\"https:\\\/\\\/camvaceng.com\\\/wp-content\\\/uploads\\\/2021\\\/04\\\/CamVacEngRGB.jpg\",\"width\":1510,\"height\":807,\"caption\":\"Cambridge Vacuum Engineering\"},\"image\":{\"@id\":\"https:\\\/\\\/camvaceng.com\\\/es\\\/#\\\/schema\\\/logo\\\/image\\\/\"},\"sameAs\":[\"https:\\\/\\\/x.com\\\/CamVacEng\",\"https:\\\/\\\/www.linkedin.com\\\/company\\\/20028971\\\/\",\"https:\\\/\\\/www.youtube.com\\\/channel\\\/UCEKBjBKlxxfhIHoR22SD0Uw\"]}]}<\/script>\n<!-- \/ Yoast SEO plugin. -->","yoast_head_json":{"title":"Eventos y Seminarios Web - Cambridge Vacuum Engineering","description":"Asistimos a eventos de soldadura y uniones de todo el mundo. A trav\u00e9s del siguiente enlace podr\u00e1 ver en qu\u00e9 eventos puede encontrar a nuestro equipo este a\u00f1o. \u00a1Ap\u00fantese y sal\u00fadenos!","robots":{"index":"index","follow":"follow","max-snippet":"max-snippet:-1","max-image-preview":"max-image-preview:large","max-video-preview":"max-video-preview:-1"},"canonical":"https:\/\/camvaceng.com\/es\/noticias-y-medios-de-comunicacion\/eventos-y-seminarios-web\/","og_locale":"es_ES","og_type":"article","og_title":"Eventos y Seminarios Web - Cambridge Vacuum Engineering","og_description":"Asistimos a eventos de soldadura y uniones de todo el mundo. A trav\u00e9s del siguiente enlace podr\u00e1 ver en qu\u00e9 eventos puede encontrar a nuestro equipo este a\u00f1o. \u00a1Ap\u00fantese y sal\u00fadenos!","og_url":"https:\/\/camvaceng.com\/es\/noticias-y-medios-de-comunicacion\/eventos-y-seminarios-web\/","og_site_name":"Cambridge Vacuum Engineering","article_modified_time":"2021-08-03T13:45:34+00:00","og_image":[{"width":2560,"height":1707,"url":"https:\/\/camvaceng.com\/wp-content\/uploads\/2021\/03\/News-and-Media-Events-scaled.jpeg","type":"image\/jpeg"}],"twitter_card":"summary_large_image","twitter_site":"@CamVacEng","twitter_misc":{"Tiempo de lectura":"1 minuto"},"schema":{"@context":"https:\/\/schema.org","@graph":[{"@type":"WebPage","@id":"https:\/\/camvaceng.com\/es\/noticias-y-medios-de-comunicacion\/eventos-y-seminarios-web\/","url":"https:\/\/camvaceng.com\/es\/noticias-y-medios-de-comunicacion\/eventos-y-seminarios-web\/","name":"Eventos y Seminarios Web - Cambridge Vacuum Engineering","isPartOf":{"@id":"https:\/\/camvaceng.com\/es\/#website"},"primaryImageOfPage":{"@id":"https:\/\/camvaceng.com\/es\/noticias-y-medios-de-comunicacion\/eventos-y-seminarios-web\/#primaryimage"},"image":{"@id":"https:\/\/camvaceng.com\/es\/noticias-y-medios-de-comunicacion\/eventos-y-seminarios-web\/#primaryimage"},"thumbnailUrl":"https:\/\/camvaceng.com\/wp-content\/uploads\/2021\/03\/News-and-Media-Events-scaled.jpeg","datePublished":"2021-03-10T13:09:07+00:00","dateModified":"2021-08-03T13:45:34+00:00","description":"Asistimos a eventos de soldadura y uniones de todo el mundo. A trav\u00e9s del siguiente enlace podr\u00e1 ver en qu\u00e9 eventos puede encontrar a nuestro equipo este a\u00f1o. \u00a1Ap\u00fantese y sal\u00fadenos!","breadcrumb":{"@id":"https:\/\/camvaceng.com\/es\/noticias-y-medios-de-comunicacion\/eventos-y-seminarios-web\/#breadcrumb"},"inLanguage":"es","potentialAction":[{"@type":"ReadAction","target":["https:\/\/camvaceng.com\/es\/noticias-y-medios-de-comunicacion\/eventos-y-seminarios-web\/"]}]},{"@type":"ImageObject","inLanguage":"es","@id":"https:\/\/camvaceng.com\/es\/noticias-y-medios-de-comunicacion\/eventos-y-seminarios-web\/#primaryimage","url":"https:\/\/camvaceng.com\/wp-content\/uploads\/2021\/03\/News-and-Media-Events-scaled.jpeg","contentUrl":"https:\/\/camvaceng.com\/wp-content\/uploads\/2021\/03\/News-and-Media-Events-scaled.jpeg","width":2560,"height":1707,"caption":"SHENZHEN, CHINA - CIRCA NOVEMBER, 2019: top view of exhibition stands and people at China Hi-Tech Fair 2019 at Shenzhen Convention &amp; Exhibition Center."},{"@type":"BreadcrumbList","@id":"https:\/\/camvaceng.com\/es\/noticias-y-medios-de-comunicacion\/eventos-y-seminarios-web\/#breadcrumb","itemListElement":[{"@type":"ListItem","position":1,"name":"Home","item":"https:\/\/camvaceng.com\/es\/"},{"@type":"ListItem","position":2,"name":"Noticias y Medios de Comunicaci\u00f3n","item":"https:\/\/camvaceng.com\/es\/noticias-y-medios-de-comunicacion\/?lang=es"},{"@type":"ListItem","position":3,"name":"Eventos y Seminarios Web"}]},{"@type":"WebSite","@id":"https:\/\/camvaceng.com\/es\/#website","url":"https:\/\/camvaceng.com\/es\/","name":"Cambridge Vacuum Engineering","description":"","publisher":{"@id":"https:\/\/camvaceng.com\/es\/#organization"},"potentialAction":[{"@type":"SearchAction","target":{"@type":"EntryPoint","urlTemplate":"https:\/\/camvaceng.com\/es\/?s={search_term_string}"},"query-input":{"@type":"PropertyValueSpecification","valueRequired":true,"valueName":"search_term_string"}}],"inLanguage":"es"},{"@type":"Organization","@id":"https:\/\/camvaceng.com\/es\/#organization","name":"Cambridge Vacuum Engineering","url":"https:\/\/camvaceng.com\/es\/","logo":{"@type":"ImageObject","inLanguage":"es","@id":"https:\/\/camvaceng.com\/es\/#\/schema\/logo\/image\/","url":"https:\/\/camvaceng.com\/wp-content\/uploads\/2021\/04\/CamVacEngRGB.jpg","contentUrl":"https:\/\/camvaceng.com\/wp-content\/uploads\/2021\/04\/CamVacEngRGB.jpg","width":1510,"height":807,"caption":"Cambridge Vacuum Engineering"},"image":{"@id":"https:\/\/camvaceng.com\/es\/#\/schema\/logo\/image\/"},"sameAs":["https:\/\/x.com\/CamVacEng","https:\/\/www.linkedin.com\/company\/20028971\/","https:\/\/www.youtube.com\/channel\/UCEKBjBKlxxfhIHoR22SD0Uw"]}]}},"_links":{"self":[{"href":"https:\/\/camvaceng.com\/es\/wp-json\/wp\/v2\/pages\/472","targetHints":{"allow":["GET"]}}],"collection":[{"href":"https:\/\/camvaceng.com\/es\/wp-json\/wp\/v2\/pages"}],"about":[{"href":"https:\/\/camvaceng.com\/es\/wp-json\/wp\/v2\/types\/page"}],"author":[{"embeddable":true,"href":"https:\/\/camvaceng.com\/es\/wp-json\/wp\/v2\/users\/2"}],"replies":[{"embeddable":true,"href":"https:\/\/camvaceng.com\/es\/wp-json\/wp\/v2\/comments?post=472"}],"version-history":[{"count":1,"href":"https:\/\/camvaceng.com\/es\/wp-json\/wp\/v2\/pages\/472\/revisions"}],"predecessor-version":[{"id":2197,"href":"https:\/\/camvaceng.com\/es\/wp-json\/wp\/v2\/pages\/472\/revisions\/2197"}],"up":[{"embeddable":true,"href":"https:\/\/camvaceng.com\/es\/wp-json\/wp\/v2\/pages\/463"}],"wp:featuredmedia":[{"embeddable":true,"href":"https:\/\/camvaceng.com\/es\/wp-json\/wp\/v2\/media\/939"}],"wp:attachment":[{"href":"https:\/\/camvaceng.com\/es\/wp-json\/wp\/v2\/media?parent=472"}],"curies":[{"name":"wp","href":"https:\/\/api.w.org\/{rel}","templated":true}]}}