{"id":452,"date":"2021-02-23T11:11:10","date_gmt":"2021-02-23T11:11:10","guid":{"rendered":"http:\/\/www.newsite.camvaceng.com\/?page_id=452"},"modified":"2021-11-09T14:31:52","modified_gmt":"2021-11-09T14:31:52","slug":"servicio-de-atencion-al-cliente","status":"publish","type":"page","link":"https:\/\/camvaceng.com\/es\/empresa\/servicio-de-atencion-al-cliente\/","title":{"rendered":"Servicio de Atenci\u00f3n al Cliente"},"content":{"rendered":"<p>El personal del Servicio de Atenci\u00f3n al Cliente de CVE est\u00e1 siempre a disposici\u00f3n del cliente para asistirle en relaci\u00f3n a cualquier servicio o consulta sobre la posventa, ya sea en relaci\u00f3n a piezas de repuesto, contratos de mantenimiento preventivo, fallos en las m\u00e1quinas, aver\u00edas o formaci\u00f3n y desarrollo.<\/p>\n<p>En caso de necesitar un mantenimiento preventivo y reactivo de equipos de soldadura por haz de electrones o l\u00e1ser, u hornos de vac\u00edo, el cliente puede contar con la ayuda de ingenieros cualificados y con experiencia presentes en todo el mundo.<\/p>\n<p>Podemos dise\u00f1ar un paquete de mantenimiento que se adec\u00fae a sus requisitos, aport\u00e1ndole los beneficios de unos precios con condiciones favorables y una respuesta prioritaria.<\/p>\n<p>A continuaci\u00f3n, se enumeran todos los servicios de atenci\u00f3n al cliente que prestamos.<\/p>\n","protected":false},"excerpt":{"rendered":"<p>El personal del Servicio de Atenci\u00f3n al Cliente de CVE est\u00e1 siempre a disposici\u00f3n del cliente para asistirle en relaci\u00f3n a cualquier servicio o consulta sobre la posventa, ya sea en relaci\u00f3n a piezas de repuesto, contratos de mantenimiento preventivo, fallos en las m\u00e1quinas, aver\u00edas o formaci\u00f3n y desarrollo. En caso de necesitar un mantenimiento [&hellip;]<\/p>\n","protected":false},"author":2,"featured_media":3295,"parent":446,"menu_order":0,"comment_status":"closed","ping_status":"closed","template":"template-customer-support.php","meta":{"_acf_changed":false,"footnotes":""},"class_list":["post-452","page","type-page","status-publish","has-post-thumbnail","hentry"],"acf":[],"yoast_head":"<!-- This site is optimized with the Yoast SEO plugin v27.3 - https:\/\/yoast.com\/product\/yoast-seo-wordpress\/ -->\n<title>Servicio de Atenci\u00f3n al Cliente - Cambridge Vacuum Engineering<\/title>\n<meta name=\"description\" content=\"El personal del Servicio de Atenci\u00f3n al Cliente de CVE est\u00e1 siempre a disposici\u00f3n del cliente para asistirle en relaci\u00f3n a cualquier servicio o consulta sobre la posventa, ya sea en relaci\u00f3n a piezas de repuesto, contratos de mantenimiento preventivo, fallos en las m\u00e1quinas, aver\u00edas o formaci\u00f3n y desarrollo.\" \/>\n<meta name=\"robots\" content=\"index, follow, max-snippet:-1, max-image-preview:large, max-video-preview:-1\" \/>\n<link rel=\"canonical\" href=\"https:\/\/camvaceng.com\/es\/empresa\/servicio-de-atencion-al-cliente\/\" \/>\n<meta property=\"og:locale\" content=\"es_ES\" \/>\n<meta property=\"og:type\" content=\"article\" \/>\n<meta property=\"og:title\" content=\"Servicio de Atenci\u00f3n al Cliente - Cambridge Vacuum Engineering\" \/>\n<meta property=\"og:description\" content=\"El personal del Servicio de Atenci\u00f3n al Cliente de CVE est\u00e1 siempre a disposici\u00f3n del cliente para asistirle en relaci\u00f3n a cualquier servicio o consulta sobre la posventa, ya sea en relaci\u00f3n a piezas de repuesto, contratos de mantenimiento preventivo, fallos en las m\u00e1quinas, aver\u00edas o formaci\u00f3n y desarrollo.\" \/>\n<meta property=\"og:url\" content=\"https:\/\/camvaceng.com\/es\/empresa\/servicio-de-atencion-al-cliente\/\" \/>\n<meta property=\"og:site_name\" content=\"Cambridge Vacuum Engineering\" \/>\n<meta property=\"article:modified_time\" content=\"2021-11-09T14:31:52+00:00\" \/>\n<meta property=\"og:image\" content=\"https:\/\/camvaceng.com\/wp-content\/uploads\/2021\/03\/About-Us-Customer-Support-Breakdown-Repairs-scaled.jpg\" \/>\n\t<meta property=\"og:image:width\" content=\"2560\" \/>\n\t<meta property=\"og:image:height\" content=\"1695\" \/>\n\t<meta property=\"og:image:type\" content=\"image\/jpeg\" \/>\n<meta name=\"twitter:card\" content=\"summary_large_image\" \/>\n<meta name=\"twitter:site\" content=\"@CamVacEng\" \/>\n<meta name=\"twitter:label1\" content=\"Tiempo de lectura\" \/>\n\t<meta name=\"twitter:data1\" content=\"1 minuto\" \/>\n<script type=\"application\/ld+json\" class=\"yoast-schema-graph\">{\"@context\":\"https:\\\/\\\/schema.org\",\"@graph\":[{\"@type\":\"WebPage\",\"@id\":\"https:\\\/\\\/camvaceng.com\\\/es\\\/empresa\\\/servicio-de-atencion-al-cliente\\\/\",\"url\":\"https:\\\/\\\/camvaceng.com\\\/es\\\/empresa\\\/servicio-de-atencion-al-cliente\\\/\",\"name\":\"Servicio de Atenci\u00f3n al Cliente - Cambridge Vacuum Engineering\",\"isPartOf\":{\"@id\":\"https:\\\/\\\/camvaceng.com\\\/es\\\/#website\"},\"primaryImageOfPage\":{\"@id\":\"https:\\\/\\\/camvaceng.com\\\/es\\\/empresa\\\/servicio-de-atencion-al-cliente\\\/#primaryimage\"},\"image\":{\"@id\":\"https:\\\/\\\/camvaceng.com\\\/es\\\/empresa\\\/servicio-de-atencion-al-cliente\\\/#primaryimage\"},\"thumbnailUrl\":\"https:\\\/\\\/camvaceng.com\\\/wp-content\\\/uploads\\\/2021\\\/03\\\/About-Us-Customer-Support-Breakdown-Repairs-scaled.jpg\",\"datePublished\":\"2021-02-23T11:11:10+00:00\",\"dateModified\":\"2021-11-09T14:31:52+00:00\",\"description\":\"El personal del Servicio de Atenci\u00f3n al Cliente de CVE est\u00e1 siempre a disposici\u00f3n del cliente para asistirle en relaci\u00f3n a cualquier servicio o consulta sobre la posventa, ya sea en relaci\u00f3n a piezas de repuesto, contratos de mantenimiento preventivo, fallos en las m\u00e1quinas, aver\u00edas o formaci\u00f3n y desarrollo.\",\"breadcrumb\":{\"@id\":\"https:\\\/\\\/camvaceng.com\\\/es\\\/empresa\\\/servicio-de-atencion-al-cliente\\\/#breadcrumb\"},\"inLanguage\":\"es\",\"potentialAction\":[{\"@type\":\"ReadAction\",\"target\":[\"https:\\\/\\\/camvaceng.com\\\/es\\\/empresa\\\/servicio-de-atencion-al-cliente\\\/\"]}]},{\"@type\":\"ImageObject\",\"inLanguage\":\"es\",\"@id\":\"https:\\\/\\\/camvaceng.com\\\/es\\\/empresa\\\/servicio-de-atencion-al-cliente\\\/#primaryimage\",\"url\":\"https:\\\/\\\/camvaceng.com\\\/wp-content\\\/uploads\\\/2021\\\/03\\\/About-Us-Customer-Support-Breakdown-Repairs-scaled.jpg\",\"contentUrl\":\"https:\\\/\\\/camvaceng.com\\\/wp-content\\\/uploads\\\/2021\\\/03\\\/About-Us-Customer-Support-Breakdown-Repairs-scaled.jpg\",\"width\":2560,\"height\":1695},{\"@type\":\"BreadcrumbList\",\"@id\":\"https:\\\/\\\/camvaceng.com\\\/es\\\/empresa\\\/servicio-de-atencion-al-cliente\\\/#breadcrumb\",\"itemListElement\":[{\"@type\":\"ListItem\",\"position\":1,\"name\":\"Home\",\"item\":\"https:\\\/\\\/camvaceng.com\\\/es\\\/\"},{\"@type\":\"ListItem\",\"position\":2,\"name\":\"Empresa\",\"item\":\"https:\\\/\\\/camvaceng.com\\\/es\\\/empresa\\\/?lang=es\"},{\"@type\":\"ListItem\",\"position\":3,\"name\":\"Servicio de Atenci\u00f3n al Cliente\"}]},{\"@type\":\"WebSite\",\"@id\":\"https:\\\/\\\/camvaceng.com\\\/es\\\/#website\",\"url\":\"https:\\\/\\\/camvaceng.com\\\/es\\\/\",\"name\":\"Cambridge Vacuum Engineering\",\"description\":\"\",\"publisher\":{\"@id\":\"https:\\\/\\\/camvaceng.com\\\/es\\\/#organization\"},\"potentialAction\":[{\"@type\":\"SearchAction\",\"target\":{\"@type\":\"EntryPoint\",\"urlTemplate\":\"https:\\\/\\\/camvaceng.com\\\/es\\\/?s={search_term_string}\"},\"query-input\":{\"@type\":\"PropertyValueSpecification\",\"valueRequired\":true,\"valueName\":\"search_term_string\"}}],\"inLanguage\":\"es\"},{\"@type\":\"Organization\",\"@id\":\"https:\\\/\\\/camvaceng.com\\\/es\\\/#organization\",\"name\":\"Cambridge Vacuum Engineering\",\"url\":\"https:\\\/\\\/camvaceng.com\\\/es\\\/\",\"logo\":{\"@type\":\"ImageObject\",\"inLanguage\":\"es\",\"@id\":\"https:\\\/\\\/camvaceng.com\\\/es\\\/#\\\/schema\\\/logo\\\/image\\\/\",\"url\":\"https:\\\/\\\/camvaceng.com\\\/wp-content\\\/uploads\\\/2021\\\/04\\\/CamVacEngRGB.jpg\",\"contentUrl\":\"https:\\\/\\\/camvaceng.com\\\/wp-content\\\/uploads\\\/2021\\\/04\\\/CamVacEngRGB.jpg\",\"width\":1510,\"height\":807,\"caption\":\"Cambridge Vacuum Engineering\"},\"image\":{\"@id\":\"https:\\\/\\\/camvaceng.com\\\/es\\\/#\\\/schema\\\/logo\\\/image\\\/\"},\"sameAs\":[\"https:\\\/\\\/x.com\\\/CamVacEng\",\"https:\\\/\\\/www.linkedin.com\\\/company\\\/20028971\\\/\",\"https:\\\/\\\/www.youtube.com\\\/channel\\\/UCEKBjBKlxxfhIHoR22SD0Uw\"]}]}<\/script>\n<!-- \/ Yoast SEO plugin. -->","yoast_head_json":{"title":"Servicio de Atenci\u00f3n al Cliente - Cambridge Vacuum Engineering","description":"El personal del Servicio de Atenci\u00f3n al Cliente de CVE est\u00e1 siempre a disposici\u00f3n del cliente para asistirle en relaci\u00f3n a cualquier servicio o consulta sobre la posventa, ya sea en relaci\u00f3n a piezas de repuesto, contratos de mantenimiento preventivo, fallos en las m\u00e1quinas, aver\u00edas o formaci\u00f3n y desarrollo.","robots":{"index":"index","follow":"follow","max-snippet":"max-snippet:-1","max-image-preview":"max-image-preview:large","max-video-preview":"max-video-preview:-1"},"canonical":"https:\/\/camvaceng.com\/es\/empresa\/servicio-de-atencion-al-cliente\/","og_locale":"es_ES","og_type":"article","og_title":"Servicio de Atenci\u00f3n al Cliente - Cambridge Vacuum Engineering","og_description":"El personal del Servicio de Atenci\u00f3n al Cliente de CVE est\u00e1 siempre a disposici\u00f3n del cliente para asistirle en relaci\u00f3n a cualquier servicio o consulta sobre la posventa, ya sea en relaci\u00f3n a piezas de repuesto, contratos de mantenimiento preventivo, fallos en las m\u00e1quinas, aver\u00edas o formaci\u00f3n y desarrollo.","og_url":"https:\/\/camvaceng.com\/es\/empresa\/servicio-de-atencion-al-cliente\/","og_site_name":"Cambridge Vacuum Engineering","article_modified_time":"2021-11-09T14:31:52+00:00","og_image":[{"width":2560,"height":1695,"url":"https:\/\/camvaceng.com\/wp-content\/uploads\/2021\/03\/About-Us-Customer-Support-Breakdown-Repairs-scaled.jpg","type":"image\/jpeg"}],"twitter_card":"summary_large_image","twitter_site":"@CamVacEng","twitter_misc":{"Tiempo de lectura":"1 minuto"},"schema":{"@context":"https:\/\/schema.org","@graph":[{"@type":"WebPage","@id":"https:\/\/camvaceng.com\/es\/empresa\/servicio-de-atencion-al-cliente\/","url":"https:\/\/camvaceng.com\/es\/empresa\/servicio-de-atencion-al-cliente\/","name":"Servicio de Atenci\u00f3n al Cliente - Cambridge Vacuum Engineering","isPartOf":{"@id":"https:\/\/camvaceng.com\/es\/#website"},"primaryImageOfPage":{"@id":"https:\/\/camvaceng.com\/es\/empresa\/servicio-de-atencion-al-cliente\/#primaryimage"},"image":{"@id":"https:\/\/camvaceng.com\/es\/empresa\/servicio-de-atencion-al-cliente\/#primaryimage"},"thumbnailUrl":"https:\/\/camvaceng.com\/wp-content\/uploads\/2021\/03\/About-Us-Customer-Support-Breakdown-Repairs-scaled.jpg","datePublished":"2021-02-23T11:11:10+00:00","dateModified":"2021-11-09T14:31:52+00:00","description":"El personal del Servicio de Atenci\u00f3n al Cliente de CVE est\u00e1 siempre a disposici\u00f3n del cliente para asistirle en relaci\u00f3n a cualquier servicio o consulta sobre la posventa, ya sea en relaci\u00f3n a piezas de repuesto, contratos de mantenimiento preventivo, fallos en las m\u00e1quinas, aver\u00edas o formaci\u00f3n y desarrollo.","breadcrumb":{"@id":"https:\/\/camvaceng.com\/es\/empresa\/servicio-de-atencion-al-cliente\/#breadcrumb"},"inLanguage":"es","potentialAction":[{"@type":"ReadAction","target":["https:\/\/camvaceng.com\/es\/empresa\/servicio-de-atencion-al-cliente\/"]}]},{"@type":"ImageObject","inLanguage":"es","@id":"https:\/\/camvaceng.com\/es\/empresa\/servicio-de-atencion-al-cliente\/#primaryimage","url":"https:\/\/camvaceng.com\/wp-content\/uploads\/2021\/03\/About-Us-Customer-Support-Breakdown-Repairs-scaled.jpg","contentUrl":"https:\/\/camvaceng.com\/wp-content\/uploads\/2021\/03\/About-Us-Customer-Support-Breakdown-Repairs-scaled.jpg","width":2560,"height":1695},{"@type":"BreadcrumbList","@id":"https:\/\/camvaceng.com\/es\/empresa\/servicio-de-atencion-al-cliente\/#breadcrumb","itemListElement":[{"@type":"ListItem","position":1,"name":"Home","item":"https:\/\/camvaceng.com\/es\/"},{"@type":"ListItem","position":2,"name":"Empresa","item":"https:\/\/camvaceng.com\/es\/empresa\/?lang=es"},{"@type":"ListItem","position":3,"name":"Servicio de Atenci\u00f3n al Cliente"}]},{"@type":"WebSite","@id":"https:\/\/camvaceng.com\/es\/#website","url":"https:\/\/camvaceng.com\/es\/","name":"Cambridge Vacuum Engineering","description":"","publisher":{"@id":"https:\/\/camvaceng.com\/es\/#organization"},"potentialAction":[{"@type":"SearchAction","target":{"@type":"EntryPoint","urlTemplate":"https:\/\/camvaceng.com\/es\/?s={search_term_string}"},"query-input":{"@type":"PropertyValueSpecification","valueRequired":true,"valueName":"search_term_string"}}],"inLanguage":"es"},{"@type":"Organization","@id":"https:\/\/camvaceng.com\/es\/#organization","name":"Cambridge Vacuum Engineering","url":"https:\/\/camvaceng.com\/es\/","logo":{"@type":"ImageObject","inLanguage":"es","@id":"https:\/\/camvaceng.com\/es\/#\/schema\/logo\/image\/","url":"https:\/\/camvaceng.com\/wp-content\/uploads\/2021\/04\/CamVacEngRGB.jpg","contentUrl":"https:\/\/camvaceng.com\/wp-content\/uploads\/2021\/04\/CamVacEngRGB.jpg","width":1510,"height":807,"caption":"Cambridge Vacuum Engineering"},"image":{"@id":"https:\/\/camvaceng.com\/es\/#\/schema\/logo\/image\/"},"sameAs":["https:\/\/x.com\/CamVacEng","https:\/\/www.linkedin.com\/company\/20028971\/","https:\/\/www.youtube.com\/channel\/UCEKBjBKlxxfhIHoR22SD0Uw"]}]}},"_links":{"self":[{"href":"https:\/\/camvaceng.com\/es\/wp-json\/wp\/v2\/pages\/452","targetHints":{"allow":["GET"]}}],"collection":[{"href":"https:\/\/camvaceng.com\/es\/wp-json\/wp\/v2\/pages"}],"about":[{"href":"https:\/\/camvaceng.com\/es\/wp-json\/wp\/v2\/types\/page"}],"author":[{"embeddable":true,"href":"https:\/\/camvaceng.com\/es\/wp-json\/wp\/v2\/users\/2"}],"replies":[{"embeddable":true,"href":"https:\/\/camvaceng.com\/es\/wp-json\/wp\/v2\/comments?post=452"}],"version-history":[{"count":5,"href":"https:\/\/camvaceng.com\/es\/wp-json\/wp\/v2\/pages\/452\/revisions"}],"predecessor-version":[{"id":3493,"href":"https:\/\/camvaceng.com\/es\/wp-json\/wp\/v2\/pages\/452\/revisions\/3493"}],"up":[{"embeddable":true,"href":"https:\/\/camvaceng.com\/es\/wp-json\/wp\/v2\/pages\/446"}],"wp:featuredmedia":[{"embeddable":true,"href":"https:\/\/camvaceng.com\/es\/wp-json\/wp\/v2\/media\/3295"}],"wp:attachment":[{"href":"https:\/\/camvaceng.com\/es\/wp-json\/wp\/v2\/media?parent=452"}],"curies":[{"name":"wp","href":"https:\/\/api.w.org\/{rel}","templated":true}]}}