{"id":8197,"date":"2021-03-10T16:37:37","date_gmt":"2021-03-10T16:37:37","guid":{"rendered":"https:\/\/camvaceng.com\/news-and-media\/data-sheets\/"},"modified":"2023-05-10T13:51:18","modified_gmt":"2023-05-10T13:51:18","slug":"datenblaetter","status":"publish","type":"page","link":"https:\/\/camvaceng.com\/de\/news-and-media\/datenblaetter\/","title":{"rendered":"Datenbl\u00e4tter"},"content":{"rendered":"<p>Hier k\u00f6nnen Sie unsere PDF-Datenbl\u00e4tter herunterladen: Maschinenspezifikationen, erweiterte und optionale Funktionen, Surfi-sculpt.<\/p>\n","protected":false},"excerpt":{"rendered":"<p>Hier k\u00f6nnen Sie unsere PDF-Datenbl\u00e4tter herunterladen: Maschinenspezifikationen, erweiterte und optionale Funktionen, Surfi-sculpt.<\/p>\n","protected":false},"author":2,"featured_media":6935,"parent":8184,"menu_order":0,"comment_status":"closed","ping_status":"closed","template":"template-data-sheets.php","meta":{"_acf_changed":false,"footnotes":""},"class_list":["post-8197","page","type-page","status-publish","has-post-thumbnail","hentry"],"acf":[],"yoast_head":"<!-- This site is optimized with the Yoast SEO plugin v27.4 - https:\/\/yoast.com\/product\/yoast-seo-wordpress\/ -->\n<title>Datenbl\u00e4tter - Cambridge Vacuum Engineering<\/title>\n<meta name=\"description\" content=\"Here you can download our PDF datasheets: machine specifications, advanced and optional features, Surfi-sculpt and more.\" \/>\n<meta name=\"robots\" content=\"index, follow, max-snippet:-1, max-image-preview:large, max-video-preview:-1\" \/>\n<link rel=\"canonical\" href=\"https:\/\/camvaceng.com\/de\/news-and-media\/datenblaetter\/\" \/>\n<meta property=\"og:locale\" content=\"de_DE\" \/>\n<meta property=\"og:type\" content=\"article\" \/>\n<meta property=\"og:title\" content=\"Datenbl\u00e4tter - Cambridge Vacuum Engineering\" \/>\n<meta property=\"og:description\" content=\"Here you can download our PDF datasheets: machine specifications, advanced and optional features, Surfi-sculpt and more.\" \/>\n<meta property=\"og:url\" content=\"https:\/\/camvaceng.com\/de\/news-and-media\/datenblaetter\/\" \/>\n<meta property=\"og:site_name\" content=\"Cambridge Vacuum Engineering\" \/>\n<meta property=\"article:modified_time\" content=\"2023-05-10T13:51:18+00:00\" \/>\n<meta property=\"og:image\" content=\"https:\/\/camvaceng.com\/wp-content\/uploads\/2021\/11\/control-panel-hmi.jpeg\" \/>\n\t<meta property=\"og:image:width\" content=\"2560\" \/>\n\t<meta property=\"og:image:height\" content=\"1709\" \/>\n\t<meta property=\"og:image:type\" content=\"image\/jpeg\" \/>\n<meta name=\"twitter:card\" content=\"summary_large_image\" \/>\n<meta name=\"twitter:site\" content=\"@CamVacEng\" \/>\n<meta name=\"twitter:label1\" content=\"Gesch\u00e4tzte Lesezeit\" \/>\n\t<meta name=\"twitter:data1\" content=\"1\u00a0Minute\" \/>\n<script type=\"application\/ld+json\" class=\"yoast-schema-graph\">{\"@context\":\"https:\\\/\\\/schema.org\",\"@graph\":[{\"@type\":\"WebPage\",\"@id\":\"https:\\\/\\\/camvaceng.com\\\/de\\\/news-and-media\\\/datenblaetter\\\/\",\"url\":\"https:\\\/\\\/camvaceng.com\\\/de\\\/news-and-media\\\/datenblaetter\\\/\",\"name\":\"Datenbl\u00e4tter - Cambridge Vacuum Engineering\",\"isPartOf\":{\"@id\":\"https:\\\/\\\/camvaceng.com\\\/de\\\/#website\"},\"primaryImageOfPage\":{\"@id\":\"https:\\\/\\\/camvaceng.com\\\/de\\\/news-and-media\\\/datenblaetter\\\/#primaryimage\"},\"image\":{\"@id\":\"https:\\\/\\\/camvaceng.com\\\/de\\\/news-and-media\\\/datenblaetter\\\/#primaryimage\"},\"thumbnailUrl\":\"https:\\\/\\\/camvaceng.com\\\/wp-content\\\/uploads\\\/2021\\\/11\\\/control-panel-hmi.jpeg\",\"datePublished\":\"2021-03-10T16:37:37+00:00\",\"dateModified\":\"2023-05-10T13:51:18+00:00\",\"description\":\"Here you can download our PDF datasheets: machine specifications, advanced and optional features, Surfi-sculpt and more.\",\"breadcrumb\":{\"@id\":\"https:\\\/\\\/camvaceng.com\\\/de\\\/news-and-media\\\/datenblaetter\\\/#breadcrumb\"},\"inLanguage\":\"de\",\"potentialAction\":[{\"@type\":\"ReadAction\",\"target\":[\"https:\\\/\\\/camvaceng.com\\\/de\\\/news-and-media\\\/datenblaetter\\\/\"]}]},{\"@type\":\"ImageObject\",\"inLanguage\":\"de\",\"@id\":\"https:\\\/\\\/camvaceng.com\\\/de\\\/news-and-media\\\/datenblaetter\\\/#primaryimage\",\"url\":\"https:\\\/\\\/camvaceng.com\\\/wp-content\\\/uploads\\\/2021\\\/11\\\/control-panel-hmi.jpeg\",\"contentUrl\":\"https:\\\/\\\/camvaceng.com\\\/wp-content\\\/uploads\\\/2021\\\/11\\\/control-panel-hmi.jpeg\",\"width\":2560,\"height\":1709},{\"@type\":\"BreadcrumbList\",\"@id\":\"https:\\\/\\\/camvaceng.com\\\/de\\\/news-and-media\\\/datenblaetter\\\/#breadcrumb\",\"itemListElement\":[{\"@type\":\"ListItem\",\"position\":1,\"name\":\"Home\",\"item\":\"https:\\\/\\\/camvaceng.com\\\/de\\\/\"},{\"@type\":\"ListItem\",\"position\":2,\"name\":\"Nachrichten und Medien\",\"item\":\"https:\\\/\\\/camvaceng.com\\\/de\\\/news-and-media\\\/\"},{\"@type\":\"ListItem\",\"position\":3,\"name\":\"Datenbl\u00e4tter\"}]},{\"@type\":\"WebSite\",\"@id\":\"https:\\\/\\\/camvaceng.com\\\/de\\\/#website\",\"url\":\"https:\\\/\\\/camvaceng.com\\\/de\\\/\",\"name\":\"Cambridge Vacuum Engineering\",\"description\":\"\",\"publisher\":{\"@id\":\"https:\\\/\\\/camvaceng.com\\\/de\\\/#organization\"},\"potentialAction\":[{\"@type\":\"SearchAction\",\"target\":{\"@type\":\"EntryPoint\",\"urlTemplate\":\"https:\\\/\\\/camvaceng.com\\\/de\\\/?s={search_term_string}\"},\"query-input\":{\"@type\":\"PropertyValueSpecification\",\"valueRequired\":true,\"valueName\":\"search_term_string\"}}],\"inLanguage\":\"de\"},{\"@type\":\"Organization\",\"@id\":\"https:\\\/\\\/camvaceng.com\\\/de\\\/#organization\",\"name\":\"Cambridge Vacuum Engineering\",\"url\":\"https:\\\/\\\/camvaceng.com\\\/de\\\/\",\"logo\":{\"@type\":\"ImageObject\",\"inLanguage\":\"de\",\"@id\":\"https:\\\/\\\/camvaceng.com\\\/de\\\/#\\\/schema\\\/logo\\\/image\\\/\",\"url\":\"https:\\\/\\\/camvaceng.com\\\/wp-content\\\/uploads\\\/2021\\\/04\\\/CamVacEngRGB.jpg\",\"contentUrl\":\"https:\\\/\\\/camvaceng.com\\\/wp-content\\\/uploads\\\/2021\\\/04\\\/CamVacEngRGB.jpg\",\"width\":1510,\"height\":807,\"caption\":\"Cambridge Vacuum Engineering\"},\"image\":{\"@id\":\"https:\\\/\\\/camvaceng.com\\\/de\\\/#\\\/schema\\\/logo\\\/image\\\/\"},\"sameAs\":[\"https:\\\/\\\/x.com\\\/CamVacEng\",\"https:\\\/\\\/www.linkedin.com\\\/company\\\/20028971\\\/\",\"https:\\\/\\\/www.youtube.com\\\/channel\\\/UCEKBjBKlxxfhIHoR22SD0Uw\"]}]}<\/script>\n<!-- \/ Yoast SEO plugin. -->","yoast_head_json":{"title":"Datenbl\u00e4tter - Cambridge Vacuum Engineering","description":"Here you can download our PDF datasheets: machine specifications, advanced and optional features, Surfi-sculpt and more.","robots":{"index":"index","follow":"follow","max-snippet":"max-snippet:-1","max-image-preview":"max-image-preview:large","max-video-preview":"max-video-preview:-1"},"canonical":"https:\/\/camvaceng.com\/de\/news-and-media\/datenblaetter\/","og_locale":"de_DE","og_type":"article","og_title":"Datenbl\u00e4tter - Cambridge Vacuum Engineering","og_description":"Here you can download our PDF datasheets: machine specifications, advanced and optional features, Surfi-sculpt and more.","og_url":"https:\/\/camvaceng.com\/de\/news-and-media\/datenblaetter\/","og_site_name":"Cambridge Vacuum Engineering","article_modified_time":"2023-05-10T13:51:18+00:00","og_image":[{"width":2560,"height":1709,"url":"https:\/\/camvaceng.com\/wp-content\/uploads\/2021\/11\/control-panel-hmi.jpeg","type":"image\/jpeg"}],"twitter_card":"summary_large_image","twitter_site":"@CamVacEng","twitter_misc":{"Gesch\u00e4tzte Lesezeit":"1\u00a0Minute"},"schema":{"@context":"https:\/\/schema.org","@graph":[{"@type":"WebPage","@id":"https:\/\/camvaceng.com\/de\/news-and-media\/datenblaetter\/","url":"https:\/\/camvaceng.com\/de\/news-and-media\/datenblaetter\/","name":"Datenbl\u00e4tter - Cambridge Vacuum Engineering","isPartOf":{"@id":"https:\/\/camvaceng.com\/de\/#website"},"primaryImageOfPage":{"@id":"https:\/\/camvaceng.com\/de\/news-and-media\/datenblaetter\/#primaryimage"},"image":{"@id":"https:\/\/camvaceng.com\/de\/news-and-media\/datenblaetter\/#primaryimage"},"thumbnailUrl":"https:\/\/camvaceng.com\/wp-content\/uploads\/2021\/11\/control-panel-hmi.jpeg","datePublished":"2021-03-10T16:37:37+00:00","dateModified":"2023-05-10T13:51:18+00:00","description":"Here you can download our PDF datasheets: machine specifications, advanced and optional features, Surfi-sculpt and more.","breadcrumb":{"@id":"https:\/\/camvaceng.com\/de\/news-and-media\/datenblaetter\/#breadcrumb"},"inLanguage":"de","potentialAction":[{"@type":"ReadAction","target":["https:\/\/camvaceng.com\/de\/news-and-media\/datenblaetter\/"]}]},{"@type":"ImageObject","inLanguage":"de","@id":"https:\/\/camvaceng.com\/de\/news-and-media\/datenblaetter\/#primaryimage","url":"https:\/\/camvaceng.com\/wp-content\/uploads\/2021\/11\/control-panel-hmi.jpeg","contentUrl":"https:\/\/camvaceng.com\/wp-content\/uploads\/2021\/11\/control-panel-hmi.jpeg","width":2560,"height":1709},{"@type":"BreadcrumbList","@id":"https:\/\/camvaceng.com\/de\/news-and-media\/datenblaetter\/#breadcrumb","itemListElement":[{"@type":"ListItem","position":1,"name":"Home","item":"https:\/\/camvaceng.com\/de\/"},{"@type":"ListItem","position":2,"name":"Nachrichten und Medien","item":"https:\/\/camvaceng.com\/de\/news-and-media\/"},{"@type":"ListItem","position":3,"name":"Datenbl\u00e4tter"}]},{"@type":"WebSite","@id":"https:\/\/camvaceng.com\/de\/#website","url":"https:\/\/camvaceng.com\/de\/","name":"Cambridge Vacuum Engineering","description":"","publisher":{"@id":"https:\/\/camvaceng.com\/de\/#organization"},"potentialAction":[{"@type":"SearchAction","target":{"@type":"EntryPoint","urlTemplate":"https:\/\/camvaceng.com\/de\/?s={search_term_string}"},"query-input":{"@type":"PropertyValueSpecification","valueRequired":true,"valueName":"search_term_string"}}],"inLanguage":"de"},{"@type":"Organization","@id":"https:\/\/camvaceng.com\/de\/#organization","name":"Cambridge Vacuum Engineering","url":"https:\/\/camvaceng.com\/de\/","logo":{"@type":"ImageObject","inLanguage":"de","@id":"https:\/\/camvaceng.com\/de\/#\/schema\/logo\/image\/","url":"https:\/\/camvaceng.com\/wp-content\/uploads\/2021\/04\/CamVacEngRGB.jpg","contentUrl":"https:\/\/camvaceng.com\/wp-content\/uploads\/2021\/04\/CamVacEngRGB.jpg","width":1510,"height":807,"caption":"Cambridge Vacuum Engineering"},"image":{"@id":"https:\/\/camvaceng.com\/de\/#\/schema\/logo\/image\/"},"sameAs":["https:\/\/x.com\/CamVacEng","https:\/\/www.linkedin.com\/company\/20028971\/","https:\/\/www.youtube.com\/channel\/UCEKBjBKlxxfhIHoR22SD0Uw"]}]}},"_links":{"self":[{"href":"https:\/\/camvaceng.com\/de\/wp-json\/wp\/v2\/pages\/8197","targetHints":{"allow":["GET"]}}],"collection":[{"href":"https:\/\/camvaceng.com\/de\/wp-json\/wp\/v2\/pages"}],"about":[{"href":"https:\/\/camvaceng.com\/de\/wp-json\/wp\/v2\/types\/page"}],"author":[{"embeddable":true,"href":"https:\/\/camvaceng.com\/de\/wp-json\/wp\/v2\/users\/2"}],"replies":[{"embeddable":true,"href":"https:\/\/camvaceng.com\/de\/wp-json\/wp\/v2\/comments?post=8197"}],"version-history":[{"count":1,"href":"https:\/\/camvaceng.com\/de\/wp-json\/wp\/v2\/pages\/8197\/revisions"}],"predecessor-version":[{"id":8198,"href":"https:\/\/camvaceng.com\/de\/wp-json\/wp\/v2\/pages\/8197\/revisions\/8198"}],"up":[{"embeddable":true,"href":"https:\/\/camvaceng.com\/de\/wp-json\/wp\/v2\/pages\/8184"}],"wp:featuredmedia":[{"embeddable":true,"href":"https:\/\/camvaceng.com\/de\/wp-json\/wp\/v2\/media\/6935"}],"wp:attachment":[{"href":"https:\/\/camvaceng.com\/de\/wp-json\/wp\/v2\/media?parent=8197"}],"curies":[{"name":"wp","href":"https:\/\/api.w.org\/{rel}","templated":true}]}}