{"id":8191,"date":"2021-03-10T13:09:07","date_gmt":"2021-03-10T13:09:07","guid":{"rendered":"https:\/\/camvaceng.com\/news-and-media\/events-webinars\/"},"modified":"2023-05-10T13:49:43","modified_gmt":"2023-05-10T13:49:43","slug":"veranstaltungen-und-webinare","status":"publish","type":"page","link":"https:\/\/camvaceng.com\/de\/news-and-media\/veranstaltungen-und-webinare\/","title":{"rendered":"VERANSTALTUNGEN UND WEBINARE"},"content":{"rendered":"<p>Wir nehmen auf der ganzen Welt an Veranstaltungen zum Thema Schwei\u00dfen und F\u00fcgen teil. Dem unten stehenden Link entnehmen Sie, auf welchen Veranstaltungen Sie das Team in diesem Jahr antreffen k\u00f6nnen. Wir w\u00fcrden uns freuen, Sie dort begr\u00fc\u00dfen zu k\u00f6nnen!<\/p>\n","protected":false},"excerpt":{"rendered":"<p>Wir nehmen auf der ganzen Welt an Veranstaltungen zum Thema Schwei\u00dfen und F\u00fcgen teil. Dem unten stehenden Link entnehmen Sie, auf welchen Veranstaltungen Sie das Team in diesem Jahr antreffen k\u00f6nnen. Wir w\u00fcrden uns freuen, Sie dort begr\u00fc\u00dfen zu k\u00f6nnen!<\/p>\n","protected":false},"author":2,"featured_media":6603,"parent":8184,"menu_order":0,"comment_status":"closed","ping_status":"closed","template":"template-events.php","meta":{"_acf_changed":false,"footnotes":""},"class_list":["post-8191","page","type-page","status-publish","has-post-thumbnail","hentry"],"acf":[],"yoast_head":"<!-- This site is optimized with the Yoast SEO plugin v27.3 - https:\/\/yoast.com\/product\/yoast-seo-wordpress\/ -->\n<title>VERANSTALTUNGEN UND WEBINARE - Cambridge Vacuum Engineering<\/title>\n<meta name=\"description\" content=\"We attend welding and joining events all over the world, follow the link below to find out which events you can find the team at this year!\" \/>\n<meta name=\"robots\" content=\"index, follow, max-snippet:-1, max-image-preview:large, max-video-preview:-1\" \/>\n<link rel=\"canonical\" href=\"https:\/\/camvaceng.com\/de\/news-and-media\/veranstaltungen-und-webinare\/\" \/>\n<meta property=\"og:locale\" content=\"de_DE\" \/>\n<meta property=\"og:type\" content=\"article\" \/>\n<meta property=\"og:title\" content=\"VERANSTALTUNGEN UND WEBINARE - Cambridge Vacuum Engineering\" \/>\n<meta property=\"og:description\" content=\"We attend welding and joining events all over the world, follow the link below to find out which events you can find the team at this year!\" \/>\n<meta property=\"og:url\" content=\"https:\/\/camvaceng.com\/de\/news-and-media\/veranstaltungen-und-webinare\/\" \/>\n<meta property=\"og:site_name\" content=\"Cambridge Vacuum Engineering\" \/>\n<meta property=\"article:modified_time\" content=\"2023-05-10T13:49:43+00:00\" \/>\n<meta property=\"og:image\" content=\"https:\/\/camvaceng.com\/wp-content\/uploads\/2021\/03\/News-and-Media-Events-scaled.jpeg\" \/>\n\t<meta property=\"og:image:width\" content=\"2560\" \/>\n\t<meta property=\"og:image:height\" content=\"1707\" \/>\n\t<meta property=\"og:image:type\" content=\"image\/jpeg\" \/>\n<meta name=\"twitter:card\" content=\"summary_large_image\" \/>\n<meta name=\"twitter:site\" content=\"@CamVacEng\" \/>\n<meta name=\"twitter:label1\" content=\"Gesch\u00e4tzte Lesezeit\" \/>\n\t<meta name=\"twitter:data1\" content=\"1\u00a0Minute\" \/>\n<script type=\"application\/ld+json\" class=\"yoast-schema-graph\">{\"@context\":\"https:\\\/\\\/schema.org\",\"@graph\":[{\"@type\":\"WebPage\",\"@id\":\"https:\\\/\\\/camvaceng.com\\\/de\\\/news-and-media\\\/veranstaltungen-und-webinare\\\/\",\"url\":\"https:\\\/\\\/camvaceng.com\\\/de\\\/news-and-media\\\/veranstaltungen-und-webinare\\\/\",\"name\":\"VERANSTALTUNGEN UND WEBINARE - Cambridge Vacuum Engineering\",\"isPartOf\":{\"@id\":\"https:\\\/\\\/camvaceng.com\\\/de\\\/#website\"},\"primaryImageOfPage\":{\"@id\":\"https:\\\/\\\/camvaceng.com\\\/de\\\/news-and-media\\\/veranstaltungen-und-webinare\\\/#primaryimage\"},\"image\":{\"@id\":\"https:\\\/\\\/camvaceng.com\\\/de\\\/news-and-media\\\/veranstaltungen-und-webinare\\\/#primaryimage\"},\"thumbnailUrl\":\"https:\\\/\\\/camvaceng.com\\\/wp-content\\\/uploads\\\/2021\\\/03\\\/News-and-Media-Events-scaled.jpeg\",\"datePublished\":\"2021-03-10T13:09:07+00:00\",\"dateModified\":\"2023-05-10T13:49:43+00:00\",\"description\":\"We attend welding and joining events all over the world, follow the link below to find out which events you can find the team at this year!\",\"breadcrumb\":{\"@id\":\"https:\\\/\\\/camvaceng.com\\\/de\\\/news-and-media\\\/veranstaltungen-und-webinare\\\/#breadcrumb\"},\"inLanguage\":\"de\",\"potentialAction\":[{\"@type\":\"ReadAction\",\"target\":[\"https:\\\/\\\/camvaceng.com\\\/de\\\/news-and-media\\\/veranstaltungen-und-webinare\\\/\"]}]},{\"@type\":\"ImageObject\",\"inLanguage\":\"de\",\"@id\":\"https:\\\/\\\/camvaceng.com\\\/de\\\/news-and-media\\\/veranstaltungen-und-webinare\\\/#primaryimage\",\"url\":\"https:\\\/\\\/camvaceng.com\\\/wp-content\\\/uploads\\\/2021\\\/03\\\/News-and-Media-Events-scaled.jpeg\",\"contentUrl\":\"https:\\\/\\\/camvaceng.com\\\/wp-content\\\/uploads\\\/2021\\\/03\\\/News-and-Media-Events-scaled.jpeg\",\"width\":2560,\"height\":1707},{\"@type\":\"BreadcrumbList\",\"@id\":\"https:\\\/\\\/camvaceng.com\\\/de\\\/news-and-media\\\/veranstaltungen-und-webinare\\\/#breadcrumb\",\"itemListElement\":[{\"@type\":\"ListItem\",\"position\":1,\"name\":\"Home\",\"item\":\"https:\\\/\\\/camvaceng.com\\\/de\\\/\"},{\"@type\":\"ListItem\",\"position\":2,\"name\":\"Nachrichten und Medien\",\"item\":\"https:\\\/\\\/camvaceng.com\\\/de\\\/news-and-media\\\/\"},{\"@type\":\"ListItem\",\"position\":3,\"name\":\"VERANSTALTUNGEN UND WEBINARE\"}]},{\"@type\":\"WebSite\",\"@id\":\"https:\\\/\\\/camvaceng.com\\\/de\\\/#website\",\"url\":\"https:\\\/\\\/camvaceng.com\\\/de\\\/\",\"name\":\"Cambridge Vacuum Engineering\",\"description\":\"\",\"publisher\":{\"@id\":\"https:\\\/\\\/camvaceng.com\\\/de\\\/#organization\"},\"potentialAction\":[{\"@type\":\"SearchAction\",\"target\":{\"@type\":\"EntryPoint\",\"urlTemplate\":\"https:\\\/\\\/camvaceng.com\\\/de\\\/?s={search_term_string}\"},\"query-input\":{\"@type\":\"PropertyValueSpecification\",\"valueRequired\":true,\"valueName\":\"search_term_string\"}}],\"inLanguage\":\"de\"},{\"@type\":\"Organization\",\"@id\":\"https:\\\/\\\/camvaceng.com\\\/de\\\/#organization\",\"name\":\"Cambridge Vacuum Engineering\",\"url\":\"https:\\\/\\\/camvaceng.com\\\/de\\\/\",\"logo\":{\"@type\":\"ImageObject\",\"inLanguage\":\"de\",\"@id\":\"https:\\\/\\\/camvaceng.com\\\/de\\\/#\\\/schema\\\/logo\\\/image\\\/\",\"url\":\"https:\\\/\\\/camvaceng.com\\\/wp-content\\\/uploads\\\/2021\\\/04\\\/CamVacEngRGB.jpg\",\"contentUrl\":\"https:\\\/\\\/camvaceng.com\\\/wp-content\\\/uploads\\\/2021\\\/04\\\/CamVacEngRGB.jpg\",\"width\":1510,\"height\":807,\"caption\":\"Cambridge Vacuum Engineering\"},\"image\":{\"@id\":\"https:\\\/\\\/camvaceng.com\\\/de\\\/#\\\/schema\\\/logo\\\/image\\\/\"},\"sameAs\":[\"https:\\\/\\\/x.com\\\/CamVacEng\",\"https:\\\/\\\/www.linkedin.com\\\/company\\\/20028971\\\/\",\"https:\\\/\\\/www.youtube.com\\\/channel\\\/UCEKBjBKlxxfhIHoR22SD0Uw\"]}]}<\/script>\n<!-- \/ Yoast SEO plugin. -->","yoast_head_json":{"title":"VERANSTALTUNGEN UND WEBINARE - Cambridge Vacuum Engineering","description":"We attend welding and joining events all over the world, follow the link below to find out which events you can find the team at this year!","robots":{"index":"index","follow":"follow","max-snippet":"max-snippet:-1","max-image-preview":"max-image-preview:large","max-video-preview":"max-video-preview:-1"},"canonical":"https:\/\/camvaceng.com\/de\/news-and-media\/veranstaltungen-und-webinare\/","og_locale":"de_DE","og_type":"article","og_title":"VERANSTALTUNGEN UND WEBINARE - Cambridge Vacuum Engineering","og_description":"We attend welding and joining events all over the world, follow the link below to find out which events you can find the team at this year!","og_url":"https:\/\/camvaceng.com\/de\/news-and-media\/veranstaltungen-und-webinare\/","og_site_name":"Cambridge Vacuum Engineering","article_modified_time":"2023-05-10T13:49:43+00:00","og_image":[{"width":2560,"height":1707,"url":"https:\/\/camvaceng.com\/wp-content\/uploads\/2021\/03\/News-and-Media-Events-scaled.jpeg","type":"image\/jpeg"}],"twitter_card":"summary_large_image","twitter_site":"@CamVacEng","twitter_misc":{"Gesch\u00e4tzte Lesezeit":"1\u00a0Minute"},"schema":{"@context":"https:\/\/schema.org","@graph":[{"@type":"WebPage","@id":"https:\/\/camvaceng.com\/de\/news-and-media\/veranstaltungen-und-webinare\/","url":"https:\/\/camvaceng.com\/de\/news-and-media\/veranstaltungen-und-webinare\/","name":"VERANSTALTUNGEN UND WEBINARE - Cambridge Vacuum Engineering","isPartOf":{"@id":"https:\/\/camvaceng.com\/de\/#website"},"primaryImageOfPage":{"@id":"https:\/\/camvaceng.com\/de\/news-and-media\/veranstaltungen-und-webinare\/#primaryimage"},"image":{"@id":"https:\/\/camvaceng.com\/de\/news-and-media\/veranstaltungen-und-webinare\/#primaryimage"},"thumbnailUrl":"https:\/\/camvaceng.com\/wp-content\/uploads\/2021\/03\/News-and-Media-Events-scaled.jpeg","datePublished":"2021-03-10T13:09:07+00:00","dateModified":"2023-05-10T13:49:43+00:00","description":"We attend welding and joining events all over the world, follow the link below to find out which events you can find the team at this year!","breadcrumb":{"@id":"https:\/\/camvaceng.com\/de\/news-and-media\/veranstaltungen-und-webinare\/#breadcrumb"},"inLanguage":"de","potentialAction":[{"@type":"ReadAction","target":["https:\/\/camvaceng.com\/de\/news-and-media\/veranstaltungen-und-webinare\/"]}]},{"@type":"ImageObject","inLanguage":"de","@id":"https:\/\/camvaceng.com\/de\/news-and-media\/veranstaltungen-und-webinare\/#primaryimage","url":"https:\/\/camvaceng.com\/wp-content\/uploads\/2021\/03\/News-and-Media-Events-scaled.jpeg","contentUrl":"https:\/\/camvaceng.com\/wp-content\/uploads\/2021\/03\/News-and-Media-Events-scaled.jpeg","width":2560,"height":1707},{"@type":"BreadcrumbList","@id":"https:\/\/camvaceng.com\/de\/news-and-media\/veranstaltungen-und-webinare\/#breadcrumb","itemListElement":[{"@type":"ListItem","position":1,"name":"Home","item":"https:\/\/camvaceng.com\/de\/"},{"@type":"ListItem","position":2,"name":"Nachrichten und Medien","item":"https:\/\/camvaceng.com\/de\/news-and-media\/"},{"@type":"ListItem","position":3,"name":"VERANSTALTUNGEN UND WEBINARE"}]},{"@type":"WebSite","@id":"https:\/\/camvaceng.com\/de\/#website","url":"https:\/\/camvaceng.com\/de\/","name":"Cambridge Vacuum Engineering","description":"","publisher":{"@id":"https:\/\/camvaceng.com\/de\/#organization"},"potentialAction":[{"@type":"SearchAction","target":{"@type":"EntryPoint","urlTemplate":"https:\/\/camvaceng.com\/de\/?s={search_term_string}"},"query-input":{"@type":"PropertyValueSpecification","valueRequired":true,"valueName":"search_term_string"}}],"inLanguage":"de"},{"@type":"Organization","@id":"https:\/\/camvaceng.com\/de\/#organization","name":"Cambridge Vacuum Engineering","url":"https:\/\/camvaceng.com\/de\/","logo":{"@type":"ImageObject","inLanguage":"de","@id":"https:\/\/camvaceng.com\/de\/#\/schema\/logo\/image\/","url":"https:\/\/camvaceng.com\/wp-content\/uploads\/2021\/04\/CamVacEngRGB.jpg","contentUrl":"https:\/\/camvaceng.com\/wp-content\/uploads\/2021\/04\/CamVacEngRGB.jpg","width":1510,"height":807,"caption":"Cambridge Vacuum Engineering"},"image":{"@id":"https:\/\/camvaceng.com\/de\/#\/schema\/logo\/image\/"},"sameAs":["https:\/\/x.com\/CamVacEng","https:\/\/www.linkedin.com\/company\/20028971\/","https:\/\/www.youtube.com\/channel\/UCEKBjBKlxxfhIHoR22SD0Uw"]}]}},"_links":{"self":[{"href":"https:\/\/camvaceng.com\/de\/wp-json\/wp\/v2\/pages\/8191","targetHints":{"allow":["GET"]}}],"collection":[{"href":"https:\/\/camvaceng.com\/de\/wp-json\/wp\/v2\/pages"}],"about":[{"href":"https:\/\/camvaceng.com\/de\/wp-json\/wp\/v2\/types\/page"}],"author":[{"embeddable":true,"href":"https:\/\/camvaceng.com\/de\/wp-json\/wp\/v2\/users\/2"}],"replies":[{"embeddable":true,"href":"https:\/\/camvaceng.com\/de\/wp-json\/wp\/v2\/comments?post=8191"}],"version-history":[{"count":1,"href":"https:\/\/camvaceng.com\/de\/wp-json\/wp\/v2\/pages\/8191\/revisions"}],"predecessor-version":[{"id":8192,"href":"https:\/\/camvaceng.com\/de\/wp-json\/wp\/v2\/pages\/8191\/revisions\/8192"}],"up":[{"embeddable":true,"href":"https:\/\/camvaceng.com\/de\/wp-json\/wp\/v2\/pages\/8184"}],"wp:featuredmedia":[{"embeddable":true,"href":"https:\/\/camvaceng.com\/de\/wp-json\/wp\/v2\/media\/6603"}],"wp:attachment":[{"href":"https:\/\/camvaceng.com\/de\/wp-json\/wp\/v2\/media?parent=8191"}],"curies":[{"name":"wp","href":"https:\/\/api.w.org\/{rel}","templated":true}]}}