{"id":8152,"date":"2021-02-23T11:11:34","date_gmt":"2021-02-23T11:11:34","guid":{"rendered":"https:\/\/camvaceng.com\/ueber-uns\/careers\/"},"modified":"2023-05-09T15:39:10","modified_gmt":"2023-05-09T15:39:10","slug":"karriere","status":"publish","type":"page","link":"https:\/\/camvaceng.com\/de\/ueber-uns\/karriere\/","title":{"rendered":"Karriere"},"content":{"rendered":"<p>CVE ist ein mittelst\u00e4ndisches Unternehmen (KMU) mit \u00fcber 70 Mitarbeitern in unseren drei Niederlassungen Cambridge, Vereinigtes K\u00f6nigreich, Massachusetts, USA, und Peking, China.<\/p>\n<p>Wir bieten eine Reihe von Karrierem\u00f6glichkeiten an, darunter in Technik, Pr\u00fcfung, Produktion, Vertrieb, Verwaltung und Service.<\/p>\n<p>Dar\u00fcber hinaus verf\u00fcgen wir \u00fcber ein weltweites Netz von H\u00e4ndlern, die CVE-Maschinen vertreten, installieren und warten.<\/p>\n<p>F\u00fcr weitere Informationen \u00fcber Karrierem\u00f6glichkeiten senden Sie bitte eine E-Mail an <a href=\"mailto:recruitment@camvaceng.com\">recruitment@camvaceng.com.<\/a><\/p>\n","protected":false},"excerpt":{"rendered":"<p>CVE ist ein mittelst\u00e4ndisches Unternehmen (KMU) mit \u00fcber 70 Mitarbeitern in unseren drei Niederlassungen Cambridge, Vereinigtes K\u00f6nigreich, Massachusetts, USA, und Peking, China. Wir bieten eine Reihe von Karrierem\u00f6glichkeiten an, darunter in Technik, Pr\u00fcfung, Produktion, Vertrieb, Verwaltung und Service. Dar\u00fcber hinaus verf\u00fcgen wir \u00fcber ein weltweites Netz von H\u00e4ndlern, die CVE-Maschinen vertreten, installieren und warten. F\u00fcr [&hellip;]<\/p>\n","protected":false},"author":2,"featured_media":6929,"parent":8116,"menu_order":0,"comment_status":"closed","ping_status":"closed","template":"template-careers.php","meta":{"_acf_changed":false,"footnotes":""},"class_list":["post-8152","page","type-page","status-publish","has-post-thumbnail","hentry"],"acf":[],"yoast_head":"<!-- This site is optimized with the Yoast SEO plugin v27.4 - https:\/\/yoast.com\/product\/yoast-seo-wordpress\/ -->\n<title>Karriere - Cambridge Vacuum Engineering<\/title>\n<meta name=\"description\" content=\"Wir bieten eine Reihe von Karrierem\u00f6glichkeiten an, darunter in Technik, Pr\u00fcfung, Produktion, Vertrieb, Verwaltung und Service.\" \/>\n<meta name=\"robots\" content=\"index, follow, max-snippet:-1, max-image-preview:large, max-video-preview:-1\" \/>\n<link rel=\"canonical\" href=\"https:\/\/camvaceng.com\/de\/ueber-uns\/karriere\/\" \/>\n<meta property=\"og:locale\" content=\"de_DE\" \/>\n<meta property=\"og:type\" content=\"article\" \/>\n<meta property=\"og:title\" content=\"Karriere - Cambridge Vacuum Engineering\" \/>\n<meta property=\"og:description\" content=\"Wir bieten eine Reihe von Karrierem\u00f6glichkeiten an, darunter in Technik, Pr\u00fcfung, Produktion, Vertrieb, Verwaltung und Service.\" \/>\n<meta property=\"og:url\" content=\"https:\/\/camvaceng.com\/de\/ueber-uns\/karriere\/\" \/>\n<meta property=\"og:site_name\" content=\"Cambridge Vacuum Engineering\" \/>\n<meta property=\"article:modified_time\" content=\"2023-05-09T15:39:10+00:00\" \/>\n<meta property=\"og:image\" content=\"https:\/\/camvaceng.com\/wp-content\/uploads\/2021\/11\/about-us-careers.jpg\" \/>\n\t<meta property=\"og:image:width\" content=\"2560\" \/>\n\t<meta property=\"og:image:height\" content=\"1695\" \/>\n\t<meta property=\"og:image:type\" content=\"image\/jpeg\" \/>\n<meta name=\"twitter:card\" content=\"summary_large_image\" \/>\n<meta name=\"twitter:site\" content=\"@CamVacEng\" \/>\n<meta name=\"twitter:label1\" content=\"Gesch\u00e4tzte Lesezeit\" \/>\n\t<meta name=\"twitter:data1\" content=\"1\u00a0Minute\" \/>\n<script type=\"application\/ld+json\" class=\"yoast-schema-graph\">{\"@context\":\"https:\\\/\\\/schema.org\",\"@graph\":[{\"@type\":\"WebPage\",\"@id\":\"https:\\\/\\\/camvaceng.com\\\/de\\\/ueber-uns\\\/karriere\\\/\",\"url\":\"https:\\\/\\\/camvaceng.com\\\/de\\\/ueber-uns\\\/karriere\\\/\",\"name\":\"Karriere - Cambridge Vacuum Engineering\",\"isPartOf\":{\"@id\":\"https:\\\/\\\/camvaceng.com\\\/de\\\/#website\"},\"primaryImageOfPage\":{\"@id\":\"https:\\\/\\\/camvaceng.com\\\/de\\\/ueber-uns\\\/karriere\\\/#primaryimage\"},\"image\":{\"@id\":\"https:\\\/\\\/camvaceng.com\\\/de\\\/ueber-uns\\\/karriere\\\/#primaryimage\"},\"thumbnailUrl\":\"https:\\\/\\\/camvaceng.com\\\/wp-content\\\/uploads\\\/2021\\\/11\\\/about-us-careers.jpg\",\"datePublished\":\"2021-02-23T11:11:34+00:00\",\"dateModified\":\"2023-05-09T15:39:10+00:00\",\"description\":\"Wir bieten eine Reihe von Karrierem\u00f6glichkeiten an, darunter in Technik, Pr\u00fcfung, Produktion, Vertrieb, Verwaltung und Service.\",\"breadcrumb\":{\"@id\":\"https:\\\/\\\/camvaceng.com\\\/de\\\/ueber-uns\\\/karriere\\\/#breadcrumb\"},\"inLanguage\":\"de\",\"potentialAction\":[{\"@type\":\"ReadAction\",\"target\":[\"https:\\\/\\\/camvaceng.com\\\/de\\\/ueber-uns\\\/karriere\\\/\"]}]},{\"@type\":\"ImageObject\",\"inLanguage\":\"de\",\"@id\":\"https:\\\/\\\/camvaceng.com\\\/de\\\/ueber-uns\\\/karriere\\\/#primaryimage\",\"url\":\"https:\\\/\\\/camvaceng.com\\\/wp-content\\\/uploads\\\/2021\\\/11\\\/about-us-careers.jpg\",\"contentUrl\":\"https:\\\/\\\/camvaceng.com\\\/wp-content\\\/uploads\\\/2021\\\/11\\\/about-us-careers.jpg\",\"width\":2560,\"height\":1695},{\"@type\":\"BreadcrumbList\",\"@id\":\"https:\\\/\\\/camvaceng.com\\\/de\\\/ueber-uns\\\/karriere\\\/#breadcrumb\",\"itemListElement\":[{\"@type\":\"ListItem\",\"position\":1,\"name\":\"Home\",\"item\":\"https:\\\/\\\/camvaceng.com\\\/de\\\/\"},{\"@type\":\"ListItem\",\"position\":2,\"name\":\"\u00dcber Uns\",\"item\":\"https:\\\/\\\/camvaceng.com\\\/de\\\/ueber-uns\\\/\"},{\"@type\":\"ListItem\",\"position\":3,\"name\":\"Karriere\"}]},{\"@type\":\"WebSite\",\"@id\":\"https:\\\/\\\/camvaceng.com\\\/de\\\/#website\",\"url\":\"https:\\\/\\\/camvaceng.com\\\/de\\\/\",\"name\":\"Cambridge Vacuum Engineering\",\"description\":\"\",\"publisher\":{\"@id\":\"https:\\\/\\\/camvaceng.com\\\/de\\\/#organization\"},\"potentialAction\":[{\"@type\":\"SearchAction\",\"target\":{\"@type\":\"EntryPoint\",\"urlTemplate\":\"https:\\\/\\\/camvaceng.com\\\/de\\\/?s={search_term_string}\"},\"query-input\":{\"@type\":\"PropertyValueSpecification\",\"valueRequired\":true,\"valueName\":\"search_term_string\"}}],\"inLanguage\":\"de\"},{\"@type\":\"Organization\",\"@id\":\"https:\\\/\\\/camvaceng.com\\\/de\\\/#organization\",\"name\":\"Cambridge Vacuum Engineering\",\"url\":\"https:\\\/\\\/camvaceng.com\\\/de\\\/\",\"logo\":{\"@type\":\"ImageObject\",\"inLanguage\":\"de\",\"@id\":\"https:\\\/\\\/camvaceng.com\\\/de\\\/#\\\/schema\\\/logo\\\/image\\\/\",\"url\":\"https:\\\/\\\/camvaceng.com\\\/wp-content\\\/uploads\\\/2021\\\/04\\\/CamVacEngRGB.jpg\",\"contentUrl\":\"https:\\\/\\\/camvaceng.com\\\/wp-content\\\/uploads\\\/2021\\\/04\\\/CamVacEngRGB.jpg\",\"width\":1510,\"height\":807,\"caption\":\"Cambridge Vacuum Engineering\"},\"image\":{\"@id\":\"https:\\\/\\\/camvaceng.com\\\/de\\\/#\\\/schema\\\/logo\\\/image\\\/\"},\"sameAs\":[\"https:\\\/\\\/x.com\\\/CamVacEng\",\"https:\\\/\\\/www.linkedin.com\\\/company\\\/20028971\\\/\",\"https:\\\/\\\/www.youtube.com\\\/channel\\\/UCEKBjBKlxxfhIHoR22SD0Uw\"]}]}<\/script>\n<!-- \/ Yoast SEO plugin. -->","yoast_head_json":{"title":"Karriere - Cambridge Vacuum Engineering","description":"Wir bieten eine Reihe von Karrierem\u00f6glichkeiten an, darunter in Technik, Pr\u00fcfung, Produktion, Vertrieb, Verwaltung und Service.","robots":{"index":"index","follow":"follow","max-snippet":"max-snippet:-1","max-image-preview":"max-image-preview:large","max-video-preview":"max-video-preview:-1"},"canonical":"https:\/\/camvaceng.com\/de\/ueber-uns\/karriere\/","og_locale":"de_DE","og_type":"article","og_title":"Karriere - Cambridge Vacuum Engineering","og_description":"Wir bieten eine Reihe von Karrierem\u00f6glichkeiten an, darunter in Technik, Pr\u00fcfung, Produktion, Vertrieb, Verwaltung und Service.","og_url":"https:\/\/camvaceng.com\/de\/ueber-uns\/karriere\/","og_site_name":"Cambridge Vacuum Engineering","article_modified_time":"2023-05-09T15:39:10+00:00","og_image":[{"width":2560,"height":1695,"url":"https:\/\/camvaceng.com\/wp-content\/uploads\/2021\/11\/about-us-careers.jpg","type":"image\/jpeg"}],"twitter_card":"summary_large_image","twitter_site":"@CamVacEng","twitter_misc":{"Gesch\u00e4tzte Lesezeit":"1\u00a0Minute"},"schema":{"@context":"https:\/\/schema.org","@graph":[{"@type":"WebPage","@id":"https:\/\/camvaceng.com\/de\/ueber-uns\/karriere\/","url":"https:\/\/camvaceng.com\/de\/ueber-uns\/karriere\/","name":"Karriere - Cambridge Vacuum Engineering","isPartOf":{"@id":"https:\/\/camvaceng.com\/de\/#website"},"primaryImageOfPage":{"@id":"https:\/\/camvaceng.com\/de\/ueber-uns\/karriere\/#primaryimage"},"image":{"@id":"https:\/\/camvaceng.com\/de\/ueber-uns\/karriere\/#primaryimage"},"thumbnailUrl":"https:\/\/camvaceng.com\/wp-content\/uploads\/2021\/11\/about-us-careers.jpg","datePublished":"2021-02-23T11:11:34+00:00","dateModified":"2023-05-09T15:39:10+00:00","description":"Wir bieten eine Reihe von Karrierem\u00f6glichkeiten an, darunter in Technik, Pr\u00fcfung, Produktion, Vertrieb, Verwaltung und Service.","breadcrumb":{"@id":"https:\/\/camvaceng.com\/de\/ueber-uns\/karriere\/#breadcrumb"},"inLanguage":"de","potentialAction":[{"@type":"ReadAction","target":["https:\/\/camvaceng.com\/de\/ueber-uns\/karriere\/"]}]},{"@type":"ImageObject","inLanguage":"de","@id":"https:\/\/camvaceng.com\/de\/ueber-uns\/karriere\/#primaryimage","url":"https:\/\/camvaceng.com\/wp-content\/uploads\/2021\/11\/about-us-careers.jpg","contentUrl":"https:\/\/camvaceng.com\/wp-content\/uploads\/2021\/11\/about-us-careers.jpg","width":2560,"height":1695},{"@type":"BreadcrumbList","@id":"https:\/\/camvaceng.com\/de\/ueber-uns\/karriere\/#breadcrumb","itemListElement":[{"@type":"ListItem","position":1,"name":"Home","item":"https:\/\/camvaceng.com\/de\/"},{"@type":"ListItem","position":2,"name":"\u00dcber Uns","item":"https:\/\/camvaceng.com\/de\/ueber-uns\/"},{"@type":"ListItem","position":3,"name":"Karriere"}]},{"@type":"WebSite","@id":"https:\/\/camvaceng.com\/de\/#website","url":"https:\/\/camvaceng.com\/de\/","name":"Cambridge Vacuum Engineering","description":"","publisher":{"@id":"https:\/\/camvaceng.com\/de\/#organization"},"potentialAction":[{"@type":"SearchAction","target":{"@type":"EntryPoint","urlTemplate":"https:\/\/camvaceng.com\/de\/?s={search_term_string}"},"query-input":{"@type":"PropertyValueSpecification","valueRequired":true,"valueName":"search_term_string"}}],"inLanguage":"de"},{"@type":"Organization","@id":"https:\/\/camvaceng.com\/de\/#organization","name":"Cambridge Vacuum Engineering","url":"https:\/\/camvaceng.com\/de\/","logo":{"@type":"ImageObject","inLanguage":"de","@id":"https:\/\/camvaceng.com\/de\/#\/schema\/logo\/image\/","url":"https:\/\/camvaceng.com\/wp-content\/uploads\/2021\/04\/CamVacEngRGB.jpg","contentUrl":"https:\/\/camvaceng.com\/wp-content\/uploads\/2021\/04\/CamVacEngRGB.jpg","width":1510,"height":807,"caption":"Cambridge Vacuum Engineering"},"image":{"@id":"https:\/\/camvaceng.com\/de\/#\/schema\/logo\/image\/"},"sameAs":["https:\/\/x.com\/CamVacEng","https:\/\/www.linkedin.com\/company\/20028971\/","https:\/\/www.youtube.com\/channel\/UCEKBjBKlxxfhIHoR22SD0Uw"]}]}},"_links":{"self":[{"href":"https:\/\/camvaceng.com\/de\/wp-json\/wp\/v2\/pages\/8152","targetHints":{"allow":["GET"]}}],"collection":[{"href":"https:\/\/camvaceng.com\/de\/wp-json\/wp\/v2\/pages"}],"about":[{"href":"https:\/\/camvaceng.com\/de\/wp-json\/wp\/v2\/types\/page"}],"author":[{"embeddable":true,"href":"https:\/\/camvaceng.com\/de\/wp-json\/wp\/v2\/users\/2"}],"replies":[{"embeddable":true,"href":"https:\/\/camvaceng.com\/de\/wp-json\/wp\/v2\/comments?post=8152"}],"version-history":[{"count":1,"href":"https:\/\/camvaceng.com\/de\/wp-json\/wp\/v2\/pages\/8152\/revisions"}],"predecessor-version":[{"id":8153,"href":"https:\/\/camvaceng.com\/de\/wp-json\/wp\/v2\/pages\/8152\/revisions\/8153"}],"up":[{"embeddable":true,"href":"https:\/\/camvaceng.com\/de\/wp-json\/wp\/v2\/pages\/8116"}],"wp:featuredmedia":[{"embeddable":true,"href":"https:\/\/camvaceng.com\/de\/wp-json\/wp\/v2\/media\/6929"}],"wp:attachment":[{"href":"https:\/\/camvaceng.com\/de\/wp-json\/wp\/v2\/media?parent=8152"}],"curies":[{"name":"wp","href":"https:\/\/api.w.org\/{rel}","templated":true}]}}