{"id":8120,"date":"2021-02-23T11:11:10","date_gmt":"2021-02-23T11:11:10","guid":{"rendered":"https:\/\/camvaceng.com\/ueber-uns\/customer-support\/"},"modified":"2023-05-19T09:13:31","modified_gmt":"2023-05-19T09:13:31","slug":"kundenbetreuung","status":"publish","type":"page","link":"https:\/\/camvaceng.com\/de\/ueber-uns\/kundenbetreuung\/","title":{"rendered":"Kundenbetreuung"},"content":{"rendered":"<p>Das CVE-Kundenserviceteam steht allen Kunden jederzeit zur Verf\u00fcgung, um sie bei Service- oder Kundendienstfragen zu unterst\u00fctzen, sei es bei Bedarf an Ersatzteilen, vorbeugenden Wartungsvertr\u00e4gen, Maschinenst\u00f6rungen, Ausf\u00e4llen oder Schulungen und Entwicklungen.<\/p>\n<p>Ein Team von qualifizierten und erfahrenen Kundendiensttechnikern mit weltweiter Pr\u00e4senz steht f\u00fcr pr\u00e4ventive und reaktive Dienstleistungen f\u00fcr Ihr Elektronenstrahlschwei\u00dfger\u00e4t, Ihren Vakuumofen oder Ihr Laserschwei\u00dfger\u00e4t zur Verf\u00fcgung.<\/p>\n<p>Wir k\u00f6nnen ein auf Ihre Bed\u00fcrfnisse zugeschnittenes Wartungspaket zusammenstellen, das Ihnen den Vorteil von Vorzugspreisen und besseren Reaktionszeiten bietet.<\/p>\n<p>Im Folgenden finden Sie eine vollst\u00e4ndige Liste unserer Kundendienstleistungen.<\/p>\n","protected":false},"excerpt":{"rendered":"<p>Das CVE-Kundenserviceteam steht allen Kunden jederzeit zur Verf\u00fcgung, um sie bei Service- oder Kundendienstfragen zu unterst\u00fctzen, sei es bei Bedarf an Ersatzteilen, vorbeugenden Wartungsvertr\u00e4gen, Maschinenst\u00f6rungen, Ausf\u00e4llen oder Schulungen und Entwicklungen. Ein Team von qualifizierten und erfahrenen Kundendiensttechnikern mit weltweiter Pr\u00e4senz steht f\u00fcr pr\u00e4ventive und reaktive Dienstleistungen f\u00fcr Ihr Elektronenstrahlschwei\u00dfger\u00e4t, Ihren Vakuumofen oder Ihr Laserschwei\u00dfger\u00e4t zur [&hellip;]<\/p>\n","protected":false},"author":2,"featured_media":6539,"parent":8116,"menu_order":0,"comment_status":"closed","ping_status":"closed","template":"template-customer-support.php","meta":{"_acf_changed":false,"footnotes":""},"class_list":["post-8120","page","type-page","status-publish","has-post-thumbnail","hentry"],"acf":[],"yoast_head":"<!-- This site is optimized with the Yoast SEO plugin v27.3 - https:\/\/yoast.com\/product\/yoast-seo-wordpress\/ -->\n<title>Kundenbetreuung - Cambridge Vacuum Engineering<\/title>\n<meta name=\"description\" content=\"Das CVE-Kundenserviceteam steht allen Kunden jederzeit zur Verf\u00fcgung, um sie bei Service- oder Kundendienstfragen zu unterst\u00fctzen, sei es bei Bedarf an Ersatzteilen, vorbeugenden Wartungsvertr\u00e4gen, Maschinenst\u00f6rungen, Ausf\u00e4llen oder Schulungen und Entwicklungen.\" \/>\n<meta name=\"robots\" content=\"index, follow, max-snippet:-1, max-image-preview:large, max-video-preview:-1\" \/>\n<link rel=\"canonical\" href=\"https:\/\/camvaceng.com\/de\/ueber-uns\/kundenbetreuung\/\" \/>\n<meta property=\"og:locale\" content=\"de_DE\" \/>\n<meta property=\"og:type\" content=\"article\" \/>\n<meta property=\"og:title\" content=\"Kundenbetreuung - Cambridge Vacuum Engineering\" \/>\n<meta property=\"og:description\" content=\"Das CVE-Kundenserviceteam steht allen Kunden jederzeit zur Verf\u00fcgung, um sie bei Service- oder Kundendienstfragen zu unterst\u00fctzen, sei es bei Bedarf an Ersatzteilen, vorbeugenden Wartungsvertr\u00e4gen, Maschinenst\u00f6rungen, Ausf\u00e4llen oder Schulungen und Entwicklungen.\" \/>\n<meta property=\"og:url\" content=\"https:\/\/camvaceng.com\/de\/ueber-uns\/kundenbetreuung\/\" \/>\n<meta property=\"og:site_name\" content=\"Cambridge Vacuum Engineering\" \/>\n<meta property=\"article:modified_time\" content=\"2023-05-19T09:13:31+00:00\" \/>\n<meta property=\"og:image\" content=\"https:\/\/camvaceng.com\/wp-content\/uploads\/2021\/03\/About-Us-Customer-Support-Breakdown-Repairs-scaled.jpg\" \/>\n\t<meta property=\"og:image:width\" content=\"2560\" \/>\n\t<meta property=\"og:image:height\" content=\"1695\" \/>\n\t<meta property=\"og:image:type\" content=\"image\/jpeg\" \/>\n<meta name=\"twitter:card\" content=\"summary_large_image\" \/>\n<meta name=\"twitter:site\" content=\"@CamVacEng\" \/>\n<meta name=\"twitter:label1\" content=\"Gesch\u00e4tzte Lesezeit\" \/>\n\t<meta name=\"twitter:data1\" content=\"1\u00a0Minute\" \/>\n<script type=\"application\/ld+json\" class=\"yoast-schema-graph\">{\"@context\":\"https:\\\/\\\/schema.org\",\"@graph\":[{\"@type\":\"WebPage\",\"@id\":\"https:\\\/\\\/camvaceng.com\\\/de\\\/ueber-uns\\\/kundenbetreuung\\\/\",\"url\":\"https:\\\/\\\/camvaceng.com\\\/de\\\/ueber-uns\\\/kundenbetreuung\\\/\",\"name\":\"Kundenbetreuung - Cambridge Vacuum Engineering\",\"isPartOf\":{\"@id\":\"https:\\\/\\\/camvaceng.com\\\/de\\\/#website\"},\"primaryImageOfPage\":{\"@id\":\"https:\\\/\\\/camvaceng.com\\\/de\\\/ueber-uns\\\/kundenbetreuung\\\/#primaryimage\"},\"image\":{\"@id\":\"https:\\\/\\\/camvaceng.com\\\/de\\\/ueber-uns\\\/kundenbetreuung\\\/#primaryimage\"},\"thumbnailUrl\":\"https:\\\/\\\/camvaceng.com\\\/wp-content\\\/uploads\\\/2021\\\/03\\\/About-Us-Customer-Support-Breakdown-Repairs-scaled.jpg\",\"datePublished\":\"2021-02-23T11:11:10+00:00\",\"dateModified\":\"2023-05-19T09:13:31+00:00\",\"description\":\"Das CVE-Kundenserviceteam steht allen Kunden jederzeit zur Verf\u00fcgung, um sie bei Service- oder Kundendienstfragen zu unterst\u00fctzen, sei es bei Bedarf an Ersatzteilen, vorbeugenden Wartungsvertr\u00e4gen, Maschinenst\u00f6rungen, Ausf\u00e4llen oder Schulungen und Entwicklungen.\",\"breadcrumb\":{\"@id\":\"https:\\\/\\\/camvaceng.com\\\/de\\\/ueber-uns\\\/kundenbetreuung\\\/#breadcrumb\"},\"inLanguage\":\"de\",\"potentialAction\":[{\"@type\":\"ReadAction\",\"target\":[\"https:\\\/\\\/camvaceng.com\\\/de\\\/ueber-uns\\\/kundenbetreuung\\\/\"]}]},{\"@type\":\"ImageObject\",\"inLanguage\":\"de\",\"@id\":\"https:\\\/\\\/camvaceng.com\\\/de\\\/ueber-uns\\\/kundenbetreuung\\\/#primaryimage\",\"url\":\"https:\\\/\\\/camvaceng.com\\\/wp-content\\\/uploads\\\/2021\\\/03\\\/About-Us-Customer-Support-Breakdown-Repairs-scaled.jpg\",\"contentUrl\":\"https:\\\/\\\/camvaceng.com\\\/wp-content\\\/uploads\\\/2021\\\/03\\\/About-Us-Customer-Support-Breakdown-Repairs-scaled.jpg\",\"width\":2560,\"height\":1695},{\"@type\":\"BreadcrumbList\",\"@id\":\"https:\\\/\\\/camvaceng.com\\\/de\\\/ueber-uns\\\/kundenbetreuung\\\/#breadcrumb\",\"itemListElement\":[{\"@type\":\"ListItem\",\"position\":1,\"name\":\"Home\",\"item\":\"https:\\\/\\\/camvaceng.com\\\/de\\\/\"},{\"@type\":\"ListItem\",\"position\":2,\"name\":\"\u00dcber Uns\",\"item\":\"https:\\\/\\\/camvaceng.com\\\/de\\\/ueber-uns\\\/\"},{\"@type\":\"ListItem\",\"position\":3,\"name\":\"Kundenbetreuung\"}]},{\"@type\":\"WebSite\",\"@id\":\"https:\\\/\\\/camvaceng.com\\\/de\\\/#website\",\"url\":\"https:\\\/\\\/camvaceng.com\\\/de\\\/\",\"name\":\"Cambridge Vacuum Engineering\",\"description\":\"\",\"publisher\":{\"@id\":\"https:\\\/\\\/camvaceng.com\\\/de\\\/#organization\"},\"potentialAction\":[{\"@type\":\"SearchAction\",\"target\":{\"@type\":\"EntryPoint\",\"urlTemplate\":\"https:\\\/\\\/camvaceng.com\\\/de\\\/?s={search_term_string}\"},\"query-input\":{\"@type\":\"PropertyValueSpecification\",\"valueRequired\":true,\"valueName\":\"search_term_string\"}}],\"inLanguage\":\"de\"},{\"@type\":\"Organization\",\"@id\":\"https:\\\/\\\/camvaceng.com\\\/de\\\/#organization\",\"name\":\"Cambridge Vacuum Engineering\",\"url\":\"https:\\\/\\\/camvaceng.com\\\/de\\\/\",\"logo\":{\"@type\":\"ImageObject\",\"inLanguage\":\"de\",\"@id\":\"https:\\\/\\\/camvaceng.com\\\/de\\\/#\\\/schema\\\/logo\\\/image\\\/\",\"url\":\"https:\\\/\\\/camvaceng.com\\\/wp-content\\\/uploads\\\/2021\\\/04\\\/CamVacEngRGB.jpg\",\"contentUrl\":\"https:\\\/\\\/camvaceng.com\\\/wp-content\\\/uploads\\\/2021\\\/04\\\/CamVacEngRGB.jpg\",\"width\":1510,\"height\":807,\"caption\":\"Cambridge Vacuum Engineering\"},\"image\":{\"@id\":\"https:\\\/\\\/camvaceng.com\\\/de\\\/#\\\/schema\\\/logo\\\/image\\\/\"},\"sameAs\":[\"https:\\\/\\\/x.com\\\/CamVacEng\",\"https:\\\/\\\/www.linkedin.com\\\/company\\\/20028971\\\/\",\"https:\\\/\\\/www.youtube.com\\\/channel\\\/UCEKBjBKlxxfhIHoR22SD0Uw\"]}]}<\/script>\n<!-- \/ Yoast SEO plugin. -->","yoast_head_json":{"title":"Kundenbetreuung - Cambridge Vacuum Engineering","description":"Das CVE-Kundenserviceteam steht allen Kunden jederzeit zur Verf\u00fcgung, um sie bei Service- oder Kundendienstfragen zu unterst\u00fctzen, sei es bei Bedarf an Ersatzteilen, vorbeugenden Wartungsvertr\u00e4gen, Maschinenst\u00f6rungen, Ausf\u00e4llen oder Schulungen und Entwicklungen.","robots":{"index":"index","follow":"follow","max-snippet":"max-snippet:-1","max-image-preview":"max-image-preview:large","max-video-preview":"max-video-preview:-1"},"canonical":"https:\/\/camvaceng.com\/de\/ueber-uns\/kundenbetreuung\/","og_locale":"de_DE","og_type":"article","og_title":"Kundenbetreuung - Cambridge Vacuum Engineering","og_description":"Das CVE-Kundenserviceteam steht allen Kunden jederzeit zur Verf\u00fcgung, um sie bei Service- oder Kundendienstfragen zu unterst\u00fctzen, sei es bei Bedarf an Ersatzteilen, vorbeugenden Wartungsvertr\u00e4gen, Maschinenst\u00f6rungen, Ausf\u00e4llen oder Schulungen und Entwicklungen.","og_url":"https:\/\/camvaceng.com\/de\/ueber-uns\/kundenbetreuung\/","og_site_name":"Cambridge Vacuum Engineering","article_modified_time":"2023-05-19T09:13:31+00:00","og_image":[{"width":2560,"height":1695,"url":"https:\/\/camvaceng.com\/wp-content\/uploads\/2021\/03\/About-Us-Customer-Support-Breakdown-Repairs-scaled.jpg","type":"image\/jpeg"}],"twitter_card":"summary_large_image","twitter_site":"@CamVacEng","twitter_misc":{"Gesch\u00e4tzte Lesezeit":"1\u00a0Minute"},"schema":{"@context":"https:\/\/schema.org","@graph":[{"@type":"WebPage","@id":"https:\/\/camvaceng.com\/de\/ueber-uns\/kundenbetreuung\/","url":"https:\/\/camvaceng.com\/de\/ueber-uns\/kundenbetreuung\/","name":"Kundenbetreuung - Cambridge Vacuum Engineering","isPartOf":{"@id":"https:\/\/camvaceng.com\/de\/#website"},"primaryImageOfPage":{"@id":"https:\/\/camvaceng.com\/de\/ueber-uns\/kundenbetreuung\/#primaryimage"},"image":{"@id":"https:\/\/camvaceng.com\/de\/ueber-uns\/kundenbetreuung\/#primaryimage"},"thumbnailUrl":"https:\/\/camvaceng.com\/wp-content\/uploads\/2021\/03\/About-Us-Customer-Support-Breakdown-Repairs-scaled.jpg","datePublished":"2021-02-23T11:11:10+00:00","dateModified":"2023-05-19T09:13:31+00:00","description":"Das CVE-Kundenserviceteam steht allen Kunden jederzeit zur Verf\u00fcgung, um sie bei Service- oder Kundendienstfragen zu unterst\u00fctzen, sei es bei Bedarf an Ersatzteilen, vorbeugenden Wartungsvertr\u00e4gen, Maschinenst\u00f6rungen, Ausf\u00e4llen oder Schulungen und Entwicklungen.","breadcrumb":{"@id":"https:\/\/camvaceng.com\/de\/ueber-uns\/kundenbetreuung\/#breadcrumb"},"inLanguage":"de","potentialAction":[{"@type":"ReadAction","target":["https:\/\/camvaceng.com\/de\/ueber-uns\/kundenbetreuung\/"]}]},{"@type":"ImageObject","inLanguage":"de","@id":"https:\/\/camvaceng.com\/de\/ueber-uns\/kundenbetreuung\/#primaryimage","url":"https:\/\/camvaceng.com\/wp-content\/uploads\/2021\/03\/About-Us-Customer-Support-Breakdown-Repairs-scaled.jpg","contentUrl":"https:\/\/camvaceng.com\/wp-content\/uploads\/2021\/03\/About-Us-Customer-Support-Breakdown-Repairs-scaled.jpg","width":2560,"height":1695},{"@type":"BreadcrumbList","@id":"https:\/\/camvaceng.com\/de\/ueber-uns\/kundenbetreuung\/#breadcrumb","itemListElement":[{"@type":"ListItem","position":1,"name":"Home","item":"https:\/\/camvaceng.com\/de\/"},{"@type":"ListItem","position":2,"name":"\u00dcber Uns","item":"https:\/\/camvaceng.com\/de\/ueber-uns\/"},{"@type":"ListItem","position":3,"name":"Kundenbetreuung"}]},{"@type":"WebSite","@id":"https:\/\/camvaceng.com\/de\/#website","url":"https:\/\/camvaceng.com\/de\/","name":"Cambridge Vacuum Engineering","description":"","publisher":{"@id":"https:\/\/camvaceng.com\/de\/#organization"},"potentialAction":[{"@type":"SearchAction","target":{"@type":"EntryPoint","urlTemplate":"https:\/\/camvaceng.com\/de\/?s={search_term_string}"},"query-input":{"@type":"PropertyValueSpecification","valueRequired":true,"valueName":"search_term_string"}}],"inLanguage":"de"},{"@type":"Organization","@id":"https:\/\/camvaceng.com\/de\/#organization","name":"Cambridge Vacuum Engineering","url":"https:\/\/camvaceng.com\/de\/","logo":{"@type":"ImageObject","inLanguage":"de","@id":"https:\/\/camvaceng.com\/de\/#\/schema\/logo\/image\/","url":"https:\/\/camvaceng.com\/wp-content\/uploads\/2021\/04\/CamVacEngRGB.jpg","contentUrl":"https:\/\/camvaceng.com\/wp-content\/uploads\/2021\/04\/CamVacEngRGB.jpg","width":1510,"height":807,"caption":"Cambridge Vacuum Engineering"},"image":{"@id":"https:\/\/camvaceng.com\/de\/#\/schema\/logo\/image\/"},"sameAs":["https:\/\/x.com\/CamVacEng","https:\/\/www.linkedin.com\/company\/20028971\/","https:\/\/www.youtube.com\/channel\/UCEKBjBKlxxfhIHoR22SD0Uw"]}]}},"_links":{"self":[{"href":"https:\/\/camvaceng.com\/de\/wp-json\/wp\/v2\/pages\/8120","targetHints":{"allow":["GET"]}}],"collection":[{"href":"https:\/\/camvaceng.com\/de\/wp-json\/wp\/v2\/pages"}],"about":[{"href":"https:\/\/camvaceng.com\/de\/wp-json\/wp\/v2\/types\/page"}],"author":[{"embeddable":true,"href":"https:\/\/camvaceng.com\/de\/wp-json\/wp\/v2\/users\/2"}],"replies":[{"embeddable":true,"href":"https:\/\/camvaceng.com\/de\/wp-json\/wp\/v2\/comments?post=8120"}],"version-history":[{"count":3,"href":"https:\/\/camvaceng.com\/de\/wp-json\/wp\/v2\/pages\/8120\/revisions"}],"predecessor-version":[{"id":8558,"href":"https:\/\/camvaceng.com\/de\/wp-json\/wp\/v2\/pages\/8120\/revisions\/8558"}],"up":[{"embeddable":true,"href":"https:\/\/camvaceng.com\/de\/wp-json\/wp\/v2\/pages\/8116"}],"wp:featuredmedia":[{"embeddable":true,"href":"https:\/\/camvaceng.com\/de\/wp-json\/wp\/v2\/media\/6539"}],"wp:attachment":[{"href":"https:\/\/camvaceng.com\/de\/wp-json\/wp\/v2\/media?parent=8120"}],"curies":[{"name":"wp","href":"https:\/\/api.w.org\/{rel}","templated":true}]}}